{"id":770265,"date":"2025-08-28T14:23:40","date_gmt":"2025-08-28T11:23:40","guid":{"rendered":"https:\/\/roveyayinevi.com.tr\/index.php\/urun\/gaf-ola-beri-gele\/"},"modified":"2026-04-15T03:36:36","modified_gmt":"2026-04-15T00:36:36","slug":"gaf-ola-beri-gele","status":"publish","type":"product","link":"https:\/\/roveyayinevi.com.tr\/index.php\/urun\/gaf-ola-beri-gele\/","title":{"rendered":"Gaf Ola Beri Gele"},"content":{"rendered":"<p>S\u00f6z her zaman u\u00e7maz, bazen gider koca bir \u00e7am\u0131 devirir.   Bir yakla\u015f\u0131ma g\u00f6re: \u201cKonu\u015fmak, insan\u0131n en b\u00fcy\u00fck cezalar\u0131ndand\u0131r!\u201d Hadi can\u0131m! E peki madem \u00f6yle, biz insanlar konu\u015fma yetene\u011fimizle lanetlendik,  dibini bulal\u0131m o zaman. \u201cGaf yapmak, pot k\u0131rmak\u201d temal\u0131 \u00f6yk\u00fclerde bulu\u015ftuk bu sefer. Kimimiz yapt\u0131\u011f\u0131 gaftan sonra ba\u015f\u0131n\u0131 \u00f6n\u00fcne e\u011fdi, kuyru\u011funu k\u0131st\u0131rd\u0131; kimimiz gayet pi\u015fkin bir \u015fekilde s\u0131r\u0131tmaya devam etti. \u00d6rnekleri her g\u00fcn medyada, haberlerde, gazetelerde&#8230;   Baz\u0131s\u0131 da bu kitapta. <\/p>\n","protected":false},"excerpt":{"rendered":"<p>S\u00f6z her zaman u\u00e7maz, bazen gider koca bir \u00e7am\u0131 devirir. Bir yakla\u015f\u0131ma g\u00f6re: \u201cKonu\u015fmak, insan\u0131n en b\u00fcy\u00fck cezalar\u0131ndand\u0131r!\u201d Hadi can\u0131m! E peki madem \u00f6yle, biz insanlar<span class=\"excerpt-hellip\"> [\u2026]<\/span><\/p>\n","protected":false},"featured_media":0,"template":"","meta":{"_monsterinsights_skip_tracking":false,"_monsterinsights_sitenote_active":false,"_monsterinsights_sitenote_note":"","_monsterinsights_sitenote_category":0},"product_brand":[],"product_cat":[12291,12711],"product_tag":[],"class_list":{"0":"post-770265","1":"product","2":"type-product","3":"status-publish","5":"product_cat-edebiyat","6":"product_cat-roman-oyku","7":"pa_cilt-ciltsiz","8":"pa_tur-kitap","9":"pa_yayinevi-destek-yayinlari","10":"pa_yazar-kolektif","12":"first","13":"instock","14":"sale","15":"shipping-taxable","16":"purchasable","17":"product-type-simple"},"_links":{"self":[{"href":"https:\/\/roveyayinevi.com.tr\/index.php\/wp-json\/wp\/v2\/product\/770265","targetHints":{"allow":["GET"]}}],"collection":[{"href":"https:\/\/roveyayinevi.com.tr\/index.php\/wp-json\/wp\/v2\/product"}],"about":[{"href":"https:\/\/roveyayinevi.com.tr\/index.php\/wp-json\/wp\/v2\/types\/product"}],"wp:attachment":[{"href":"https:\/\/roveyayinevi.com.tr\/index.php\/wp-json\/wp\/v2\/media?parent=770265"}],"wp:term":[{"taxonomy":"product_brand","embeddable":true,"href":"https:\/\/roveyayinevi.com.tr\/index.php\/wp-json\/wp\/v2\/product_brand?post=770265"},{"taxonomy":"product_cat","embeddable":true,"href":"https:\/\/roveyayinevi.com.tr\/index.php\/wp-json\/wp\/v2\/product_cat?post=770265"},{"taxonomy":"product_tag","embeddable":true,"href":"https:\/\/roveyayinevi.com.tr\/index.php\/wp-json\/wp\/v2\/product_tag?post=770265"}],"curies":[{"name":"wp","href":"https:\/\/api.w.org\/{rel}","templated":true}]}}