{"id":770264,"date":"2025-08-28T14:23:39","date_gmt":"2025-08-28T11:23:39","guid":{"rendered":"https:\/\/roveyayinevi.com.tr\/index.php\/urun\/karadeniz-kiyilari-tarih-ve-cografyasi-1817-1819\/"},"modified":"2026-04-15T03:36:36","modified_gmt":"2026-04-15T00:36:36","slug":"karadeniz-kiyilari-tarih-ve-cografyasi-1817-1819","status":"publish","type":"product","link":"https:\/\/roveyayinevi.com.tr\/index.php\/urun\/karadeniz-kiyilari-tarih-ve-cografyasi-1817-1819\/","title":{"rendered":"Karadeniz K\u0131y\u0131lar\u0131 Tarih ve Co\u011frafyas\u0131 (1817 &#8211; 1819)"},"content":{"rendered":"<p>P. Minas B\u0131j\u0131\u015fkyan, 15 Ekim 1777\u2019de Trabzon\u2019da do\u011fmu\u015ftur. Mikhitarist din adaml\u0131\u011f\u0131n\u0131n yan\u0131 s\u0131ra sanatla da u\u011fra\u015ft\u0131. Ancak onu belki de en me\u015fhur yapan 1817-1819 tarihleri aras\u0131nda g\u00f6revli olarak dola\u015ft\u0131\u011f\u0131 Karadeniz sahili hakk\u0131nda haz\u0131rlad\u0131\u011f\u0131 eserdir. Karadeniz K\u0131y\u0131lar\u0131 Tarih ve Co\u011frafyas\u0131 ad\u0131yla \u00fcnlenen bu eser onun gezi notlar\u0131ndan olu\u015fmaktad\u0131r.     B\u0131j\u0131\u015fkyan\u2019\u0131n kitab\u0131 sayesinde Karadeniz k\u0131y\u0131s\u0131ndaki \u015fehirlerin XIX. y\u00fczy\u0131l\u0131n ba\u015flar\u0131ndaki durumunun yan\u0131 s\u0131ra b\u00f6lgenin tarihi ve co\u011frafyas\u0131 hakk\u0131nda da ayr\u0131nt\u0131l\u0131 bilgi edinmek m\u00fcmk\u00fcnd\u00fcr. Yazar entelekt\u00fcel bir ki\u015fi olarak k\u0131y\u0131 \u015fehirleri hakk\u0131ndaki ayr\u0131nt\u0131l\u0131 g\u00f6zlemleri ile \u00e7a\u011fda\u015flar\u0131 aras\u0131nda fark edilir. \u0130\u00e7 b\u00f6lgelere dair kay\u0131tlar\u0131 ise sahilde kar\u015f\u0131la\u015ft\u0131\u011f\u0131 ki\u015filerden elde etti\u011fi bilgilerin derlemesidir ve ihtiyatla okunmal\u0131d\u0131r. \u2012 Prof. Dr. \u0130brahim Tellio\u011flu <\/p>\n","protected":false},"excerpt":{"rendered":"<p>P. Minas B\u0131j\u0131\u015fkyan, 15 Ekim 1777\u2019de Trabzon\u2019da do\u011fmu\u015ftur. Mikhitarist din adaml\u0131\u011f\u0131n\u0131n yan\u0131 s\u0131ra sanatla da u\u011fra\u015ft\u0131. Ancak onu belki de en me\u015fhur yapan 1817-1819 tarihleri aras\u0131nda<span class=\"excerpt-hellip\"> [\u2026]<\/span><\/p>\n","protected":false},"featured_media":0,"template":"","meta":{"_monsterinsights_skip_tracking":false,"_monsterinsights_sitenote_active":false,"_monsterinsights_sitenote_note":"","_monsterinsights_sitenote_category":0},"product_brand":[],"product_cat":[12304],"product_tag":[],"class_list":{"0":"post-770264","1":"product","2":"type-product","3":"status-publish","5":"product_cat-tarih","6":"pa_cilt-ciltsiz","7":"pa_tur-kitap","8":"pa_yayinevi-bilge-kultur-sanat","9":"pa_yazar-per-minas-bijiskyan","11":"first","12":"instock","13":"sale","14":"shipping-taxable","15":"purchasable","16":"product-type-simple"},"_links":{"self":[{"href":"https:\/\/roveyayinevi.com.tr\/index.php\/wp-json\/wp\/v2\/product\/770264","targetHints":{"allow":["GET"]}}],"collection":[{"href":"https:\/\/roveyayinevi.com.tr\/index.php\/wp-json\/wp\/v2\/product"}],"about":[{"href":"https:\/\/roveyayinevi.com.tr\/index.php\/wp-json\/wp\/v2\/types\/product"}],"wp:attachment":[{"href":"https:\/\/roveyayinevi.com.tr\/index.php\/wp-json\/wp\/v2\/media?parent=770264"}],"wp:term":[{"taxonomy":"product_brand","embeddable":true,"href":"https:\/\/roveyayinevi.com.tr\/index.php\/wp-json\/wp\/v2\/product_brand?post=770264"},{"taxonomy":"product_cat","embeddable":true,"href":"https:\/\/roveyayinevi.com.tr\/index.php\/wp-json\/wp\/v2\/product_cat?post=770264"},{"taxonomy":"product_tag","embeddable":true,"href":"https:\/\/roveyayinevi.com.tr\/index.php\/wp-json\/wp\/v2\/product_tag?post=770264"}],"curies":[{"name":"wp","href":"https:\/\/api.w.org\/{rel}","templated":true}]}}