{"id":770262,"date":"2025-08-28T14:23:35","date_gmt":"2025-08-28T11:23:35","guid":{"rendered":"https:\/\/roveyayinevi.com.tr\/index.php\/urun\/kotulerin-kaderi-yok-olmaktir-3\/"},"modified":"2026-04-15T03:36:36","modified_gmt":"2026-04-15T00:36:36","slug":"kotulerin-kaderi-yok-olmaktir-3","status":"publish","type":"product","link":"https:\/\/roveyayinevi.com.tr\/index.php\/urun\/kotulerin-kaderi-yok-olmaktir-3\/","title":{"rendered":"K\u00f6t\u00fclerin Kaderi Yok Olmakt\u0131r 3"},"content":{"rendered":"<p>Penelope, D\u00fck\u2019\u00fcn izni ile uzun zamandan sonra ilk kez \u00e7at\u0131 kat\u0131na \u00e7\u0131kar. Ancak pe\u015finden gelen Renald ile a\u011f\u0131z dala\u015f\u0131na girerler. O s\u0131rada Penelope bir s\u00fcredir i\u00e7inde besledi\u011fi \u00f6fkesini kusar.   Di\u011fer taraftan, Penelope\u2019ye yak\u0131nda ger\u00e7ekle\u015fecek av turnuvas\u0131na mutlaka kat\u0131lmas\u0131n\u0131 s\u00f6yleyen Calisto\u2019dan bir davetiye gelir. Penelope oldu\u00e7a gerilir.   Fakat saraya vard\u0131\u011f\u0131nda bekledi\u011finden \u00e7ok daha tehlikeli olaylar ortaya \u00e7\u0131kacakt\u0131r!&#8230; <\/p>\n","protected":false},"excerpt":{"rendered":"<p>Penelope, D\u00fck\u2019\u00fcn izni ile uzun zamandan sonra ilk kez \u00e7at\u0131 kat\u0131na \u00e7\u0131kar. Ancak pe\u015finden gelen Renald ile a\u011f\u0131z dala\u015f\u0131na girerler. O s\u0131rada Penelope bir s\u00fcredir i\u00e7inde<span class=\"excerpt-hellip\"> [\u2026]<\/span><\/p>\n","protected":false},"featured_media":0,"template":"","meta":{"_monsterinsights_skip_tracking":false,"_monsterinsights_sitenote_active":false,"_monsterinsights_sitenote_note":"","_monsterinsights_sitenote_category":0},"product_brand":[],"product_cat":[12416,12291],"product_tag":[],"class_list":{"0":"post-770262","1":"product","2":"type-product","3":"status-publish","5":"product_cat-cizgi-roman","6":"product_cat-edebiyat","7":"pa_cilt-ciltsiz","8":"pa_tur-kitap","9":"pa_yayinevi-athica-yayinlari","10":"pa_yazar-gwon-gyeoeul","12":"first","13":"instock","14":"sale","15":"shipping-taxable","16":"purchasable","17":"product-type-simple"},"_links":{"self":[{"href":"https:\/\/roveyayinevi.com.tr\/index.php\/wp-json\/wp\/v2\/product\/770262","targetHints":{"allow":["GET"]}}],"collection":[{"href":"https:\/\/roveyayinevi.com.tr\/index.php\/wp-json\/wp\/v2\/product"}],"about":[{"href":"https:\/\/roveyayinevi.com.tr\/index.php\/wp-json\/wp\/v2\/types\/product"}],"wp:attachment":[{"href":"https:\/\/roveyayinevi.com.tr\/index.php\/wp-json\/wp\/v2\/media?parent=770262"}],"wp:term":[{"taxonomy":"product_brand","embeddable":true,"href":"https:\/\/roveyayinevi.com.tr\/index.php\/wp-json\/wp\/v2\/product_brand?post=770262"},{"taxonomy":"product_cat","embeddable":true,"href":"https:\/\/roveyayinevi.com.tr\/index.php\/wp-json\/wp\/v2\/product_cat?post=770262"},{"taxonomy":"product_tag","embeddable":true,"href":"https:\/\/roveyayinevi.com.tr\/index.php\/wp-json\/wp\/v2\/product_tag?post=770262"}],"curies":[{"name":"wp","href":"https:\/\/api.w.org\/{rel}","templated":true}]}}