{"id":770260,"date":"2025-08-28T14:23:31","date_gmt":"2025-08-28T11:23:31","guid":{"rendered":"https:\/\/roveyayinevi.com.tr\/index.php\/urun\/ve-celige-su-verildi\/"},"modified":"2026-04-15T03:36:36","modified_gmt":"2026-04-15T00:36:36","slug":"ve-celige-su-verildi","status":"publish","type":"product","link":"https:\/\/roveyayinevi.com.tr\/index.php\/urun\/ve-celige-su-verildi\/","title":{"rendered":"Ve \u00c7eli\u011fe Su Verildi"},"content":{"rendered":"<p>Sosyalist ger\u00e7ek\u00e7i edebiyat\u0131n ba\u015fyap\u0131tlar\u0131ndan olan Ve \u00c7eli\u011fe Su Verildi, devrimci m\u00fccadelenin her cephesinde sava\u015fan, sadece d\u00fc\u015fmana de\u011fil kendi bedenine de direnen bir gen\u00e7 kom\u00fcnistin, Pavel Kor\u00e7agin\u2019in \u00f6yk\u00fcs\u00fcd\u00fcr. Okuldan at\u0131lan Pavel k\u00fc\u00e7\u00fck ya\u015fta \u00e7al\u0131\u015fmaya ba\u015flar ve kendi \u00e7ocuk d\u00fcnyas\u0131yla ilgisi olmayan, emek s\u00f6m\u00fcr\u00fcs\u00fc ve sosyal adaletsizlikle \u00f6r\u00fcl\u00fc bir hayatla tan\u0131\u015f\u0131r. \u00c7ocuk\u00e7a bir \u00f6fkeyle sa\u011fa sola savurdu\u011fu beceriksiz yumruklar, hayat\u0131na giren bir Bol\u015fevikle ger\u00e7ek hedefine y\u00f6nelecektir. Komsomol at\u00f6lyelerinde, \u00c7eka\u2019da, Parti komisyonlar\u0131nda ad\u0131m ad\u0131m \u00e7elikle\u015fti\u011fine tan\u0131k oldu\u011fumuz Kor\u00e7agin\u2019in aynas\u0131nda parti i\u00e7i tart\u0131\u015fmalar\u0131 da izleriz ama bundan da \u00f6nemli olarak Sovyetler\u2019i in\u015fa eden sosyalist ruha tan\u0131kl\u0131k ederiz. Nikolay Ostrovski\u2019nin (1904-1936) ya\u015fam\u0131ndan ta\u015f\u0131d\u0131\u011f\u0131 izlerle otobiyografik roman \u00f6zellikleri g\u00f6steren romanda, Kor\u00e7agin, yirmili ya\u015flar\u0131n\u0131n ba\u015f\u0131nda g\u00f6zlerini kaybedip fel\u00e7 ge\u00e7irene kadar aktif bir devrimci, bu amans\u0131z hastal\u0131klardan sonra insan\u00fcst\u00fc bir azimle hik\u00e2yesini anlatan bir romanc\u0131 olarak \u00e7\u0131kar kar\u015f\u0131m\u0131za. Devrimin b\u00fcy\u00fctt\u00fc\u011f\u00fc bu gen\u00e7, devrimci bilincin s\u0131n\u0131r tan\u0131mazl\u0131\u011f\u0131n\u0131n sembol\u00fc olacak, k\u0131sa s\u00fcrede milyonlarca okuyucuya ula\u015facakt\u0131r. \u00dclkemizde ve d\u00fcnyada on y\u0131llarca k\u0131salt\u0131lm\u0131\u015f olarak yay\u0131mlanan bu b\u00fcy\u00fck roman\u0131, Ostrovski Devlet M\u00fczesi\u2019nde bulunan el yaz\u0131l\u0131 n\u00fcshadan yararlan\u0131larak ger\u00e7ekle\u015ftirilen 1989 tarihli eksiksiz Rus\u00e7a bas\u0131mdan yap\u0131lan \u00e7eviriyle sunuyoruz. \u201cNikolay, karde\u015fim! Sana bu mektubu Krasnodar deposundan tan\u0131mad\u0131\u011f\u0131n bir tesviyeci yaz\u0131yor. Saat sabah\u0131n be\u015fi, bense b\u00fct\u00fcn gece senin Pavka\u2019y\u0131 okudum. B\u00fct\u00fcn d\u00fc\u015fmanlar\u0131n\u0131 dolma kalemle delik de\u015fik edecek kadar \u00e7ok sevdim onu. Dergiyi \u00f6yle bir delmi\u015fim ki \u015fimdi oturdum onu k\u00fct\u00fcphaneye nas\u0131l geri g\u00f6t\u00fcrece\u011fimi d\u00fc\u015f\u00fcn\u00fcyorum!\u201d <\/p>\n","protected":false},"excerpt":{"rendered":"<p>Sosyalist ger\u00e7ek\u00e7i edebiyat\u0131n ba\u015fyap\u0131tlar\u0131ndan olan Ve \u00c7eli\u011fe Su Verildi, devrimci m\u00fccadelenin her cephesinde sava\u015fan, sadece d\u00fc\u015fmana de\u011fil kendi bedenine de direnen bir gen\u00e7 kom\u00fcnistin, Pavel Kor\u00e7agin\u2019in<span class=\"excerpt-hellip\"> [\u2026]<\/span><\/p>\n","protected":false},"featured_media":0,"template":"","meta":{"_monsterinsights_skip_tracking":false,"_monsterinsights_sitenote_active":false,"_monsterinsights_sitenote_note":"","_monsterinsights_sitenote_category":0},"product_brand":[],"product_cat":[12291,13570],"product_tag":[],"class_list":{"0":"post-770260","1":"product","2":"type-product","3":"status-publish","5":"product_cat-edebiyat","6":"product_cat-rus-edebiyati","7":"pa_cilt-ciltsiz","8":"pa_tur-kitap","9":"pa_yayinevi-yordam-kitap","10":"pa_yazar-nikolay-ostrovski","12":"first","13":"instock","14":"sale","15":"shipping-taxable","16":"purchasable","17":"product-type-simple"},"_links":{"self":[{"href":"https:\/\/roveyayinevi.com.tr\/index.php\/wp-json\/wp\/v2\/product\/770260","targetHints":{"allow":["GET"]}}],"collection":[{"href":"https:\/\/roveyayinevi.com.tr\/index.php\/wp-json\/wp\/v2\/product"}],"about":[{"href":"https:\/\/roveyayinevi.com.tr\/index.php\/wp-json\/wp\/v2\/types\/product"}],"wp:attachment":[{"href":"https:\/\/roveyayinevi.com.tr\/index.php\/wp-json\/wp\/v2\/media?parent=770260"}],"wp:term":[{"taxonomy":"product_brand","embeddable":true,"href":"https:\/\/roveyayinevi.com.tr\/index.php\/wp-json\/wp\/v2\/product_brand?post=770260"},{"taxonomy":"product_cat","embeddable":true,"href":"https:\/\/roveyayinevi.com.tr\/index.php\/wp-json\/wp\/v2\/product_cat?post=770260"},{"taxonomy":"product_tag","embeddable":true,"href":"https:\/\/roveyayinevi.com.tr\/index.php\/wp-json\/wp\/v2\/product_tag?post=770260"}],"curies":[{"name":"wp","href":"https:\/\/api.w.org\/{rel}","templated":true}]}}