{"id":770259,"date":"2025-08-28T14:23:30","date_gmt":"2025-08-28T11:23:30","guid":{"rendered":"https:\/\/roveyayinevi.com.tr\/index.php\/urun\/genclerle-bas-basa-evrim\/"},"modified":"2026-04-15T03:36:36","modified_gmt":"2026-04-15T00:36:36","slug":"genclerle-bas-basa-evrim","status":"publish","type":"product","link":"https:\/\/roveyayinevi.com.tr\/index.php\/urun\/genclerle-bas-basa-evrim\/","title":{"rendered":"Gen\u00e7lerle Ba\u015f Ba\u015fa: Evrim"},"content":{"rendered":"<p>Gaye ve Deniz evrime merak salm\u0131\u015f olan doktor amcalar\u0131yla birlikte Viyana\u2019da \u00f6nce hayvanat bah\u00e7esini, sonra da d\u00fcnyan\u0131n en \u00f6nemli do\u011fa tarihi m\u00fczelerinden birini gezerek bilimin bu en heyecan verici konusu hakk\u0131nda enine boyuna konu\u015fuyorlar. Yery\u00fcz\u00fcnde ya\u015fam nas\u0131l ba\u015flad\u0131? Elin yap\u0131s\u0131 b\u00fct\u00fcn memelilerde benzer midir? Evrim nas\u0131l ger\u00e7ekle\u015fiyor? Mutasyon nedir? Biyoco\u011frafya ne demek? Neden erkek aslanlar\u0131n yelesi var? Peki ya zebralar\u0131n \u00e7izgileri neden? Ni\u00e7in baz\u0131 insanlar kulaklar\u0131n\u0131 oynatabiliyor? Evrimsel d\u00f6n\u00fc\u015f\u00fcm bireylerde olur mu? Genetik materyal nesiller aras\u0131nda nas\u0131l aktar\u0131l\u0131r? Dinozorlar yok olurken memeliler nas\u0131l hayatta kald\u0131? D\u00fcnyan\u0131n bir\u00e7ok yerinde dinozor fosili bulunurken neden T\u00fcrkiye\u2019de yok? \u0130nsan maymundan geldiyse neden h\u00e2l\u00e2 maymunlar var? Milyonlarca y\u0131ld\u0131r hi\u00e7 de\u011fi\u015fmeden varl\u0131\u011f\u0131n\u0131 s\u00fcrd\u00fcren canl\u0131lar var m\u0131? Evrim bilgisi ne i\u015fimize yarar? Evrim fikrini kabul etmekte neden zorlan\u0131l\u0131yor? Tamer Kaya ak\u0131c\u0131 bir diyalog bi\u00e7iminde kaleme ald\u0131\u011f\u0131 bu k\u00fc\u00e7\u00fck kitapta canl\u0131l\u0131\u011f\u0131n yery\u00fcz\u00fcnde en ilkel formlardan de\u011fi\u015ferek g\u00fcn\u00fcm\u00fcze gelmesinin g\u00f6rkemli hik\u00e2yesini her y\u00f6n\u00fcyle anlat\u0131yor. Evrimin yaln\u0131zca zengin biyolojik kan\u0131tlar\u0131na ve bilimsel olarak ke\u015ffine de\u011fil, toplumsal anlam\u0131na da de\u011finiyor. Gen\u00e7lerle Ba\u015f Ba\u015fa: Evrim, ya\u015fam\u0131n ve kendi kendisinin k\u00f6kenini \u00e7\u00f6zmek i\u00e7in insan\u0131n duydu\u011fu o t\u00fckenmek bilmez merak\u0131 okuruna hissettiren, daha fazlas\u0131n\u0131 \u00f6\u011frenmek i\u00e7in ilham veren bir kitap.   <\/p>\n","protected":false},"excerpt":{"rendered":"<p>Gaye ve Deniz evrime merak salm\u0131\u015f olan doktor amcalar\u0131yla birlikte Viyana\u2019da \u00f6nce hayvanat bah\u00e7esini, sonra da d\u00fcnyan\u0131n en \u00f6nemli do\u011fa tarihi m\u00fczelerinden birini gezerek bilimin bu<span class=\"excerpt-hellip\"> [\u2026]<\/span><\/p>\n","protected":false},"featured_media":0,"template":"","meta":{"_monsterinsights_skip_tracking":false,"_monsterinsights_sitenote_active":false,"_monsterinsights_sitenote_note":"","_monsterinsights_sitenote_category":0},"product_brand":[],"product_cat":[13005,37328],"product_tag":[],"class_list":{"0":"post-770259","1":"product","2":"type-product","3":"status-publish","5":"product_cat-bilim-muhendislik","6":"product_cat-diger-bilim-muhendislik","7":"pa_cilt-ciltsiz","8":"pa_tur-kitap","9":"pa_yayinevi-yordam-kitap","10":"pa_yazar-tamer-kaya","12":"first","13":"instock","14":"sale","15":"shipping-taxable","16":"purchasable","17":"product-type-simple"},"_links":{"self":[{"href":"https:\/\/roveyayinevi.com.tr\/index.php\/wp-json\/wp\/v2\/product\/770259","targetHints":{"allow":["GET"]}}],"collection":[{"href":"https:\/\/roveyayinevi.com.tr\/index.php\/wp-json\/wp\/v2\/product"}],"about":[{"href":"https:\/\/roveyayinevi.com.tr\/index.php\/wp-json\/wp\/v2\/types\/product"}],"wp:attachment":[{"href":"https:\/\/roveyayinevi.com.tr\/index.php\/wp-json\/wp\/v2\/media?parent=770259"}],"wp:term":[{"taxonomy":"product_brand","embeddable":true,"href":"https:\/\/roveyayinevi.com.tr\/index.php\/wp-json\/wp\/v2\/product_brand?post=770259"},{"taxonomy":"product_cat","embeddable":true,"href":"https:\/\/roveyayinevi.com.tr\/index.php\/wp-json\/wp\/v2\/product_cat?post=770259"},{"taxonomy":"product_tag","embeddable":true,"href":"https:\/\/roveyayinevi.com.tr\/index.php\/wp-json\/wp\/v2\/product_tag?post=770259"}],"curies":[{"name":"wp","href":"https:\/\/api.w.org\/{rel}","templated":true}]}}