{"id":770258,"date":"2025-08-28T14:23:29","date_gmt":"2025-08-28T11:23:29","guid":{"rendered":"https:\/\/roveyayinevi.com.tr\/index.php\/urun\/bir-hayalet-kol-geziyor\/"},"modified":"2026-04-15T03:36:36","modified_gmt":"2026-04-15T00:36:36","slug":"bir-hayalet-kol-geziyor","status":"publish","type":"product","link":"https:\/\/roveyayinevi.com.tr\/index.php\/urun\/bir-hayalet-kol-geziyor\/","title":{"rendered":"Bir Hayalet Kol Geziyor"},"content":{"rendered":"<p>1848\u2019de devrim dalgas\u0131 k\u0131tay\u0131 sarsarken, Marx ve Engels Avrupa\u2019da bir hayaletin kol gezdi\u011fini ilan etmi\u015fti: kom\u00fcnizm hayaleti. Bu hayalet bug\u00fcn geri d\u00f6nd\u00fc diyor China Mi\u00e9ville. Hakikaten de, neoliberal kapitalizmin elinde daha \u00f6l\u00fcmc\u00fcl hale gelen k\u00fcresel bir salg\u0131n\u0131n sarst\u0131\u011f\u0131, emperyalist sava\u015f borular\u0131n\u0131n \u00f6tt\u00fc\u011f\u00fc, \u015fehirlerin \u00fczerine geceler boyu bombalar\u0131n ya\u011fd\u0131\u011f\u0131, ekonomik bunal\u0131mlarla, \u0131rk\u00e7\u0131l\u0131kla, cinsel kimliklere sald\u0131r\u0131larla yorgun d\u00fc\u015fm\u00fc\u015f bir d\u00fcnyada aksi d\u00fc\u015f\u00fcn\u00fclebilir mi? \u00d6yleyse bug\u00fcn o hayaleti b\u00fcy\u00fctenlerin \u00e7a\u011fr\u0131s\u0131na bir kez daha kulak vermek gerek. \u0130\u015fte, Mi\u00e9ville de tam olarak bunu yap\u0131yor. Manifesto\u2019yu derinlemesine, bir dizi kayna\u011fa da ba\u015fvurarak irdeliyor ve onun insanl\u0131k tarihindeki en etkili siyasi belgeler aras\u0131nda ba\u015f\u0131 \u00e7ekti\u011fini savunuyor. Bir ba\u015fka Marksist ele\u015ftirmenin dedi\u011fi \u00fczere, \u201c\u00e7ok az metin tarihin seyrini Manifesto kadar de\u011fi\u015ftirmi\u015ftir\u201d ve t\u0131pk\u0131 1848\u2019de yay\u0131nland\u0131\u011f\u0131nda oldu\u011fu gibi, \u201ckom\u00fcnizmsiz antikom\u00fcnizm\u201din h\u00fck\u00fcm s\u00fcrd\u00fc\u011f\u00fc bug\u00fcn\u00fcn d\u00fcnyas\u0131nda da Manifesto birilerinin k\u00e2busu olmaya, birilerinin de umutlar\u0131n\u0131 canland\u0131rmaya devam ediyor. Kom\u00fcnist Manifesto\u2019nun tam metniyle birlikte sunulan ve bir k\u0131lavuz niteli\u011fi ta\u015f\u0131yan Bir Hayalet Kol Geziyor kesinlikle okumaya de\u011fer; Manifesto ile ilk kez tan\u0131\u015facak olanlar, devrimciler ve hatta en kat\u0131 antikom\u00fcnistler i\u00e7in bile\u2026 \u201cManifesto, k\u00f6kten \u2018itiraz\u2019\u0131, e\u015fi benzeri g\u00f6r\u00fclmemi\u015f zorlay\u0131c\u0131 \u00fcslubu, insan\u0131n g\u00f6zlerini ondan almas\u0131na engel olan s\u00fcr\u00fckleyicili\u011fi ve hatta avaz avaz hayk\u0131ran tipografisiyle t\u00fcr\u00fcn\u00fcn ana \u00f6rne\u011fi oldu; dahas\u0131, g\u00fcn\u00fcm\u00fczde de bu \u00f6zelli\u011fini koruyor.\u201d  <\/p>\n","protected":false},"excerpt":{"rendered":"<p>1848\u2019de devrim dalgas\u0131 k\u0131tay\u0131 sarsarken, Marx ve Engels Avrupa\u2019da bir hayaletin kol gezdi\u011fini ilan etmi\u015fti: kom\u00fcnizm hayaleti. Bu hayalet bug\u00fcn geri d\u00f6nd\u00fc diyor China Mi\u00e9ville. Hakikaten<span class=\"excerpt-hellip\"> [\u2026]<\/span><\/p>\n","protected":false},"featured_media":0,"template":"","meta":{"_monsterinsights_skip_tracking":false,"_monsterinsights_sitenote_active":false,"_monsterinsights_sitenote_note":"","_monsterinsights_sitenote_category":0},"product_brand":[],"product_cat":[12337],"product_tag":[],"class_list":{"0":"post-770258","1":"product","2":"type-product","3":"status-publish","5":"product_cat-politika-siyaset","6":"pa_cilt-ciltsiz","7":"pa_tur-kitap","8":"pa_yayinevi-yordam-kitap","9":"pa_yazar-china-mieville","11":"first","12":"instock","13":"sale","14":"shipping-taxable","15":"purchasable","16":"product-type-simple"},"_links":{"self":[{"href":"https:\/\/roveyayinevi.com.tr\/index.php\/wp-json\/wp\/v2\/product\/770258","targetHints":{"allow":["GET"]}}],"collection":[{"href":"https:\/\/roveyayinevi.com.tr\/index.php\/wp-json\/wp\/v2\/product"}],"about":[{"href":"https:\/\/roveyayinevi.com.tr\/index.php\/wp-json\/wp\/v2\/types\/product"}],"wp:attachment":[{"href":"https:\/\/roveyayinevi.com.tr\/index.php\/wp-json\/wp\/v2\/media?parent=770258"}],"wp:term":[{"taxonomy":"product_brand","embeddable":true,"href":"https:\/\/roveyayinevi.com.tr\/index.php\/wp-json\/wp\/v2\/product_brand?post=770258"},{"taxonomy":"product_cat","embeddable":true,"href":"https:\/\/roveyayinevi.com.tr\/index.php\/wp-json\/wp\/v2\/product_cat?post=770258"},{"taxonomy":"product_tag","embeddable":true,"href":"https:\/\/roveyayinevi.com.tr\/index.php\/wp-json\/wp\/v2\/product_tag?post=770258"}],"curies":[{"name":"wp","href":"https:\/\/api.w.org\/{rel}","templated":true}]}}