{"id":770257,"date":"2025-08-28T14:23:27","date_gmt":"2025-08-28T11:23:27","guid":{"rendered":"https:\/\/roveyayinevi.com.tr\/index.php\/urun\/hayatin-anlami-onun-bizden-ne-beklediginde-saklidir-viktor-e-frankl\/"},"modified":"2026-04-15T03:36:36","modified_gmt":"2026-04-15T00:36:36","slug":"hayatin-anlami-onun-bizden-ne-beklediginde-saklidir-viktor-e-frankl","status":"publish","type":"product","link":"https:\/\/roveyayinevi.com.tr\/index.php\/urun\/hayatin-anlami-onun-bizden-ne-beklediginde-saklidir-viktor-e-frankl\/","title":{"rendered":"Hayat\u0131n Anlam\u0131 Onun Bizden Ne Bekledi\u011finde Sakl\u0131d\u0131r \u2013 Viktor E. Frankl"},"content":{"rendered":"<p>\u201cYa\u015famak i\u00e7in bir nedeni olan ki\u015fi, hemen her \u2018nas\u0131l\u2019a katlan\u0131r.\u201d \u2013 Nietzsche   \u0130kinci D\u00fcnya Sava\u015f\u0131 olanca karanl\u0131\u011f\u0131yla bast\u0131rd\u0131\u011f\u0131nda milyonlarca insan ac\u0131 dolu g\u00fcnlere mahk\u00fbm edildi.   O insanlardan birisi sadece hayatta kalman\u0131n \u00f6tesine ge\u00e7ti. Bu ki\u015fi Viktor E. Frankl\u2019d\u0131. Frankl\u2019\u0131n hik\u00e2yesi, yaln\u0131zca bir ya\u015fama tutunma \u00f6yk\u00fcs\u00fc de\u011fil. O, ac\u0131n\u0131n i\u00e7inde dahi insan olabilmenin, bir ama\u00e7la ve onurlu bir \u015fekilde ya\u015fayabilmenin m\u00fcmk\u00fcn oldu\u011funu bizlere kan\u0131tlad\u0131. Nazi kamplar\u0131n\u0131n deh\u015feti alt\u0131nda, sevdiklerini kaybetmi\u015f, \u00f6zg\u00fcrl\u00fc\u011f\u00fcnden mahrum edilmi\u015f biri olarak, insan\u0131n elinden al\u0131namayacak tek \u015feyin \u201ctutumunu se\u00e7me \u00f6zg\u00fcrl\u00fc\u011f\u00fc\u201d oldu\u011funu bize g\u00f6sterdi. \u00d6zg\u00fcrl\u00fc\u011f\u00fcne kavu\u015ftuktan sonra logoterapi ekol\u00fcyle t\u00fcm d\u00fcnyada milyonlarca insana umut oldu. Viktor E. Frankl\u2019\u0131n \u00e7a\u011fr\u0131s\u0131 bug\u00fcn anlams\u0131zl\u0131k \u00e7a\u011f\u0131nda bir \u0131\u015f\u0131k oluyor. Bizleri \u00f6\u011f\u00fctleriyle anlam \u00fcretmeye, hayat\u0131n kumlar\u0131nda b\u0131rakt\u0131\u011f\u0131m\u0131z \u00f6l\u00fcms\u00fcz ayak izlerinin sorumlulu\u011funu almaya ve insan olman\u0131n gerekliliklerini yeniden hat\u0131rlamaya \u00e7a\u011f\u0131r\u0131yor. <\/p>\n","protected":false},"excerpt":{"rendered":"<p>\u201cYa\u015famak i\u00e7in bir nedeni olan ki\u015fi, hemen her \u2018nas\u0131l\u2019a katlan\u0131r.\u201d \u2013 Nietzsche \u0130kinci D\u00fcnya Sava\u015f\u0131 olanca karanl\u0131\u011f\u0131yla bast\u0131rd\u0131\u011f\u0131nda milyonlarca insan ac\u0131 dolu g\u00fcnlere mahk\u00fbm edildi. O<span class=\"excerpt-hellip\"> [\u2026]<\/span><\/p>\n","protected":false},"featured_media":0,"template":"","meta":{"_monsterinsights_skip_tracking":false,"_monsterinsights_sitenote_active":false,"_monsterinsights_sitenote_note":"","_monsterinsights_sitenote_category":0},"product_brand":[],"product_cat":[20351,12388],"product_tag":[],"class_list":{"0":"post-770257","1":"product","2":"type-product","3":"status-publish","5":"product_cat-dusunce","6":"product_cat-felsefe","7":"pa_cilt-ciltsiz","8":"pa_tur-kitap","9":"pa_yayinevi-destek-yayinlari","10":"pa_yazar-kolektif","12":"first","13":"instock","14":"sale","15":"shipping-taxable","16":"purchasable","17":"product-type-simple"},"_links":{"self":[{"href":"https:\/\/roveyayinevi.com.tr\/index.php\/wp-json\/wp\/v2\/product\/770257","targetHints":{"allow":["GET"]}}],"collection":[{"href":"https:\/\/roveyayinevi.com.tr\/index.php\/wp-json\/wp\/v2\/product"}],"about":[{"href":"https:\/\/roveyayinevi.com.tr\/index.php\/wp-json\/wp\/v2\/types\/product"}],"wp:attachment":[{"href":"https:\/\/roveyayinevi.com.tr\/index.php\/wp-json\/wp\/v2\/media?parent=770257"}],"wp:term":[{"taxonomy":"product_brand","embeddable":true,"href":"https:\/\/roveyayinevi.com.tr\/index.php\/wp-json\/wp\/v2\/product_brand?post=770257"},{"taxonomy":"product_cat","embeddable":true,"href":"https:\/\/roveyayinevi.com.tr\/index.php\/wp-json\/wp\/v2\/product_cat?post=770257"},{"taxonomy":"product_tag","embeddable":true,"href":"https:\/\/roveyayinevi.com.tr\/index.php\/wp-json\/wp\/v2\/product_tag?post=770257"}],"curies":[{"name":"wp","href":"https:\/\/api.w.org\/{rel}","templated":true}]}}