{"id":770256,"date":"2025-08-28T14:23:25","date_gmt":"2025-08-28T11:23:25","guid":{"rendered":"https:\/\/roveyayinevi.com.tr\/index.php\/urun\/iddiayla-baslayan-veda-aski-3\/"},"modified":"2026-04-15T03:36:36","modified_gmt":"2026-04-15T00:36:36","slug":"iddiayla-baslayan-veda-aski-3","status":"publish","type":"product","link":"https:\/\/roveyayinevi.com.tr\/index.php\/urun\/iddiayla-baslayan-veda-aski-3\/","title":{"rendered":"\u0130ddiayla Ba\u015flayan Veda A\u015fk\u0131 3"},"content":{"rendered":"<p>&#8220;HER \u015eEY \u0130\u00c7\u0130N TE\u015eEKK\u00dcR EDER\u0130M. HO\u015e\u00c7A KAL&#8221;   Nao, Satomuralar\u2019la kamptan d\u00f6nd\u00fckten sonra son bir randevuyla hislerine nokta koymaya karar verir. Ve beklenen g\u00fcn gelir.   Vedala\u015fmam\u0131z gerekti\u011fini biliyordum.   \u0130ddiayla ba\u015flayan veda a\u015fk\u0131n\u0131n sonu. <\/p>\n","protected":false},"excerpt":{"rendered":"<p>&#8220;HER \u015eEY \u0130\u00c7\u0130N TE\u015eEKK\u00dcR EDER\u0130M. HO\u015e\u00c7A KAL&#8221; Nao, Satomuralar\u2019la kamptan d\u00f6nd\u00fckten sonra son bir randevuyla hislerine nokta koymaya karar verir. Ve beklenen g\u00fcn gelir. Vedala\u015fmam\u0131z gerekti\u011fini<span class=\"excerpt-hellip\"> [\u2026]<\/span><\/p>\n","protected":false},"featured_media":0,"template":"","meta":{"_monsterinsights_skip_tracking":false,"_monsterinsights_sitenote_active":false,"_monsterinsights_sitenote_note":"","_monsterinsights_sitenote_category":0},"product_brand":[],"product_cat":[12416,12291],"product_tag":[],"class_list":{"0":"post-770256","1":"product","2":"type-product","3":"status-publish","5":"product_cat-cizgi-roman","6":"product_cat-edebiyat","7":"pa_cilt-ciltsiz","8":"pa_tur-kitap","9":"pa_yayinevi-athica-yayinlari","10":"pa_yazar-men-watanuki","12":"first","13":"instock","14":"sale","15":"shipping-taxable","16":"purchasable","17":"product-type-simple"},"_links":{"self":[{"href":"https:\/\/roveyayinevi.com.tr\/index.php\/wp-json\/wp\/v2\/product\/770256","targetHints":{"allow":["GET"]}}],"collection":[{"href":"https:\/\/roveyayinevi.com.tr\/index.php\/wp-json\/wp\/v2\/product"}],"about":[{"href":"https:\/\/roveyayinevi.com.tr\/index.php\/wp-json\/wp\/v2\/types\/product"}],"wp:attachment":[{"href":"https:\/\/roveyayinevi.com.tr\/index.php\/wp-json\/wp\/v2\/media?parent=770256"}],"wp:term":[{"taxonomy":"product_brand","embeddable":true,"href":"https:\/\/roveyayinevi.com.tr\/index.php\/wp-json\/wp\/v2\/product_brand?post=770256"},{"taxonomy":"product_cat","embeddable":true,"href":"https:\/\/roveyayinevi.com.tr\/index.php\/wp-json\/wp\/v2\/product_cat?post=770256"},{"taxonomy":"product_tag","embeddable":true,"href":"https:\/\/roveyayinevi.com.tr\/index.php\/wp-json\/wp\/v2\/product_tag?post=770256"}],"curies":[{"name":"wp","href":"https:\/\/api.w.org\/{rel}","templated":true}]}}