{"id":770255,"date":"2025-08-28T14:23:22","date_gmt":"2025-08-28T11:23:22","guid":{"rendered":"https:\/\/roveyayinevi.com.tr\/index.php\/urun\/edebi-cografya\/"},"modified":"2026-04-15T03:36:36","modified_gmt":"2026-04-15T00:36:36","slug":"edebi-cografya","status":"publish","type":"product","link":"https:\/\/roveyayinevi.com.tr\/index.php\/urun\/edebi-cografya\/","title":{"rendered":"Edebi Co\u011frafya"},"content":{"rendered":"<p>Sheila Hones, Edeb\u00ee Co\u011frafya kitab\u0131nda, edebiyat ve co\u011frafyan\u0131n kesi\u015fimindeki bu yarat\u0131c\u0131 disiplini ele al\u0131yor. Edebiyat tarihinin vazge\u00e7ilmez bir boyutu h\u00e2line gelen \u201cedeb\u00ee co\u011frafya\u201d kavram\u0131na odaklanan kitap, haritalama, mek\u00e2nsall\u0131k ve hayali co\u011frafyalar gibi konular\u0131 derinlemesine inceliyor. Co\u011frafya ve edebiyat disiplinlerinin kesi\u015fiminde yer alan bu eser, \u201cyak\u0131n\u201d ve \u201cuzak\u201d okuma tan\u0131mlar\u0131 \u00fczerinden, disiplinler aras\u0131 \u00e7al\u0131\u015fmalar\u0131n kavramlara getirdi\u011fi yenilik\u00e7i bak\u0131\u015f a\u00e7\u0131lar\u0131n\u0131 da sorguluyor. 19. y\u00fczy\u0131ldan g\u00fcn\u00fcm\u00fcze edeb\u00ee metinlerle yap\u0131lan co\u011frafi \u00e7al\u0131\u015fmalar\u0131 ele al\u0131rken, temel terim ve kavramlara dair kapsaml\u0131 bir analiz sunuyor. Edeb\u00ee Co\u011frafya, hem edebiyat ara\u015ft\u0131rmac\u0131lar\u0131 hem de co\u011frafyac\u0131lar i\u00e7in s\u00f6zc\u00fcklerin d\u00fcnyas\u0131yla mek\u00e2n\u0131n haritas\u0131n\u0131 bir araya getirerek disiplinlerin s\u0131n\u0131rlar\u0131n\u0131 a\u015fan e\u015fsiz bir kaynak. Edebiyat\u0131n mek\u00e2n\u0131 nas\u0131l \u015fekillendirdi\u011fini ve mek\u00e2n\u0131n edebiyat \u00fczerindeki etkilerini ke\u015ffetmek isteyen okurlar i\u00e7in bu kitap, Vak\u0131fBank K\u00fclt\u00fcr Yay\u0131nlar\u0131 etiketiyle raflarda! <\/p>\n","protected":false},"excerpt":{"rendered":"<p>Sheila Hones, Edeb\u00ee Co\u011frafya kitab\u0131nda, edebiyat ve co\u011frafyan\u0131n kesi\u015fimindeki bu yarat\u0131c\u0131 disiplini ele al\u0131yor. Edebiyat tarihinin vazge\u00e7ilmez bir boyutu h\u00e2line gelen \u201cedeb\u00ee co\u011frafya\u201d kavram\u0131na odaklanan kitap,<span class=\"excerpt-hellip\"> [\u2026]<\/span><\/p>\n","protected":false},"featured_media":0,"template":"","meta":{"_monsterinsights_skip_tracking":false,"_monsterinsights_sitenote_active":false,"_monsterinsights_sitenote_note":"","_monsterinsights_sitenote_category":0},"product_brand":[],"product_cat":[12291],"product_tag":[],"class_list":{"0":"post-770255","1":"product","2":"type-product","3":"status-publish","5":"product_cat-edebiyat","6":"pa_cilt-ciltsiz","7":"pa_tur-kitap","8":"pa_yayinevi-vakifbank-kultur-yayinlari","9":"pa_yazar-sheila-hones","11":"first","12":"instock","13":"sale","14":"shipping-taxable","15":"purchasable","16":"product-type-simple"},"_links":{"self":[{"href":"https:\/\/roveyayinevi.com.tr\/index.php\/wp-json\/wp\/v2\/product\/770255","targetHints":{"allow":["GET"]}}],"collection":[{"href":"https:\/\/roveyayinevi.com.tr\/index.php\/wp-json\/wp\/v2\/product"}],"about":[{"href":"https:\/\/roveyayinevi.com.tr\/index.php\/wp-json\/wp\/v2\/types\/product"}],"wp:attachment":[{"href":"https:\/\/roveyayinevi.com.tr\/index.php\/wp-json\/wp\/v2\/media?parent=770255"}],"wp:term":[{"taxonomy":"product_brand","embeddable":true,"href":"https:\/\/roveyayinevi.com.tr\/index.php\/wp-json\/wp\/v2\/product_brand?post=770255"},{"taxonomy":"product_cat","embeddable":true,"href":"https:\/\/roveyayinevi.com.tr\/index.php\/wp-json\/wp\/v2\/product_cat?post=770255"},{"taxonomy":"product_tag","embeddable":true,"href":"https:\/\/roveyayinevi.com.tr\/index.php\/wp-json\/wp\/v2\/product_tag?post=770255"}],"curies":[{"name":"wp","href":"https:\/\/api.w.org\/{rel}","templated":true}]}}