{"id":770253,"date":"2025-08-28T14:23:18","date_gmt":"2025-08-28T11:23:18","guid":{"rendered":"https:\/\/roveyayinevi.com.tr\/index.php\/urun\/mehlika-hanim-ailesi\/"},"modified":"2025-11-20T11:25:41","modified_gmt":"2025-11-20T08:25:41","slug":"mehlika-hanim-ailesi","status":"publish","type":"product","link":"https:\/\/roveyayinevi.com.tr\/index.php\/urun\/mehlika-hanim-ailesi\/","title":{"rendered":"Mehlika Han\u0131m Ailesi"},"content":{"rendered":"<p>Nahir S\u0131rr\u0131\u2019n\u0131n 1959\u2019da, vefat\u0131ndan bir y\u0131l \u00f6nce kaleme al\u0131p Tahir Alangu\u2019ya emanet etti\u011fi, y\u0131llarca \u00e7ekmecelerde kalan son roman\u0131 Mehlika Han\u0131m Ailesi\u2019ni okurlar\u0131m\u0131zla bulu\u015fturman\u0131n sevinci i\u00e7indeyiz! Nahid S\u0131rr\u0131, Mehlika Han\u0131m Ailesi\u2019nde, Osmanl\u0131 d\u00f6neminde servet sahibiyken Cumhuriyet\u2019ten sonra imtiyazlar\u0131n\u0131 yitiren ailelerden birinin hayat\u0131ndan ilgin\u00e7 bir kesiti hik\u00e2ye eder. Ailenin annesi Mehlika Han\u0131m itibar ve servet kayb\u0131yla bunalmakta; e\u015fi \u015eevket Bey t\u00fcm g\u00fcn kahvede oturmakta, o\u011fullar\u0131n\u0131n biri okula gidip gelmekte, di\u011feriyse \u015ei\u015fli\u2019de g\u00f6n\u00fcl ili\u015fkisi kurdu\u011fu bir kad\u0131ndan ald\u0131\u011f\u0131 har\u00e7l\u0131klarla ya\u015famaktad\u0131r. \u015eevket Bey\u2019i tesad\u00fcfen g\u00f6ren Akademi \u00f6\u011frencisi Ne\u015f\u00eede\u2019nin, onun \u201cbir eski \u015eark dilencisi\u201d olarak resmini \u00e7izmek istemesi ailenin \u00e7ehresini de\u011fi\u015ftirir. Mehlika Han\u0131m, bu oryantalist imgeyi bu denli yans\u0131tan kocas\u0131n\u0131n ger\u00e7ekten dilencilik yapabilece\u011fini d\u00fc\u015f\u00fcnmeye ba\u015flar\u2026 Mehlika Han\u0131m\u2019\u0131n ailesiyle ayn\u0131 s\u0131n\u0131fa mensup olan Nahid S\u0131rr\u0131, i\u00e7inde bulundu\u011fu z\u00fcmrenin sosyolojisini, dilencilik yaparak eski ihti\u015faml\u0131 g\u00fcnlerine yakla\u015fabilece\u011fi hissine kap\u0131lan bir eski Osmanl\u0131 ailesinin ya\u015fad\u0131\u011f\u0131 d\u00f6n\u00fc\u015f\u00fcm ve yabanc\u0131la\u015fma \u00fczerinden, kendi hayat\u0131ndan deneyimlerin yan\u0131nda resim sanat\u0131na y\u00f6nelik ele\u015ftirel bir bak\u0131\u015fla kurgular. Ciddi bir resim koleksiyonuna sahip olan, resim sanat\u0131na dair pek \u00e7ok yaz\u0131s\u0131 da bulunan Nahid S\u0131rr\u0131, bu romanda oryantalizmin kli\u015felerini sadece kullanmakla kalmaz, keskin ironisiyle e\u011fip b\u00fcker. Mehlika Han\u0131m Ailesi Nahid S\u0131rr\u0131\u2019n\u0131n benzersiz kaleminden \u00e7\u0131kan unutulmaz karakterleriyle, \u0130stanbul\u2019un ve d\u00f6nemin ruhunun mizahla \u00f6r\u00fcl\u00fc, derin bir portresini sunuyor.<\/p>\n","protected":false},"excerpt":{"rendered":"<p>Nahir S\u0131rr\u0131\u2019n\u0131n 1959\u2019da, vefat\u0131ndan bir y\u0131l \u00f6nce kaleme al\u0131p Tahir Alangu\u2019ya emanet etti\u011fi, y\u0131llarca \u00e7ekmecelerde kalan son roman\u0131 Mehlika Han\u0131m Ailesi\u2019ni okurlar\u0131m\u0131zla bulu\u015fturman\u0131n sevinci i\u00e7indeyiz! Nahid<span class=\"excerpt-hellip\"> [\u2026]<\/span><\/p>\n","protected":false},"featured_media":0,"template":"","meta":{"_monsterinsights_skip_tracking":false,"_monsterinsights_sitenote_active":false,"_monsterinsights_sitenote_note":"","_monsterinsights_sitenote_category":0},"product_brand":[],"product_cat":[12291,12711],"product_tag":[],"class_list":{"0":"post-770253","1":"product","2":"type-product","3":"status-publish","5":"product_cat-edebiyat","6":"product_cat-roman-oyku","7":"pa_cilt-ciltsiz","8":"pa_tur-kitap","9":"pa_yayinevi-everest-yayinlari","10":"pa_yazar-nahid-sirri-orik","12":"first","13":"instock","14":"sale","15":"shipping-taxable","16":"purchasable","17":"product-type-simple"},"_links":{"self":[{"href":"https:\/\/roveyayinevi.com.tr\/index.php\/wp-json\/wp\/v2\/product\/770253","targetHints":{"allow":["GET"]}}],"collection":[{"href":"https:\/\/roveyayinevi.com.tr\/index.php\/wp-json\/wp\/v2\/product"}],"about":[{"href":"https:\/\/roveyayinevi.com.tr\/index.php\/wp-json\/wp\/v2\/types\/product"}],"wp:attachment":[{"href":"https:\/\/roveyayinevi.com.tr\/index.php\/wp-json\/wp\/v2\/media?parent=770253"}],"wp:term":[{"taxonomy":"product_brand","embeddable":true,"href":"https:\/\/roveyayinevi.com.tr\/index.php\/wp-json\/wp\/v2\/product_brand?post=770253"},{"taxonomy":"product_cat","embeddable":true,"href":"https:\/\/roveyayinevi.com.tr\/index.php\/wp-json\/wp\/v2\/product_cat?post=770253"},{"taxonomy":"product_tag","embeddable":true,"href":"https:\/\/roveyayinevi.com.tr\/index.php\/wp-json\/wp\/v2\/product_tag?post=770253"}],"curies":[{"name":"wp","href":"https:\/\/api.w.org\/{rel}","templated":true}]}}