{"id":770251,"date":"2025-08-28T14:23:13","date_gmt":"2025-08-28T11:23:13","guid":{"rendered":"https:\/\/roveyayinevi.com.tr\/index.php\/urun\/bugun-bana-mektup-getirmediler\/"},"modified":"2026-04-15T03:36:36","modified_gmt":"2026-04-15T00:36:36","slug":"bugun-bana-mektup-getirmediler","status":"publish","type":"product","link":"https:\/\/roveyayinevi.com.tr\/index.php\/urun\/bugun-bana-mektup-getirmediler\/","title":{"rendered":"Bug\u00fcn Bana Mektup Getirmediler"},"content":{"rendered":"<p>20. y\u00fczy\u0131l Rus edebiyat\u0131n\u0131n en \u00f6nemli \u015fairlerinden say\u0131lan Anna Ahmatova\u2019n\u0131n \u015fiirlerinde a\u015fk, ayr\u0131l\u0131k, yaln\u0131zl\u0131k, hasret, umut, \u00f6l\u00fcm kavramlar\u0131 bamba\u015fka bir tonlamayla kar\u015f\u0131l\u0131k bulur ve okuru derin bir duyguyla sarsar. Ahmatova\u2019ya g\u00f6re \u015fiir ya\u015fam\u0131n bir yans\u0131mas\u0131 olmal\u0131d\u0131r; bu g\u00f6r\u00fc\u015f, onun \u015fiirlerini \u00f6z\u00fcmseyebilmek i\u00e7in de ya\u015fam\u0131na tan\u0131k olmaya davet eder: Yorucu ayr\u0131l\u0131klar ya\u015fayan bir kad\u0131n, kocas\u0131n\u0131n ilgisine hasret bir e\u015f, cezaevi kap\u0131lar\u0131nda evlat yolu g\u00f6zleyen bir anne, \u00fclkesinin gelece\u011fi i\u00e7in kayg\u0131lanan bir yurtta\u015f, s\u00fcrg\u00fcne ve sans\u00fcre mahk\u00fbm edilmi\u015f bir \u015fair dola\u015f\u0131r m\u0131sralar\u0131nda. Ge\u00e7mi\u015fin ac\u0131 hat\u0131ralar\u0131n\u0131 ve gelece\u011fe dair belirsizli\u011fi bir araya getiren bu zamans\u0131z m\u0131sralar Ahmatova\u2019n\u0131n varolu\u015fa dair sorular\u0131n\u0131 umut ilkesinin i\u00e7inden g\u00f6sterir. Boris Eyhenbaum\u2019un ifadesiyle, \u201cAhmatova\u2019n\u0131n \u015fiiri sohbet havas\u0131ndad\u0131r, dar bir \u00e7evrede bir araya gelen insanlar\u0131n aras\u0131nda ge\u00e7en samimi bir muhabbet gibidir, anlat\u0131lmay\u0131 bekler.\u201d<\/p>\n","protected":false},"excerpt":{"rendered":"<p>20. y\u00fczy\u0131l Rus edebiyat\u0131n\u0131n en \u00f6nemli \u015fairlerinden say\u0131lan Anna Ahmatova\u2019n\u0131n \u015fiirlerinde a\u015fk, ayr\u0131l\u0131k, yaln\u0131zl\u0131k, hasret, umut, \u00f6l\u00fcm kavramlar\u0131 bamba\u015fka bir tonlamayla kar\u015f\u0131l\u0131k bulur ve okuru derin<span class=\"excerpt-hellip\"> [\u2026]<\/span><\/p>\n","protected":false},"featured_media":0,"template":"","meta":{"_monsterinsights_skip_tracking":false,"_monsterinsights_sitenote_active":false,"_monsterinsights_sitenote_note":"","_monsterinsights_sitenote_category":0},"product_brand":[],"product_cat":[12291,18202],"product_tag":[],"class_list":{"0":"post-770251","1":"product","2":"type-product","3":"status-publish","5":"product_cat-edebiyat","6":"product_cat-hikaye","7":"pa_cilt-ciltsiz","8":"pa_tur-kitap","9":"pa_yayinevi-everest-yayinlari","10":"pa_yazar-anna-ahmatova","12":"first","13":"instock","14":"sale","15":"shipping-taxable","16":"purchasable","17":"product-type-simple"},"_links":{"self":[{"href":"https:\/\/roveyayinevi.com.tr\/index.php\/wp-json\/wp\/v2\/product\/770251","targetHints":{"allow":["GET"]}}],"collection":[{"href":"https:\/\/roveyayinevi.com.tr\/index.php\/wp-json\/wp\/v2\/product"}],"about":[{"href":"https:\/\/roveyayinevi.com.tr\/index.php\/wp-json\/wp\/v2\/types\/product"}],"wp:attachment":[{"href":"https:\/\/roveyayinevi.com.tr\/index.php\/wp-json\/wp\/v2\/media?parent=770251"}],"wp:term":[{"taxonomy":"product_brand","embeddable":true,"href":"https:\/\/roveyayinevi.com.tr\/index.php\/wp-json\/wp\/v2\/product_brand?post=770251"},{"taxonomy":"product_cat","embeddable":true,"href":"https:\/\/roveyayinevi.com.tr\/index.php\/wp-json\/wp\/v2\/product_cat?post=770251"},{"taxonomy":"product_tag","embeddable":true,"href":"https:\/\/roveyayinevi.com.tr\/index.php\/wp-json\/wp\/v2\/product_tag?post=770251"}],"curies":[{"name":"wp","href":"https:\/\/api.w.org\/{rel}","templated":true}]}}