{"id":770247,"date":"2025-08-28T14:23:04","date_gmt":"2025-08-28T11:23:04","guid":{"rendered":"https:\/\/roveyayinevi.com.tr\/index.php\/urun\/dunyadan-yansimalar-2-calismak-ve-yasamak\/"},"modified":"2026-04-12T03:27:39","modified_gmt":"2026-04-12T00:27:39","slug":"dunyadan-yansimalar-2-calismak-ve-yasamak","status":"publish","type":"product","link":"https:\/\/roveyayinevi.com.tr\/index.php\/urun\/dunyadan-yansimalar-2-calismak-ve-yasamak\/","title":{"rendered":"D\u00fcnyadan Yans\u0131malar 2: \u00c7al\u0131\u015fmak ve Ya\u015famak"},"content":{"rendered":"<p>\u00c7al\u0131\u015fmak i\u00e7in mi ya\u015famal\u0131 yoksa ya\u015famak i\u00e7in mi \u00e7al\u0131\u015fmal\u0131? Frans\u0131z \u00e7izer Fabien Toulm\u00e9, varolu\u015f\u00e7u bir bak\u0131\u015f a\u00e7\u0131s\u0131yla tasarlad\u0131\u011f\u0131 &#8221;D\u00fcnyadan Yans\u0131malar&#8221; adl\u0131 serisinin ikinci halkas\u0131 \u00c7al\u0131\u015fmak ve Ya\u015famak&#8217;ta, pandemi sonras\u0131nda \u00e2deta yeniden tan\u0131mlanan \u00e7al\u0131\u015fma ve i\u015f k\u00fclt\u00fcr\u00fcn\u00fcn farkl\u0131 toplumalar \u00fczerindeki yans\u0131malar\u0131na dikkat \u00e7ekiyor.  Sistem ma\u011fdurlar\u0131n\u0131n ve onu de\u011fi\u015ftirmek i\u00e7in m\u00fccadele edenlerin pe\u015finde usta bir belgeselci gibi iz s\u00fcren sanat\u00e7\u0131; k\u0131talararas\u0131 yolculuklar ve bire bir g\u00f6r\u00fc\u015fmelerle bi\u00e7imlendirdi\u011fi \u00e7izgilerini \u015fimdi de Teksas, Kore ve Komor Adalar\u0131&#8217;nda konu\u015fturuyor. Farkl\u0131 ku\u015faklardan ve s\u0131n\u0131flardan \u00e7al\u0131\u015fanlar\u0131n i\u015f-\u00f6zel ya\u015fam dengesine odaklan\u0131rken \u00fccretli eme\u011fin tarihsel ser\u00fcvenine parantez a\u00e7may\u0131 da ihmal etmeyen bu belgesel grafik roman, son be\u015f y\u0131lda \u00f6zellikle gen\u00e7lerin \u00e7al\u0131\u015fmayla ili\u015fkisinin nas\u0131l k\u00f6kten de\u011fi\u015fti\u011fini t\u00fcm ger\u00e7ekli\u011fiyle payla\u015f\u0131yor.  2020 y\u0131l\u0131 itibariyle ABD&#8217;de ortaya \u00e7\u0131kan &#8221;B\u00fcy\u00fck \u0130stifa&#8221; isimli i\u015f b\u0131rakma dalgas\u0131 nas\u0131l yay\u0131ld\u0131? Kurumsal hayattan ka\u00e7\u0131\u015f ak\u0131m\u0131n\u0131n ard\u0131nda neler yat\u0131yor? Plaza literat\u00fcr\u00fcne giren &#8221;Bumerang \u00c7al\u0131\u015fanlar&#8221;, &#8221;Sessiz \u0130stifa&#8221; gibi terimler nereden \u00e7\u0131kt\u0131?  Fabien Toulm\u00e9 tar\u0131m, sanayi ve hizmet sekt\u00f6r\u00fc emek\u00e7ilerinin beklentilerini anlama umuduyla haz\u0131rlad\u0131\u011f\u0131 \u00c7al\u0131\u015fmak ve Ya\u015famak&#8217;ta; milyarlarca dolarla oynayan bir yat\u0131r\u0131m bankeriyken hayat\u0131na anlam katmak i\u00e7in \u015fark\u0131c\u0131 olmaya karar veren bir \u00fcst d\u00fczey y\u00f6neticiden b\u00fcy\u00fck \u015firketlerin k\u0131skac\u0131nda a\u015f\u0131r\u0131 \u00e7al\u0131\u015fmaktan her g\u00fcn \u00f6l\u00fcmle y\u00fczle\u015fmek zorunda kalan kuryelere uzanarak s\u0131rad\u0131\u015f\u0131 ya\u015famlardan \u00e7arp\u0131c\u0131 kesitler sunuyor.   Bu benim hayat\u0131m de\u011fildi, benden beklenen hayat\u0131 ya\u015f\u0131yordum.<\/p>\n","protected":false},"excerpt":{"rendered":"<p>\u00c7al\u0131\u015fmak i\u00e7in mi ya\u015famal\u0131 yoksa ya\u015famak i\u00e7in mi \u00e7al\u0131\u015fmal\u0131? Frans\u0131z \u00e7izer Fabien Toulm\u00e9, varolu\u015f\u00e7u bir bak\u0131\u015f a\u00e7\u0131s\u0131yla tasarlad\u0131\u011f\u0131 &#8221;D\u00fcnyadan Yans\u0131malar&#8221; adl\u0131 serisinin ikinci halkas\u0131 \u00c7al\u0131\u015fmak ve<span class=\"excerpt-hellip\"> [\u2026]<\/span><\/p>\n","protected":false},"featured_media":0,"template":"","meta":{"_monsterinsights_skip_tracking":false,"_monsterinsights_sitenote_active":false,"_monsterinsights_sitenote_note":"","_monsterinsights_sitenote_category":0},"product_brand":[],"product_cat":[12291,12711],"product_tag":[],"class_list":{"0":"post-770247","1":"product","2":"type-product","3":"status-publish","5":"product_cat-edebiyat","6":"product_cat-roman-oyku","7":"pa_cilt-ciltsiz","8":"pa_tur-kitap","9":"pa_yayinevi-desen-yayinlari","10":"pa_yazar-fabien-toulme","12":"first","13":"instock","14":"sale","15":"shipping-taxable","16":"purchasable","17":"product-type-simple"},"_links":{"self":[{"href":"https:\/\/roveyayinevi.com.tr\/index.php\/wp-json\/wp\/v2\/product\/770247","targetHints":{"allow":["GET"]}}],"collection":[{"href":"https:\/\/roveyayinevi.com.tr\/index.php\/wp-json\/wp\/v2\/product"}],"about":[{"href":"https:\/\/roveyayinevi.com.tr\/index.php\/wp-json\/wp\/v2\/types\/product"}],"wp:attachment":[{"href":"https:\/\/roveyayinevi.com.tr\/index.php\/wp-json\/wp\/v2\/media?parent=770247"}],"wp:term":[{"taxonomy":"product_brand","embeddable":true,"href":"https:\/\/roveyayinevi.com.tr\/index.php\/wp-json\/wp\/v2\/product_brand?post=770247"},{"taxonomy":"product_cat","embeddable":true,"href":"https:\/\/roveyayinevi.com.tr\/index.php\/wp-json\/wp\/v2\/product_cat?post=770247"},{"taxonomy":"product_tag","embeddable":true,"href":"https:\/\/roveyayinevi.com.tr\/index.php\/wp-json\/wp\/v2\/product_tag?post=770247"}],"curies":[{"name":"wp","href":"https:\/\/api.w.org\/{rel}","templated":true}]}}