{"id":770244,"date":"2025-08-28T14:22:57","date_gmt":"2025-08-28T11:22:57","guid":{"rendered":"https:\/\/roveyayinevi.com.tr\/index.php\/urun\/lider-guc-strateji\/"},"modified":"2026-04-15T03:36:36","modified_gmt":"2026-04-15T00:36:36","slug":"lider-guc-strateji","status":"publish","type":"product","link":"https:\/\/roveyayinevi.com.tr\/index.php\/urun\/lider-guc-strateji\/","title":{"rendered":"Lider, G\u00fc\u00e7, Strateji"},"content":{"rendered":"<p>Bu kitapta lider, g\u00fc\u00e7 ve strateji aras\u0131ndaki ili\u015fkiler incelenmektedir.Lider, halk\u0131 ortak hedefler i\u00e7in \u00f6rg\u00fctleyen ve harekete ge\u00e7iren ki\u015fidir. Liderlik ayn\u0131 zamanda g\u00fcc\u00fcn kullan\u0131lmas\u0131d\u0131r. G\u00fcc\u00fcn uygun zaman, yer ve \u015fekilde kullan\u0131lmas\u0131 ise stratejinin alan\u0131na girer.Liderler, ge\u00e7mi\u015f veya bug\u00fcn ile gelecek aras\u0131nda halk\u0131 i\u00e7in k\u00f6pr\u00fc g\u00f6revi yaparlar. Halk\u0131 k\u00f6pr\u00fcden parlak bir gelece\u011fe ula\u015ft\u0131rmak i\u00e7in \u00e7al\u0131\u015fan liderler \u201cyarat\u0131c\u0131 lider\u201dlerdir. Baz\u0131 liderler bir d\u00f6nemde ger\u00e7ekle\u015ftirdikleriyle \u201cyarat\u0131c\u0131 lider\u201d olurken, baz\u0131 d\u00f6nemlerde de uygulamalar\u0131yla insanl\u0131\u011f\u0131 karanl\u0131\u011fa ve felaketlere s\u00fcr\u00fckleyerek \u201cy\u0131k\u0131c\u0131 lider\u201d h\u00fcviyetini de kazanabilirler.Dolay\u0131s\u0131yla kitap, Mustafa Kemal Atat\u00fcrk ba\u015fta olmak \u00fczere, tarihe y\u00f6n veren en \u00f6nemli liderleri \u00e7e\u015fitli boyutlar\u0131yla incelemektedir.Kitapta yarat\u0131c\u0131 olandan y\u0131k\u0131c\u0131 olana, Bat\u0131\u2018dan Do\u011fu\u2019ya, soldan sa\u011fa bir\u00e7ok lider incelenmektedir:Abraham Lincoln, Margaret Thatcher, Vladimir \u0130lyi\u00e7 Lenin, Mohandas Karamcand Gandhi, Franklin Delano Roosevelt, Otto von Bismarck, John F. Kennedy, Winston Churchill, Joseph Stalin, Mao Zedong, Charles de Gaulle, Adolf Hitler&#8230;T\u00fcm bu isimleri incelemek, elbette biyografi \u00e7al\u0131\u015fmas\u0131n\u0131n \u00f6tesinde bir i\u015ftir. \u00c7\u00fcnk\u00fc liderin g\u00fcc\u00fc bir strateji i\u00e7inde kullanmas\u0131n\u0131n incelenmesi, sosyolojiden siyaset bilimine, askeri ve siyasi tarihten psikolojiye, s\u00fcre\u00e7lere \u00e7ok boyutlu bakmay\u0131 gerektirir.Bu nedenle elinizde tuttu\u011funuz kitap, farkl\u0131 disiplinlere ilgi duyan okurlar\u0131 da yak\u0131ndan ilgilendirmektedir.<\/p>\n","protected":false},"excerpt":{"rendered":"<p>Bu kitapta lider, g\u00fc\u00e7 ve strateji aras\u0131ndaki ili\u015fkiler incelenmektedir.Lider, halk\u0131 ortak hedefler i\u00e7in \u00f6rg\u00fctleyen ve harekete ge\u00e7iren ki\u015fidir. Liderlik ayn\u0131 zamanda g\u00fcc\u00fcn kullan\u0131lmas\u0131d\u0131r. G\u00fcc\u00fcn uygun zaman,<span class=\"excerpt-hellip\"> [\u2026]<\/span><\/p>\n","protected":false},"featured_media":0,"template":"","meta":{"_monsterinsights_skip_tracking":false,"_monsterinsights_sitenote_active":false,"_monsterinsights_sitenote_note":"","_monsterinsights_sitenote_category":0},"product_brand":[],"product_cat":[12370,12304],"product_tag":[],"class_list":{"0":"post-770244","1":"product","2":"type-product","3":"status-publish","5":"product_cat-arastirma-inceleme","6":"product_cat-tarih","7":"pa_cilt-ciltsiz","8":"pa_tur-kitap","9":"pa_yayinevi-kirmizi-kedi-yayinevi","10":"pa_yazar-ilker-basbug","12":"first","13":"instock","14":"sale","15":"shipping-taxable","16":"purchasable","17":"product-type-simple"},"_links":{"self":[{"href":"https:\/\/roveyayinevi.com.tr\/index.php\/wp-json\/wp\/v2\/product\/770244","targetHints":{"allow":["GET"]}}],"collection":[{"href":"https:\/\/roveyayinevi.com.tr\/index.php\/wp-json\/wp\/v2\/product"}],"about":[{"href":"https:\/\/roveyayinevi.com.tr\/index.php\/wp-json\/wp\/v2\/types\/product"}],"wp:attachment":[{"href":"https:\/\/roveyayinevi.com.tr\/index.php\/wp-json\/wp\/v2\/media?parent=770244"}],"wp:term":[{"taxonomy":"product_brand","embeddable":true,"href":"https:\/\/roveyayinevi.com.tr\/index.php\/wp-json\/wp\/v2\/product_brand?post=770244"},{"taxonomy":"product_cat","embeddable":true,"href":"https:\/\/roveyayinevi.com.tr\/index.php\/wp-json\/wp\/v2\/product_cat?post=770244"},{"taxonomy":"product_tag","embeddable":true,"href":"https:\/\/roveyayinevi.com.tr\/index.php\/wp-json\/wp\/v2\/product_tag?post=770244"}],"curies":[{"name":"wp","href":"https:\/\/api.w.org\/{rel}","templated":true}]}}