{"id":770242,"date":"2025-08-28T14:22:54","date_gmt":"2025-08-28T11:22:54","guid":{"rendered":"https:\/\/roveyayinevi.com.tr\/index.php\/urun\/tanzimat-ve-istibdat-doneminde-turk-tiyatrosu-1839-1908\/"},"modified":"2026-04-15T03:36:36","modified_gmt":"2026-04-15T00:36:36","slug":"tanzimat-ve-istibdat-doneminde-turk-tiyatrosu-1839-1908","status":"publish","type":"product","link":"https:\/\/roveyayinevi.com.tr\/index.php\/urun\/tanzimat-ve-istibdat-doneminde-turk-tiyatrosu-1839-1908\/","title":{"rendered":"Tanzimat ve \u0130stibdat D\u00f6neminde T\u00fcrk Tiyatrosu  (1839-1908)"},"content":{"rendered":"<p>Tanzimat ve \u0130stibdat D\u00f6neminde T\u00fcrk Tiyatrosu (1839-1908), Metin And\u2019\u0131n d\u00f6rt cilt halinde haz\u0131rlad\u0131\u011f\u0131 T\u00fcrk tiyatrosu tarihinin d\u00f6nem olarak iki, bas\u0131m s\u0131ras\u0131 olarak \u00fc\u00e7\u00fcnc\u00fc kitab\u0131d\u0131r. Yazar\u0131n ele ald\u0131\u011f\u0131 bu d\u00f6nem, Geleneksel T\u00fcrk tiyatrosu ve Bat\u0131 tiyatrosu aras\u0131ndaki etkile\u015fimin ilk \u00fcr\u00fcnlerini verdi\u011fi bir ge\u00e7i\u015f d\u00f6nemi niteli\u011findedir.   Yazar, d\u00f6rt b\u00f6l\u00fcmden olu\u015fan kitapta ilk olarak Bat\u0131\u2019yla etkile\u015fimin getirdi\u011fi k\u00fclt\u00fcrel de\u011fi\u015fimden ve bu de\u011fi\u015fimin tiyatro \u00fczerindeki etkisinden bahsediyor. \u0130kinci b\u00f6l\u00fcmde ise oyuncular ve tiyatro topluluklar\u0131, seyirci kitlesi, tiyatro binalar\u0131 gibi etkenlerle d\u00f6nemin tiyatro anlay\u0131\u015f\u0131 ve y\u00f6netimini okuyucuya sunuyor. \u00dc\u00e7\u00fcnc\u00fc b\u00f6l\u00fcme tiyatro yazarlar\u0131n\u0131 ele alarak ba\u015flayan Metin And, yazarlar ve eserler \u00fczerindeki gelenek ve Avrupa etkisini inceliyor. Son b\u00f6l\u00fcmde ise t\u00fcrlerine g\u00f6re kategorilere ay\u0131rd\u0131\u011f\u0131 oyunlardan \u00f6rneklerle d\u00f6nemin tiyatrosunu yans\u0131t\u0131yor.   Metin And mektuplar, an\u0131lar ve gazete haberleri \u00fczerinden Tanzimat insanlar\u0131n\u0131n tiyatro hakk\u0131ndaki eylemlerine ve d\u00fc\u015f\u00fcncelerine \u0131\u015f\u0131k tutuyor. Eser, tiyatro insanlar\u0131 ve ayd\u0131nlar\u0131n yan\u0131 s\u0131ra gerek II. Mahmud ve Abd\u00fclmecid gibi padi\u015fahlar\u0131n gerekse Ahmed Vefik Pa\u015fa ve Ziya Pa\u015fa gibi devlet adamlar\u0131n\u0131n tiyatro faaliyetlerini g\u00f6zler \u00f6n\u00fcne seriyor.   Her \u015feyden \u00f6nce Tanzimat ayd\u0131n\u0131 ve y\u00f6neticileri g\u00fcn\u00fcm\u00fcz i\u00e7in bile ge\u00e7erli de\u011fer \u00f6l\u00e7\u00fcleri getirmi\u015flerdir. \u0130li\u015fkini olduklar\u0131 topluma b\u00fcy\u00fck sorumluluk duyan, b\u00fcy\u00fck bir \u00fclk\u00fcc\u00fcl\u00fckle halk\u0131n\u0131n kalk\u0131nmas\u0131n\u0131, ayd\u0131nlanmas\u0131n\u0131, mutlulu\u011funu isteyen, kendilerini buna adam\u0131\u015f insanlard\u0131. \u00c7o\u011fu kendi kendini yeti\u015ftirmi\u015f bu insanlar\u0131n eksikleri, kusurlar\u0131 ne olursa olsun bir k\u00fclt\u00fcr de\u011fi\u015fiminin mimarlar\u0131 olarak onlar\u0131 her zaman sayg\u0131yla anaca\u011f\u0131z. <\/p>\n","protected":false},"excerpt":{"rendered":"<p>Tanzimat ve \u0130stibdat D\u00f6neminde T\u00fcrk Tiyatrosu (1839-1908), Metin And\u2019\u0131n d\u00f6rt cilt halinde haz\u0131rlad\u0131\u011f\u0131 T\u00fcrk tiyatrosu tarihinin d\u00f6nem olarak iki, bas\u0131m s\u0131ras\u0131 olarak \u00fc\u00e7\u00fcnc\u00fc kitab\u0131d\u0131r. Yazar\u0131n ele<span class=\"excerpt-hellip\"> [\u2026]<\/span><\/p>\n","protected":false},"featured_media":0,"template":"","meta":{"_monsterinsights_skip_tracking":false,"_monsterinsights_sitenote_active":false,"_monsterinsights_sitenote_note":"","_monsterinsights_sitenote_category":0},"product_brand":[],"product_cat":[12291,14272],"product_tag":[],"class_list":{"0":"post-770242","1":"product","2":"type-product","3":"status-publish","5":"product_cat-edebiyat","6":"product_cat-tiyatro","7":"pa_cilt-ciltsiz","8":"pa_tur-kitap","9":"pa_yayinevi-yapi-kredi-yayinlari-sanat","10":"pa_yazar-metin-and","12":"first","13":"instock","14":"sale","15":"shipping-taxable","16":"purchasable","17":"product-type-simple"},"_links":{"self":[{"href":"https:\/\/roveyayinevi.com.tr\/index.php\/wp-json\/wp\/v2\/product\/770242","targetHints":{"allow":["GET"]}}],"collection":[{"href":"https:\/\/roveyayinevi.com.tr\/index.php\/wp-json\/wp\/v2\/product"}],"about":[{"href":"https:\/\/roveyayinevi.com.tr\/index.php\/wp-json\/wp\/v2\/types\/product"}],"wp:attachment":[{"href":"https:\/\/roveyayinevi.com.tr\/index.php\/wp-json\/wp\/v2\/media?parent=770242"}],"wp:term":[{"taxonomy":"product_brand","embeddable":true,"href":"https:\/\/roveyayinevi.com.tr\/index.php\/wp-json\/wp\/v2\/product_brand?post=770242"},{"taxonomy":"product_cat","embeddable":true,"href":"https:\/\/roveyayinevi.com.tr\/index.php\/wp-json\/wp\/v2\/product_cat?post=770242"},{"taxonomy":"product_tag","embeddable":true,"href":"https:\/\/roveyayinevi.com.tr\/index.php\/wp-json\/wp\/v2\/product_tag?post=770242"}],"curies":[{"name":"wp","href":"https:\/\/api.w.org\/{rel}","templated":true}]}}