{"id":770240,"date":"2025-08-28T14:22:49","date_gmt":"2025-08-28T11:22:49","guid":{"rendered":"https:\/\/roveyayinevi.com.tr\/index.php\/urun\/dagin-iki-yuzu\/"},"modified":"2026-04-03T03:27:15","modified_gmt":"2026-04-03T00:27:15","slug":"dagin-iki-yuzu","status":"publish","type":"product","link":"https:\/\/roveyayinevi.com.tr\/index.php\/urun\/dagin-iki-yuzu\/","title":{"rendered":"Da\u011f\u0131n \u0130ki Y\u00fcz\u00fc"},"content":{"rendered":"<p>Bu romanda koca bask\u0131s\u0131na ve her t\u00fcrl\u00fc do\u011fal ko\u015fullara direnerek adeta topra\u011f\u0131 t\u0131rnaklar\u0131yla kazarak ve \u00fc\u00e7 \u00e7ocu\u011fuyla dul kald\u0131\u011f\u0131nda bile kimseye muhta\u00e7 olmadan, kimseye boyun e\u011fmeden ya\u015fayan cesur bir kad\u0131n\u0131n ya\u015fam\u0131 var. Elektri\u011fin olmad\u0131\u011f\u0131, geceleri gaz lambas\u0131 ve l\u00fck\u00fcs \u0131\u015f\u0131\u011f\u0131nda s\u00fcrd\u00fcr\u00fclen, su gereksiniminin arklardan ta\u015f\u0131nan sularla kar\u015f\u0131land\u0131\u011f\u0131 ya\u015famlar var. Sar\u0131kam\u0131\u015f harek\u00e2t\u0131n\u0131n ve sava\u015fta k\u00f6yleri i\u015fgale u\u011frayan k\u00f6yl\u00fclerin ya\u015famlar\u0131 var. \u00c7ok ak\u0131c\u0131 bir dille ve \u00e7ok g\u00fczel betimlemelerle anlat\u0131lan bu roman, daha ba\u015flarken sizi al\u0131p bir co\u011frafya kesitinde, tarihin bir d\u00f6nemine y\u00fcz y\u0131l kadar s\u00fcren bir yolculu\u011fa \u00e7\u0131karacak, elinizden b\u0131rakamayacaks\u0131n\u0131z. Kendinizi sava\u015flar\u0131n, ac\u0131lar\u0131n, dostluklar\u0131n, dayan\u0131\u015fman\u0131n oldu\u011fu bir ya\u015fam\u0131n i\u00e7inde bulacaks\u0131n\u0131z. \u00c7ocuklar\u0131n sokaklarda \u00f6zg\u00fcrce oyunlar\u0131na tan\u0131k olacak, o d\u00f6nemde \u00fcretilen tar\u0131msal \u00fcr\u00fcnlerini ve \u00fcretim ili\u015fkilerini tan\u0131yacaks\u0131n\u0131z. <\/p>\n","protected":false},"excerpt":{"rendered":"<p>Bu romanda koca bask\u0131s\u0131na ve her t\u00fcrl\u00fc do\u011fal ko\u015fullara direnerek adeta topra\u011f\u0131 t\u0131rnaklar\u0131yla kazarak ve \u00fc\u00e7 \u00e7ocu\u011fuyla dul kald\u0131\u011f\u0131nda bile kimseye muhta\u00e7 olmadan, kimseye boyun e\u011fmeden<span class=\"excerpt-hellip\"> [\u2026]<\/span><\/p>\n","protected":false},"featured_media":0,"template":"","meta":{"_monsterinsights_skip_tracking":false,"_monsterinsights_sitenote_active":false,"_monsterinsights_sitenote_note":"","_monsterinsights_sitenote_category":0},"product_brand":[],"product_cat":[12291,12711],"product_tag":[],"class_list":{"0":"post-770240","1":"product","2":"type-product","3":"status-publish","5":"product_cat-edebiyat","6":"product_cat-roman-oyku","7":"pa_cilt-ciltsiz","8":"pa_tur-kitap","9":"pa_yayinevi-zet-yayinlari","10":"pa_yazar-halit-katkat","12":"first","13":"instock","14":"sale","15":"shipping-taxable","16":"purchasable","17":"product-type-simple"},"_links":{"self":[{"href":"https:\/\/roveyayinevi.com.tr\/index.php\/wp-json\/wp\/v2\/product\/770240","targetHints":{"allow":["GET"]}}],"collection":[{"href":"https:\/\/roveyayinevi.com.tr\/index.php\/wp-json\/wp\/v2\/product"}],"about":[{"href":"https:\/\/roveyayinevi.com.tr\/index.php\/wp-json\/wp\/v2\/types\/product"}],"wp:attachment":[{"href":"https:\/\/roveyayinevi.com.tr\/index.php\/wp-json\/wp\/v2\/media?parent=770240"}],"wp:term":[{"taxonomy":"product_brand","embeddable":true,"href":"https:\/\/roveyayinevi.com.tr\/index.php\/wp-json\/wp\/v2\/product_brand?post=770240"},{"taxonomy":"product_cat","embeddable":true,"href":"https:\/\/roveyayinevi.com.tr\/index.php\/wp-json\/wp\/v2\/product_cat?post=770240"},{"taxonomy":"product_tag","embeddable":true,"href":"https:\/\/roveyayinevi.com.tr\/index.php\/wp-json\/wp\/v2\/product_tag?post=770240"}],"curies":[{"name":"wp","href":"https:\/\/api.w.org\/{rel}","templated":true}]}}