{"id":770239,"date":"2025-08-28T14:22:46","date_gmt":"2025-08-28T11:22:46","guid":{"rendered":"https:\/\/roveyayinevi.com.tr\/index.php\/urun\/kopuk-4\/"},"modified":"2026-04-11T14:38:45","modified_gmt":"2026-04-11T11:38:45","slug":"kopuk-4","status":"publish","type":"product","link":"https:\/\/roveyayinevi.com.tr\/index.php\/urun\/kopuk-4\/","title":{"rendered":"Kopuk"},"content":{"rendered":"<p>\u00d6yk\u00fcleriyle tan\u0131nan Sine Erg\u00fcn bu ilk roman\u0131nda bir foto muhabirini nerede oldu\u011funu bilmedi\u011fimiz, isimsiz, zamans\u0131z bir d\u00fcnyan\u0131n i\u00e7inde tedirgin edici bir atmosferle kar\u015f\u0131m\u0131za \u00e7\u0131kar\u0131yor. Kopuk\u2019un tekrar eden seslerle, ta\u015flarla, tozlarla kapl\u0131 ortam\u0131nda hat\u0131rlamak, unutmak, ka\u00e7\u0131\u015flar\u0131m\u0131z \u00fczerine d\u00fc\u015f\u00fcn\u00fcrken, yazar\u0131n hassas, yal\u0131n ve sakin dili bize rehberlik ediyor. Z ipini koparm\u0131\u015ft\u0131. Onun ipi olmam\u0131\u015ft\u0131 hi\u00e7, \u00f6yle d\u00fc\u015f\u00fcn\u00fcyordu. Ya da koptu\u011funu an\u0131msamayaca\u011f\u0131 denli zaman ge\u00e7mi\u015fti aradan. Ba\u015fka bir \u015fey, diye d\u00fc\u015f\u00fcnd\u00fc. Bir bo\u015flu\u011fun i\u00e7inde, yap\u0131\u015f yap\u0131\u015f bir bo\u015flu\u011fun i\u00e7inde hareket eder gibi. Ne zamand\u0131r. Ama\u00e7s\u0131z. Kopuk. Yine de. \u015eimdi. <\/p>\n","protected":false},"excerpt":{"rendered":"<p>\u00d6yk\u00fcleriyle tan\u0131nan Sine Erg\u00fcn bu ilk roman\u0131nda bir foto muhabirini nerede oldu\u011funu bilmedi\u011fimiz, isimsiz, zamans\u0131z bir d\u00fcnyan\u0131n i\u00e7inde tedirgin edici bir atmosferle kar\u015f\u0131m\u0131za \u00e7\u0131kar\u0131yor. Kopuk\u2019un tekrar<span class=\"excerpt-hellip\"> [\u2026]<\/span><\/p>\n","protected":false},"featured_media":0,"template":"","meta":{"_monsterinsights_skip_tracking":false,"_monsterinsights_sitenote_active":false,"_monsterinsights_sitenote_note":"","_monsterinsights_sitenote_category":0},"product_brand":[],"product_cat":[12291,12711],"product_tag":[],"class_list":{"0":"post-770239","1":"product","2":"type-product","3":"status-publish","5":"product_cat-edebiyat","6":"product_cat-roman-oyku","7":"pa_cilt-ciltsiz","8":"pa_tur-kitap","9":"pa_yayinevi-yapi-kredi-yayinlari","10":"pa_yazar-sine-ergun","12":"first","13":"instock","14":"sale","15":"shipping-taxable","16":"purchasable","17":"product-type-simple"},"_links":{"self":[{"href":"https:\/\/roveyayinevi.com.tr\/index.php\/wp-json\/wp\/v2\/product\/770239","targetHints":{"allow":["GET"]}}],"collection":[{"href":"https:\/\/roveyayinevi.com.tr\/index.php\/wp-json\/wp\/v2\/product"}],"about":[{"href":"https:\/\/roveyayinevi.com.tr\/index.php\/wp-json\/wp\/v2\/types\/product"}],"wp:attachment":[{"href":"https:\/\/roveyayinevi.com.tr\/index.php\/wp-json\/wp\/v2\/media?parent=770239"}],"wp:term":[{"taxonomy":"product_brand","embeddable":true,"href":"https:\/\/roveyayinevi.com.tr\/index.php\/wp-json\/wp\/v2\/product_brand?post=770239"},{"taxonomy":"product_cat","embeddable":true,"href":"https:\/\/roveyayinevi.com.tr\/index.php\/wp-json\/wp\/v2\/product_cat?post=770239"},{"taxonomy":"product_tag","embeddable":true,"href":"https:\/\/roveyayinevi.com.tr\/index.php\/wp-json\/wp\/v2\/product_tag?post=770239"}],"curies":[{"name":"wp","href":"https:\/\/api.w.org\/{rel}","templated":true}]}}