{"id":770238,"date":"2025-08-28T14:22:45","date_gmt":"2025-08-28T11:22:45","guid":{"rendered":"https:\/\/roveyayinevi.com.tr\/index.php\/urun\/uykudakilere-durtuklemeler\/"},"modified":"2026-04-15T03:36:35","modified_gmt":"2026-04-15T00:36:35","slug":"uykudakilere-durtuklemeler","status":"publish","type":"product","link":"https:\/\/roveyayinevi.com.tr\/index.php\/urun\/uykudakilere-durtuklemeler\/","title":{"rendered":"Uykudakilere D\u00fcrt\u00fcklemeler"},"content":{"rendered":"<p>\u00c7ok seviyorsunuz biliyorum uykuyu, sanki \u00fcst\u00fcn\u00fczde bir \u00f6l\u00fc topra\u011f\u0131 var. H\u00e2lbuki bu d\u00fcnyaya uyumaya gelmediniz. Uyumak i\u00e7in mezarda \u00e7ok zaman\u0131n\u0131z olacak. Bu d\u00fcnyaya ya\u015famaya bir \u015feyler \u00fcretmeye geldiniz. Biraz erteleseniz diyorum uykuyu, oraya kadar. Ne olur? Beyniniz en k\u0131ymetlilerden, biraz d\u00fc\u015f\u00fcn\u00fcn. Size burada ihtiya\u00e7 var. Yapacak \u00e7ok \u015fey varken siz uyuyorsunuz. Hatta sizi uyand\u0131ranlara k\u0131z\u0131yorsunuz, git ba\u015f\u0131mdan dahi diyorsunuz. Aman aman bunu yapmay\u0131n. Art\u0131k onunla vedala\u015fma zaman\u0131 gelmedi mi? Bir uyand\u0131rma servisi kap\u0131n\u0131z\u0131 \u00e7ald\u0131 \u015fimdi belki de. Hani sizin iyili\u011finizi isteyen. D\u00fcnyan\u0131z\u0131 ve ahiretinizi g\u00fcvene almaya \u00e7al\u0131\u015fan bir dost geldi kap\u0131n\u0131za. O kap\u0131dan girmek ve uyanmak tamamen sizin elinizde. Ya girersiniz ya uyumaya devam edersiniz. Se\u00e7im sizin! A\u00e7\u0131n g\u00f6z\u00fcn\u00fcz\u00fc. Okuyun. Karanl\u0131\u011fa mahk\u00fbm de\u011filsiniz. <\/p>\n","protected":false},"excerpt":{"rendered":"<p>\u00c7ok seviyorsunuz biliyorum uykuyu, sanki \u00fcst\u00fcn\u00fczde bir \u00f6l\u00fc topra\u011f\u0131 var. H\u00e2lbuki bu d\u00fcnyaya uyumaya gelmediniz. Uyumak i\u00e7in mezarda \u00e7ok zaman\u0131n\u0131z olacak. Bu d\u00fcnyaya ya\u015famaya bir \u015feyler<span class=\"excerpt-hellip\"> [\u2026]<\/span><\/p>\n","protected":false},"featured_media":0,"template":"","meta":{"_monsterinsights_skip_tracking":false,"_monsterinsights_sitenote_active":false,"_monsterinsights_sitenote_note":"","_monsterinsights_sitenote_category":0},"product_brand":[],"product_cat":[12364,12376],"product_tag":[],"class_list":{"0":"post-770238","1":"product","2":"type-product","3":"status-publish","5":"product_cat-genel-konular","6":"product_cat-kisisel-gelisim","7":"pa_cilt-ciltsiz","8":"pa_tur-kitap","9":"pa_yayinevi-zet-yayinlari","10":"pa_yazar-nedret-demir","12":"first","13":"instock","14":"sale","15":"shipping-taxable","16":"purchasable","17":"product-type-simple"},"_links":{"self":[{"href":"https:\/\/roveyayinevi.com.tr\/index.php\/wp-json\/wp\/v2\/product\/770238","targetHints":{"allow":["GET"]}}],"collection":[{"href":"https:\/\/roveyayinevi.com.tr\/index.php\/wp-json\/wp\/v2\/product"}],"about":[{"href":"https:\/\/roveyayinevi.com.tr\/index.php\/wp-json\/wp\/v2\/types\/product"}],"wp:attachment":[{"href":"https:\/\/roveyayinevi.com.tr\/index.php\/wp-json\/wp\/v2\/media?parent=770238"}],"wp:term":[{"taxonomy":"product_brand","embeddable":true,"href":"https:\/\/roveyayinevi.com.tr\/index.php\/wp-json\/wp\/v2\/product_brand?post=770238"},{"taxonomy":"product_cat","embeddable":true,"href":"https:\/\/roveyayinevi.com.tr\/index.php\/wp-json\/wp\/v2\/product_cat?post=770238"},{"taxonomy":"product_tag","embeddable":true,"href":"https:\/\/roveyayinevi.com.tr\/index.php\/wp-json\/wp\/v2\/product_tag?post=770238"}],"curies":[{"name":"wp","href":"https:\/\/api.w.org\/{rel}","templated":true}]}}