{"id":770237,"date":"2025-08-28T14:22:42","date_gmt":"2025-08-28T11:22:42","guid":{"rendered":"https:\/\/roveyayinevi.com.tr\/index.php\/urun\/ahmet-umitin-yazinsal-dunyasi\/"},"modified":"2026-04-15T03:36:35","modified_gmt":"2026-04-15T00:36:35","slug":"ahmet-umitin-yazinsal-dunyasi","status":"publish","type":"product","link":"https:\/\/roveyayinevi.com.tr\/index.php\/urun\/ahmet-umitin-yazinsal-dunyasi\/","title":{"rendered":"Ahmet \u00dcmit\u2019in Yaz\u0131nsal D\u00fcnyas\u0131"},"content":{"rendered":"<p>Onur Bilge Kula Ahmet \u00dcmit\u2019in Yaz\u0131nsal D\u00fcnyas\u0131 adl\u0131 incelemesinde, yazar\u0131n farkl\u0131 eserlerinden hareketle (Elveda G\u00fczel Vatan\u0131m, Sultan\u0131 \u00d6ld\u00fcrmek, Beyo\u011flu\u2019nun En G\u00fczel Abisi, K\u0131rlang\u0131\u00e7 \u00c7\u0131\u011fl\u0131\u011f\u0131, Kay\u0131p Tanr\u0131lar \u00dclkesi ve Y\u0131rt\u0131c\u0131 Ku\u015flar Zaman\u0131), tarihsel roman\u0131n \u00f6zelliklerinden polisiye roman\u0131n bi\u00e7imine var\u0131ncaya dek, s\u0131rt\u0131n\u0131 b\u00fct\u00fcnl\u00fckl\u00fc bir yaz\u0131nsal incelemeye dayayan bir Ahmet \u00dcmit okumas\u0131 yap\u0131yor. Kitab\u0131n sonunda yer alan s\u00f6yle\u015fi de Ahmet \u00dcmit\u2019in yazarl\u0131k ser\u00fcveninin \u00f6zeti niteli\u011finde:   Ben T\u00fcrkiye\u2019de ya\u015fayan bir yazar\u0131m. Bu \u00fclkenin k\u00fclt\u00fcr\u00fcyle b\u00fcy\u00fcd\u00fcm ama ayn\u0131 zamanda bu \u00fclkenin k\u00fclt\u00fcr\u00fc evrensel k\u00fclt\u00fcrden ba\u011f\u0131ms\u0131z de\u011fil. \u00c7\u00fcnk\u00fc evrensel k\u00fclt\u00fcr, sadece Bat\u0131 k\u00fclt\u00fcr\u00fc de\u011fil, Do\u011fu k\u00fclt\u00fcr\u00fc de de\u011fil, hepsinin birli\u011fi. Ayn\u0131 zamanda ge\u00e7mi\u015f k\u00fclt\u00fcr ile bug\u00fcn\u00fc ay\u0131rmak da m\u00fcmk\u00fcn de\u011fil; \u00e7\u00fcnk\u00fc bug\u00fcn ge\u00e7mi\u015fin ba\u011fr\u0131ndan do\u011fuyor, gelecek de bug\u00fcn\u00fcn i\u00e7inden \u00e7\u0131kacak.                                                                                                                                                                                                                                                 Ahmet \u00dcmit <\/p>\n","protected":false},"excerpt":{"rendered":"<p>Onur Bilge Kula Ahmet \u00dcmit\u2019in Yaz\u0131nsal D\u00fcnyas\u0131 adl\u0131 incelemesinde, yazar\u0131n farkl\u0131 eserlerinden hareketle (Elveda G\u00fczel Vatan\u0131m, Sultan\u0131 \u00d6ld\u00fcrmek, Beyo\u011flu\u2019nun En G\u00fczel Abisi, K\u0131rlang\u0131\u00e7 \u00c7\u0131\u011fl\u0131\u011f\u0131, Kay\u0131p Tanr\u0131lar<span class=\"excerpt-hellip\"> [\u2026]<\/span><\/p>\n","protected":false},"featured_media":0,"template":"","meta":{"_monsterinsights_skip_tracking":false,"_monsterinsights_sitenote_active":false,"_monsterinsights_sitenote_note":"","_monsterinsights_sitenote_category":0},"product_brand":[],"product_cat":[13072,12291],"product_tag":[],"class_list":{"0":"post-770237","1":"product","2":"type-product","3":"status-publish","5":"product_cat-arastirma-inceleme-referans","6":"product_cat-edebiyat","7":"pa_cilt-ciltsiz","8":"pa_tur-kitap","9":"pa_yayinevi-yapi-kredi-yayinlari","10":"pa_yazar-onur-bilge-kula","12":"first","13":"instock","14":"sale","15":"shipping-taxable","16":"purchasable","17":"product-type-simple"},"_links":{"self":[{"href":"https:\/\/roveyayinevi.com.tr\/index.php\/wp-json\/wp\/v2\/product\/770237","targetHints":{"allow":["GET"]}}],"collection":[{"href":"https:\/\/roveyayinevi.com.tr\/index.php\/wp-json\/wp\/v2\/product"}],"about":[{"href":"https:\/\/roveyayinevi.com.tr\/index.php\/wp-json\/wp\/v2\/types\/product"}],"wp:attachment":[{"href":"https:\/\/roveyayinevi.com.tr\/index.php\/wp-json\/wp\/v2\/media?parent=770237"}],"wp:term":[{"taxonomy":"product_brand","embeddable":true,"href":"https:\/\/roveyayinevi.com.tr\/index.php\/wp-json\/wp\/v2\/product_brand?post=770237"},{"taxonomy":"product_cat","embeddable":true,"href":"https:\/\/roveyayinevi.com.tr\/index.php\/wp-json\/wp\/v2\/product_cat?post=770237"},{"taxonomy":"product_tag","embeddable":true,"href":"https:\/\/roveyayinevi.com.tr\/index.php\/wp-json\/wp\/v2\/product_tag?post=770237"}],"curies":[{"name":"wp","href":"https:\/\/api.w.org\/{rel}","templated":true}]}}