{"id":770236,"date":"2025-08-28T14:22:40","date_gmt":"2025-08-28T11:22:40","guid":{"rendered":"https:\/\/roveyayinevi.com.tr\/index.php\/urun\/cocuk-meali\/"},"modified":"2026-04-08T03:32:19","modified_gmt":"2026-04-08T00:32:19","slug":"cocuk-meali","status":"publish","type":"product","link":"https:\/\/roveyayinevi.com.tr\/index.php\/urun\/cocuk-meali\/","title":{"rendered":"\u00c7ocuk Meali"},"content":{"rendered":"<p>K\u00fc\u00e7\u00fck kalpleri Cennetler kadar g\u00fczel olan Sevgili \u00c7ocuklar, Y\u00fcce Kitab\u0131m\u0131z Kur\u2019an-\u0131 Kerim\u2019in T\u00fcrk\u00e7e anlam\u0131na \u201cMeal\u201d denir. \u015eimdi sizin de bir \u201cMeali\u201dniz var. Sizler bu \u201c\u00c7ocuk Meali\u201dniz ile Allah\u2019\u0131n bizlere g\u00f6nderdi\u011fi kitab\u0131m\u0131z Kur\u2019an-\u0131 Kerim\u2019i anlayacaks\u0131n\u0131z. B\u00f6ylece hayat\u0131n\u0131z bilgi dolu olacak. Kur\u2019an\u2019\u0131m\u0131z\u0131n \u201c\u00c7ocuk Meali\u201d ile iman\u0131, \u0130slam\u2019\u0131, ibadetleri, farzlar\u0131, sorumluluk kavram\u0131n\u0131, ahlak\u0131 ve g\u00f6rg\u00fc kurallar\u0131n\u0131 severek \u00f6\u011freneceksiniz. En y\u00fcce ahlak\u0131n sahibi olan Sevgili Peygamberimizin (s.a.v.) \u00f6rnek ki\u015fili\u011fini ve Peygamberimizin Kur\u2019an\u2019\u0131m\u0131z\u0131 anlatmak i\u00e7in g\u00f6sterdi\u011fi b\u00fcy\u00fck gayretlerini kavrayacaks\u0131n\u0131z. Kur\u2019an\u2019\u0131m\u0131z\u0131n ayetleriyle \u00e7ok yak\u0131ndan tan\u0131\u015facaks\u0131n\u0131z. Yeni hadislerle ve \u00e7ok zevkli etkinliklerle Kur\u2019an-\u0131 Kerim\u2019i anlayarak onu \u201chayat\u0131n\u0131za hayat\u201d yapacaks\u0131n\u0131z. Sevgili \u00c7ocuklar  &#8220;OKUMAK&#8221; y\u00fcce Kitab\u0131m\u0131z Kur\u2019an-\u0131 Kerim\u2019in ilk emridir. Haydi \u00f6yleyse Cennet yolcusu olmak i\u00e7in &#8220;Bismillah&#8221; diyerek \u201c\u00c7ocuk Mealimizi\u201d okumaya ve y\u00fcce Kitab\u0131m\u0131z Kur\u2019an-\u0131 Kerim\u2019i \u00f6\u011frenmeye ba\u015flayal\u0131m. \u00c7\u00fcnk\u00fc bu \u201c\u00c7ocuk Meali\u201dnizle bolca \u00f6\u011freneceksiniz, etkinliklerini yaparken \u00e7ok\u00e7a e\u011fleneceksiniz\u2026 <\/p>\n","protected":false},"excerpt":{"rendered":"<p>K\u00fc\u00e7\u00fck kalpleri Cennetler kadar g\u00fczel olan Sevgili \u00c7ocuklar, Y\u00fcce Kitab\u0131m\u0131z Kur\u2019an-\u0131 Kerim\u2019in T\u00fcrk\u00e7e anlam\u0131na \u201cMeal\u201d denir. \u015eimdi sizin de bir \u201cMeali\u201dniz var. Sizler bu \u201c\u00c7ocuk Meali\u201dniz<span class=\"excerpt-hellip\"> [\u2026]<\/span><\/p>\n","protected":false},"featured_media":0,"template":"","meta":{"_monsterinsights_skip_tracking":false,"_monsterinsights_sitenote_active":false,"_monsterinsights_sitenote_note":"","_monsterinsights_sitenote_category":0},"product_brand":[],"product_cat":[12274,18802],"product_tag":[],"class_list":{"0":"post-770236","1":"product","2":"type-product","3":"status-publish","5":"product_cat-cocuk-ve-genclik-kitaplari","6":"product_cat-din-egitimi","7":"pa_cilt-ciltsiz","8":"pa_tur-kitap","9":"pa_yayinevi-zet-yayinlari","10":"pa_yazar-yilmaz-yenidinc","12":"first","13":"instock","14":"sale","15":"shipping-taxable","16":"purchasable","17":"product-type-simple"},"_links":{"self":[{"href":"https:\/\/roveyayinevi.com.tr\/index.php\/wp-json\/wp\/v2\/product\/770236","targetHints":{"allow":["GET"]}}],"collection":[{"href":"https:\/\/roveyayinevi.com.tr\/index.php\/wp-json\/wp\/v2\/product"}],"about":[{"href":"https:\/\/roveyayinevi.com.tr\/index.php\/wp-json\/wp\/v2\/types\/product"}],"wp:attachment":[{"href":"https:\/\/roveyayinevi.com.tr\/index.php\/wp-json\/wp\/v2\/media?parent=770236"}],"wp:term":[{"taxonomy":"product_brand","embeddable":true,"href":"https:\/\/roveyayinevi.com.tr\/index.php\/wp-json\/wp\/v2\/product_brand?post=770236"},{"taxonomy":"product_cat","embeddable":true,"href":"https:\/\/roveyayinevi.com.tr\/index.php\/wp-json\/wp\/v2\/product_cat?post=770236"},{"taxonomy":"product_tag","embeddable":true,"href":"https:\/\/roveyayinevi.com.tr\/index.php\/wp-json\/wp\/v2\/product_tag?post=770236"}],"curies":[{"name":"wp","href":"https:\/\/api.w.org\/{rel}","templated":true}]}}