{"id":770235,"date":"2025-08-28T14:22:38","date_gmt":"2025-08-28T11:22:38","guid":{"rendered":"https:\/\/roveyayinevi.com.tr\/index.php\/urun\/sefkatin-iyilestiren-gucu\/"},"modified":"2026-04-15T03:36:35","modified_gmt":"2026-04-15T00:36:35","slug":"sefkatin-iyilestiren-gucu","status":"publish","type":"product","link":"https:\/\/roveyayinevi.com.tr\/index.php\/urun\/sefkatin-iyilestiren-gucu\/","title":{"rendered":"\u015eefkatin \u0130yile\u015ftiren G\u00fcc\u00fc"},"content":{"rendered":"<p>Umutsuzlu\u011fun i\u00e7inde umudu arad\u0131k Z\u00fclal ile. Sab\u0131r \u00e7i\u00e7e\u011finin ad\u0131m ad\u0131m sunaca\u011f\u0131 g\u00fczellikleri bekledik. Dertsiz duan\u0131n so\u011fuklu\u011funu anlad\u0131k ve bu zorlu ser\u00fcvende \u015fefkatin iyile\u015ftiren g\u00fcc\u00fcne \u015fahit olduk. Bizim hayat \u00f6\u011fretmenimizdi Z\u00fclal. Topluma da sab\u0131r, \u015f\u00fck\u00fcr ve imtihan kavramlar\u0131n\u0131 idrak ettiren bir \u00f6\u011fretmen oldu. On yedi ya\u015f\u0131nda olmas\u0131, konu\u015famamas\u0131 yahut y\u00fcr\u00fcyememesi \u00f6\u011fretmenli\u011fi i\u00e7in yetersiz bir sebep de\u011fildi. Duru\u015fu, bak\u0131\u015f\u0131 ve on yedi y\u0131la s\u0131\u011fd\u0131rd\u0131klar\u0131 ile o sonsuz d\u00fcnyaya \u0131\u015f\u0131k sunan engin bir \u00f6\u011fretmen oldu. <\/p>\n","protected":false},"excerpt":{"rendered":"<p>Umutsuzlu\u011fun i\u00e7inde umudu arad\u0131k Z\u00fclal ile. Sab\u0131r \u00e7i\u00e7e\u011finin ad\u0131m ad\u0131m sunaca\u011f\u0131 g\u00fczellikleri bekledik. Dertsiz duan\u0131n so\u011fuklu\u011funu anlad\u0131k ve bu zorlu ser\u00fcvende \u015fefkatin iyile\u015ftiren g\u00fcc\u00fcne \u015fahit olduk.<span class=\"excerpt-hellip\"> [\u2026]<\/span><\/p>\n","protected":false},"featured_media":0,"template":"","meta":{"_monsterinsights_skip_tracking":false,"_monsterinsights_sitenote_active":false,"_monsterinsights_sitenote_note":"","_monsterinsights_sitenote_category":0},"product_brand":[],"product_cat":[12777,12291],"product_tag":[],"class_list":{"0":"post-770235","1":"product","2":"type-product","3":"status-publish","5":"product_cat-deneme","6":"product_cat-edebiyat","7":"pa_cilt-ciltsiz","8":"pa_tur-kitap","9":"pa_yayinevi-zet-yayinlari","10":"pa_yazar-eyup-yeter","12":"first","13":"instock","14":"sale","15":"shipping-taxable","16":"purchasable","17":"product-type-simple"},"_links":{"self":[{"href":"https:\/\/roveyayinevi.com.tr\/index.php\/wp-json\/wp\/v2\/product\/770235","targetHints":{"allow":["GET"]}}],"collection":[{"href":"https:\/\/roveyayinevi.com.tr\/index.php\/wp-json\/wp\/v2\/product"}],"about":[{"href":"https:\/\/roveyayinevi.com.tr\/index.php\/wp-json\/wp\/v2\/types\/product"}],"wp:attachment":[{"href":"https:\/\/roveyayinevi.com.tr\/index.php\/wp-json\/wp\/v2\/media?parent=770235"}],"wp:term":[{"taxonomy":"product_brand","embeddable":true,"href":"https:\/\/roveyayinevi.com.tr\/index.php\/wp-json\/wp\/v2\/product_brand?post=770235"},{"taxonomy":"product_cat","embeddable":true,"href":"https:\/\/roveyayinevi.com.tr\/index.php\/wp-json\/wp\/v2\/product_cat?post=770235"},{"taxonomy":"product_tag","embeddable":true,"href":"https:\/\/roveyayinevi.com.tr\/index.php\/wp-json\/wp\/v2\/product_tag?post=770235"}],"curies":[{"name":"wp","href":"https:\/\/api.w.org\/{rel}","templated":true}]}}