{"id":770234,"date":"2025-08-28T14:22:35","date_gmt":"2025-08-28T11:22:35","guid":{"rendered":"https:\/\/roveyayinevi.com.tr\/index.php\/urun\/epodes\/"},"modified":"2026-04-15T03:36:35","modified_gmt":"2026-04-15T00:36:35","slug":"epodes","status":"publish","type":"product","link":"https:\/\/roveyayinevi.com.tr\/index.php\/urun\/epodes\/","title":{"rendered":"Epodes"},"content":{"rendered":"<p>\u201cEy sen yenilmez olan Tanr\u0131\u00e7a Thetis\u2019in \u00f6l\u00fcml\u00fc o\u011flu Truva \u00fclkesi bekliyor seni Karamenderes\u2019in serin akt\u0131\u011f\u0131 Ve Simois\u2019in aheste aheste s\u00fcz\u00fcld\u00fc\u011f\u00fc Kaderin a\u011flar\u0131 \u00f6yle sa\u011flam \u00f6r\u00fclm\u00fc\u015ft\u00fcr ki Yasakl\u0131yor bundan b\u00f6yle geri d\u00f6nmeni \u00d6yle ki deniz mavisi annen bile Eve geri getiremez art\u0131k seni Orada \u015farap ve m\u00fczikle dinsin t\u00fcm dertlerin Tatl\u0131 tesellilerle da\u011f\u0131ls\u0131n T\u00fcm kahr\u0131n ve kederin\u201d <\/p>\n","protected":false},"excerpt":{"rendered":"<p>\u201cEy sen yenilmez olan Tanr\u0131\u00e7a Thetis\u2019in \u00f6l\u00fcml\u00fc o\u011flu Truva \u00fclkesi bekliyor seni Karamenderes\u2019in serin akt\u0131\u011f\u0131 Ve Simois\u2019in aheste aheste s\u00fcz\u00fcld\u00fc\u011f\u00fc Kaderin a\u011flar\u0131 \u00f6yle sa\u011flam \u00f6r\u00fclm\u00fc\u015ft\u00fcr ki<span class=\"excerpt-hellip\"> [\u2026]<\/span><\/p>\n","protected":false},"featured_media":0,"template":"","meta":{"_monsterinsights_skip_tracking":false,"_monsterinsights_sitenote_active":false,"_monsterinsights_sitenote_note":"","_monsterinsights_sitenote_category":0},"product_brand":[],"product_cat":[12291,12509],"product_tag":[],"class_list":{"0":"post-770234","1":"product","2":"type-product","3":"status-publish","5":"product_cat-edebiyat","6":"product_cat-siir","7":"pa_cilt-ciltsiz","8":"pa_tur-kitap","9":"pa_yayinevi-ronin-kitap","10":"pa_yazar-horatius","12":"first","13":"instock","14":"sale","15":"shipping-taxable","16":"purchasable","17":"product-type-simple"},"_links":{"self":[{"href":"https:\/\/roveyayinevi.com.tr\/index.php\/wp-json\/wp\/v2\/product\/770234","targetHints":{"allow":["GET"]}}],"collection":[{"href":"https:\/\/roveyayinevi.com.tr\/index.php\/wp-json\/wp\/v2\/product"}],"about":[{"href":"https:\/\/roveyayinevi.com.tr\/index.php\/wp-json\/wp\/v2\/types\/product"}],"wp:attachment":[{"href":"https:\/\/roveyayinevi.com.tr\/index.php\/wp-json\/wp\/v2\/media?parent=770234"}],"wp:term":[{"taxonomy":"product_brand","embeddable":true,"href":"https:\/\/roveyayinevi.com.tr\/index.php\/wp-json\/wp\/v2\/product_brand?post=770234"},{"taxonomy":"product_cat","embeddable":true,"href":"https:\/\/roveyayinevi.com.tr\/index.php\/wp-json\/wp\/v2\/product_cat?post=770234"},{"taxonomy":"product_tag","embeddable":true,"href":"https:\/\/roveyayinevi.com.tr\/index.php\/wp-json\/wp\/v2\/product_tag?post=770234"}],"curies":[{"name":"wp","href":"https:\/\/api.w.org\/{rel}","templated":true}]}}