{"id":770233,"date":"2025-08-28T14:22:34","date_gmt":"2025-08-28T11:22:34","guid":{"rendered":"https:\/\/roveyayinevi.com.tr\/index.php\/urun\/insani-maymunlastirmak-noromani-darwin-hummasi-ve-bilimciligin-sefaleti\/"},"modified":"2026-04-15T03:36:35","modified_gmt":"2026-04-15T00:36:35","slug":"insani-maymunlastirmak-noromani-darwin-hummasi-ve-bilimciligin-sefaleti","status":"publish","type":"product","link":"https:\/\/roveyayinevi.com.tr\/index.php\/urun\/insani-maymunlastirmak-noromani-darwin-hummasi-ve-bilimciligin-sefaleti\/","title":{"rendered":"\u0130nsan\u0131 Maymunla\u015ft\u0131rmak \u2013N\u00f6romani Darwin Hummas\u0131 ve Bilimcili\u011fin Sefaleti"},"content":{"rendered":"<p>Beyinlerimizden mi ibaretiz? \u0130nsan bilinci, beyin h\u00fccrelerinin faaliyetine indirgenebilir mi? Duygular\u0131m\u0131z, d\u00fc\u015f\u00fcncelerimiz ve benlik alg\u0131m\u0131z evrim s\u00fcrecinin \u015fekil verdi\u011fi biyolojik s\u00fcre\u00e7lerden ba\u015fka bir \u015fey de\u011fil mi? \u0130nsan\u0131 Maymunla\u015ft\u0131rmak\u2019ta \u00fcnl\u00fc felsefeci, n\u00f6robilimci, hekim ve h\u00fcmanist Raymond Tallis, sivri dili ve parlak \u00fcslubuyla, g\u00fcn\u00fcm\u00fcz\u00fcn bilim d\u00fcnyas\u0131nda giderek egemenlik kazanan iki g\u00f6r\u00fc\u015fe, n\u00f6robilimin insan deneyimini her y\u00f6n\u00fcyle a\u00e7\u0131klayabilece\u011fi inanc\u0131na ve her t\u00fcrl\u00fc insan davran\u0131\u015f\u0131n\u0131 evrim s\u00fcrecinde ortaya \u00e7\u0131km\u0131\u015f uyarlanmalardan ibaret g\u00f6rme e\u011filimine meydan okuyor. \u0130nsan\u0131 biyolojisine indirgeyen, \u201cbiyolojik bir makine\u201d olarak g\u00f6ren ve g\u00fcn ge\u00e7tik\u00e7e yay\u0131larak insan k\u00fclt\u00fcr\u00fcn\u00fcn sanat, toplum, be\u015feri ili\u015fkiler alanlar\u0131n\u0131 da esir almaya ba\u015flayan bilimcili\u011fe kendi deyi\u015fiyle \u201csava\u015f a\u00e7\u0131yor\u201d. Bilimin a\u00e7t\u0131\u011f\u0131 yoldan ayr\u0131lmadan da milyonlarca y\u0131l \u00f6nce primat akrabalar\u0131m\u0131zla yollar\u0131m\u0131z\u0131 ay\u0131rd\u0131\u011f\u0131m\u0131z\u0131, bug\u00fcn art\u0131k \u201chayvandan fazlas\u0131\u201d oldu\u011fumuzu g\u00f6rebilece\u011fimizi ve g\u00f6rmemiz gerekti\u011fini felsefi, bilimsel ve insan d\u00fcnyas\u0131n\u0131n i\u00e7inden \u00f6rneklerle ortaya koyuyor. Sanat, dil, ahlak, \u00f6zg\u00fcr irade ve bireysel bilin\u00e7 gibi insan ya\u015fam\u0131n\u0131 derinlemesine \u015fekillendiren olgular\u0131 anlaman\u0131n anahtar\u0131n\u0131n kolayc\u0131l\u0131\u011fa sapmadan, olan\u0131 oldu\u011fu gibi g\u00f6rmekten ge\u00e7ti\u011fini savunarak, kula\u011fa makul gelen entelekt\u00fcel modalar\u0131n tehlikelerine kar\u015f\u0131 okurlar\u0131n\u0131 uyan\u0131k olmaya davet ediyor. <\/p>\n","protected":false},"excerpt":{"rendered":"<p>Beyinlerimizden mi ibaretiz? \u0130nsan bilinci, beyin h\u00fccrelerinin faaliyetine indirgenebilir mi? Duygular\u0131m\u0131z, d\u00fc\u015f\u00fcncelerimiz ve benlik alg\u0131m\u0131z evrim s\u00fcrecinin \u015fekil verdi\u011fi biyolojik s\u00fcre\u00e7lerden ba\u015fka bir \u015fey de\u011fil mi?<span class=\"excerpt-hellip\"> [\u2026]<\/span><\/p>\n","protected":false},"featured_media":0,"template":"","meta":{"_monsterinsights_skip_tracking":false,"_monsterinsights_sitenote_active":false,"_monsterinsights_sitenote_note":"","_monsterinsights_sitenote_category":0},"product_brand":[],"product_cat":[20351,12388],"product_tag":[],"class_list":{"0":"post-770233","1":"product","2":"type-product","3":"status-publish","5":"product_cat-dusunce","6":"product_cat-felsefe","7":"pa_cilt-ciltsiz","8":"pa_tur-kitap","9":"pa_yayinevi-fol-kitap","10":"pa_yazar-raymond-tallis","12":"first","13":"instock","14":"sale","15":"shipping-taxable","16":"purchasable","17":"product-type-simple"},"_links":{"self":[{"href":"https:\/\/roveyayinevi.com.tr\/index.php\/wp-json\/wp\/v2\/product\/770233","targetHints":{"allow":["GET"]}}],"collection":[{"href":"https:\/\/roveyayinevi.com.tr\/index.php\/wp-json\/wp\/v2\/product"}],"about":[{"href":"https:\/\/roveyayinevi.com.tr\/index.php\/wp-json\/wp\/v2\/types\/product"}],"wp:attachment":[{"href":"https:\/\/roveyayinevi.com.tr\/index.php\/wp-json\/wp\/v2\/media?parent=770233"}],"wp:term":[{"taxonomy":"product_brand","embeddable":true,"href":"https:\/\/roveyayinevi.com.tr\/index.php\/wp-json\/wp\/v2\/product_brand?post=770233"},{"taxonomy":"product_cat","embeddable":true,"href":"https:\/\/roveyayinevi.com.tr\/index.php\/wp-json\/wp\/v2\/product_cat?post=770233"},{"taxonomy":"product_tag","embeddable":true,"href":"https:\/\/roveyayinevi.com.tr\/index.php\/wp-json\/wp\/v2\/product_tag?post=770233"}],"curies":[{"name":"wp","href":"https:\/\/api.w.org\/{rel}","templated":true}]}}