{"id":770232,"date":"2025-08-28T14:22:32","date_gmt":"2025-08-28T11:22:32","guid":{"rendered":"https:\/\/roveyayinevi.com.tr\/index.php\/urun\/yarina-kalir-yanina-kalmaz\/"},"modified":"2026-04-15T03:36:35","modified_gmt":"2026-04-15T00:36:35","slug":"yarina-kalir-yanina-kalmaz","status":"publish","type":"product","link":"https:\/\/roveyayinevi.com.tr\/index.php\/urun\/yarina-kalir-yanina-kalmaz\/","title":{"rendered":"Yar\u0131na Kal\u0131r Yan\u0131na Kalmaz"},"content":{"rendered":"<p>K\u0130MSE YA\u015eATTI\u011eINI YA\u015eAMADAN G\u0130TMEZ. Sana ihanet eden, yalan s\u00f6yleyen, seni en yak\u0131n arkada\u015f\u0131nla aldatan, kalbini k\u0131ran, paran\u0131 \u00e7alan, seni de\u011fersiz hissettiren, seni ezen, be\u011fenmeyen, s\u00f6zleriyle ve davran\u0131\u015flar\u0131yla k\u00fc\u00e7\u00fcmseyen, seni yar\u0131 yolda b\u0131rakan, bug\u00fcn \u201cseviyorum\u201d deyip ertesi g\u00fcn haber bile vermeden \u00e7ekip giden o adam\u0131n yan\u0131na m\u0131 kald\u0131 san\u0131yorsun? Sen a\u011flarken, \u0131st\u0131rap i\u00e7inde k\u0131vran\u0131rken; o g\u00fcn\u00fcn\u00fc g\u00fcn edip, sonsuza dek mutlu ya\u015famaya devam m\u0131 edecekti? Buna nas\u0131l inan\u0131rs\u0131n? \u0130lahi adaleti nas\u0131l unutursun? Hesap g\u00fcn\u00fc muhakkak gelir. Defterler d\u00fcr\u00fcl\u00fcr, bedeller \u00f6denir. Kimse ya\u015fatt\u0131\u011f\u0131n\u0131 ya\u015famadan gitmez. Bu kitapta kad\u0131nlar\u0131n a\u015fkla, parayla, ihanetle ve ayr\u0131l\u0131klarla verdi\u011fi s\u0131navlar\u0131n i\u00e7inden nas\u0131l g\u00fc\u00e7lenerek \u00e7\u0131kt\u0131klar\u0131n\u0131 de\u011fil, nas\u0131l hesapla\u015ft\u0131klar\u0131n\u0131 okuyacaks\u0131n. \u0130lahi adaletin tecellisini h\u0131zland\u0131ran rit\u00fcellerin ne b\u00fcy\u00fck mucizelere yol a\u00e7t\u0131\u011f\u0131na inanamayacaks\u0131n. Bu kitap, insan ili\u015fkilerinin derin dehlizlerine iniyor. Aldat\u0131lan, ihanete u\u011frayan, sevgiyi yara band\u0131 gibi kullanan, yasak a\u015fklara s\u00fcr\u00fcklenen kad\u0131nlar\u0131n hik\u00e2yelerini kaleme al\u0131yor. Her hik\u00e2ye bir i\u00e7 hesapla\u015fma, her c\u00fcmle bir uyan\u0131\u015f daveti&#8230; <\/p>\n","protected":false},"excerpt":{"rendered":"<p>K\u0130MSE YA\u015eATTI\u011eINI YA\u015eAMADAN G\u0130TMEZ. Sana ihanet eden, yalan s\u00f6yleyen, seni en yak\u0131n arkada\u015f\u0131nla aldatan, kalbini k\u0131ran, paran\u0131 \u00e7alan, seni de\u011fersiz hissettiren, seni ezen, be\u011fenmeyen, s\u00f6zleriyle ve<span class=\"excerpt-hellip\"> [\u2026]<\/span><\/p>\n","protected":false},"featured_media":0,"template":"","meta":{"_monsterinsights_skip_tracking":false,"_monsterinsights_sitenote_active":false,"_monsterinsights_sitenote_note":"","_monsterinsights_sitenote_category":0},"product_brand":[],"product_cat":[12364,12376],"product_tag":[],"class_list":{"0":"post-770232","1":"product","2":"type-product","3":"status-publish","5":"product_cat-genel-konular","6":"product_cat-kisisel-gelisim","7":"pa_cilt-ciltsiz","8":"pa_tur-kitap","9":"pa_yayinevi-destek-yayinlari","10":"pa_yazar-bircan-yildirim","12":"first","13":"instock","14":"sale","15":"shipping-taxable","16":"purchasable","17":"product-type-simple"},"_links":{"self":[{"href":"https:\/\/roveyayinevi.com.tr\/index.php\/wp-json\/wp\/v2\/product\/770232","targetHints":{"allow":["GET"]}}],"collection":[{"href":"https:\/\/roveyayinevi.com.tr\/index.php\/wp-json\/wp\/v2\/product"}],"about":[{"href":"https:\/\/roveyayinevi.com.tr\/index.php\/wp-json\/wp\/v2\/types\/product"}],"wp:attachment":[{"href":"https:\/\/roveyayinevi.com.tr\/index.php\/wp-json\/wp\/v2\/media?parent=770232"}],"wp:term":[{"taxonomy":"product_brand","embeddable":true,"href":"https:\/\/roveyayinevi.com.tr\/index.php\/wp-json\/wp\/v2\/product_brand?post=770232"},{"taxonomy":"product_cat","embeddable":true,"href":"https:\/\/roveyayinevi.com.tr\/index.php\/wp-json\/wp\/v2\/product_cat?post=770232"},{"taxonomy":"product_tag","embeddable":true,"href":"https:\/\/roveyayinevi.com.tr\/index.php\/wp-json\/wp\/v2\/product_tag?post=770232"}],"curies":[{"name":"wp","href":"https:\/\/api.w.org\/{rel}","templated":true}]}}