{"id":770231,"date":"2025-08-28T14:22:31","date_gmt":"2025-08-28T11:22:31","guid":{"rendered":"https:\/\/roveyayinevi.com.tr\/index.php\/urun\/devlet-adamlari-nasil-dusunur-uluslararasi-politikanin-psikolojisi\/"},"modified":"2026-04-15T03:36:35","modified_gmt":"2026-04-15T00:36:35","slug":"devlet-adamlari-nasil-dusunur-uluslararasi-politikanin-psikolojisi","status":"publish","type":"product","link":"https:\/\/roveyayinevi.com.tr\/index.php\/urun\/devlet-adamlari-nasil-dusunur-uluslararasi-politikanin-psikolojisi\/","title":{"rendered":"Devlet Adamlar\u0131 Nas\u0131l D\u00fc\u015f\u00fcn\u00fcr? \u2013Uluslararas\u0131 Politikan\u0131n Psikolojisi"},"content":{"rendered":"<p>Tan\u0131nm\u0131\u015f siyaset bilimci Robert Jervis, bu kitab\u0131nda devlet adamlar\u0131n\u0131n yapt\u0131klar\u0131 tercihlerin ard\u0131nda yatan psikolojiyi sorgulayarak, gayri\u015fahsi yap\u0131lar\u0131n, kurumlar\u0131n, kurallar\u0131n ve team\u00fcllerin y\u00f6n verdi\u011fi d\u00fc\u015f\u00fcn\u00fclen uluslararas\u0131 siyasette ki\u015fisel alg\u0131lar\u0131n, yanl\u0131\u015f anlamalar\u0131n ve bili\u015fsel tarafgirliklerin ne denli etkili oldu\u011funu ortaya koyuyor. Yar\u0131m y\u00fczy\u0131la yakla\u015fan meslek hayat\u0131nda edindi\u011fi tecr\u00fcbeleri ve alanda yap\u0131lagelen ara\u015ft\u0131rmalar\u0131 bir araya getiren Jervis, siyasi liderlerin ve y\u00f6neticilerin istihbaratlar\u0131 ve olas\u0131 tehditleri nas\u0131l yorumlad\u0131klar\u0131n\u0131, diplomasi dans\u0131n\u0131 bazen b\u0131\u00e7ak s\u0131rt\u0131nda ustal\u0131kla nas\u0131l yapt\u0131klar\u0131n\u0131 ve bazen de felakete yol a\u00e7acak kararlara hangi g\u00fcd\u00fclerle imza att\u0131klar\u0131n\u0131 irdeliyor. N\u00fckleer felaketin kap\u0131da oldu\u011fu So\u011fuk Sava\u015f d\u00f6neminin diplomatik k\u0131vrakl\u0131klar\u0131ndan, \u00dc\u00e7\u00fcnc\u00fc D\u00fcnya \u00fclkelerinde ya\u015fanan gerilimlere, ABD-Rusya ili\u015fkilerinden g\u00fcn\u00fcm\u00fcz\u00fcn etnik ve jeopolitik \u00e7at\u0131\u015fmalar\u0131na kadar uzanan geni\u015f bir yelpazede ger\u00e7ek d\u00fcnyadan \u00f6rneklerle modern tarihin en etkili uluslararas\u0131 siyasi kararlar\u0131ndan baz\u0131lar\u0131n\u0131n ard\u0131nda yatan stratejik hesaplamalar\u0131n mant\u0131\u011f\u0131n\u0131 ve psikolojisini g\u00f6zler \u00f6n\u00fcne seriyor.<\/p>\n","protected":false},"excerpt":{"rendered":"<p>Tan\u0131nm\u0131\u015f siyaset bilimci Robert Jervis, bu kitab\u0131nda devlet adamlar\u0131n\u0131n yapt\u0131klar\u0131 tercihlerin ard\u0131nda yatan psikolojiyi sorgulayarak, gayri\u015fahsi yap\u0131lar\u0131n, kurumlar\u0131n, kurallar\u0131n ve team\u00fcllerin y\u00f6n verdi\u011fi d\u00fc\u015f\u00fcn\u00fclen uluslararas\u0131 siyasette<span class=\"excerpt-hellip\"> [\u2026]<\/span><\/p>\n","protected":false},"featured_media":0,"template":"","meta":{"_monsterinsights_skip_tracking":false,"_monsterinsights_sitenote_active":false,"_monsterinsights_sitenote_note":"","_monsterinsights_sitenote_category":0},"product_brand":[],"product_cat":[13590,12337],"product_tag":[],"class_list":{"0":"post-770231","1":"product","2":"type-product","3":"status-publish","5":"product_cat-arastirma-inceleme-politika-siyaset","6":"product_cat-politika-siyaset","7":"pa_cilt-ciltsiz","8":"pa_tur-kitap","9":"pa_yayinevi-fol-kitap","10":"pa_yazar-robert-jervis","12":"first","13":"instock","14":"sale","15":"shipping-taxable","16":"purchasable","17":"product-type-simple"},"_links":{"self":[{"href":"https:\/\/roveyayinevi.com.tr\/index.php\/wp-json\/wp\/v2\/product\/770231","targetHints":{"allow":["GET"]}}],"collection":[{"href":"https:\/\/roveyayinevi.com.tr\/index.php\/wp-json\/wp\/v2\/product"}],"about":[{"href":"https:\/\/roveyayinevi.com.tr\/index.php\/wp-json\/wp\/v2\/types\/product"}],"wp:attachment":[{"href":"https:\/\/roveyayinevi.com.tr\/index.php\/wp-json\/wp\/v2\/media?parent=770231"}],"wp:term":[{"taxonomy":"product_brand","embeddable":true,"href":"https:\/\/roveyayinevi.com.tr\/index.php\/wp-json\/wp\/v2\/product_brand?post=770231"},{"taxonomy":"product_cat","embeddable":true,"href":"https:\/\/roveyayinevi.com.tr\/index.php\/wp-json\/wp\/v2\/product_cat?post=770231"},{"taxonomy":"product_tag","embeddable":true,"href":"https:\/\/roveyayinevi.com.tr\/index.php\/wp-json\/wp\/v2\/product_tag?post=770231"}],"curies":[{"name":"wp","href":"https:\/\/api.w.org\/{rel}","templated":true}]}}