{"id":770230,"date":"2025-08-28T14:22:29","date_gmt":"2025-08-28T11:22:29","guid":{"rendered":"https:\/\/roveyayinevi.com.tr\/index.php\/urun\/denizler-oynat-kesfet\/"},"modified":"2026-04-15T03:36:35","modified_gmt":"2026-04-15T00:36:35","slug":"denizler-oynat-kesfet","status":"publish","type":"product","link":"https:\/\/roveyayinevi.com.tr\/index.php\/urun\/denizler-oynat-kesfet\/","title":{"rendered":"Denizler &#8211; Oynat Ke\u015ffet"},"content":{"rendered":"<p>\u00c7ek, it, kayd\u0131r! Denizin derinliklerini ke\u015ffet!   \u00c7ocuklar, denizlerin b\u00fcy\u00fcleyici d\u00fcnyas\u0131n\u0131 ke\u015ffetmeye haz\u0131r! Parmaklar\u0131yla sahneleri hareket ettirerek, mercanlar\u0131n aras\u0131nda kimlerin sakland\u0131\u011f\u0131n\u0131, denizin derinliklerini kimin ayd\u0131nlatt\u0131\u011f\u0131n\u0131 ve su alt\u0131ndaki renkli ya\u015fam\u0131 ke\u015ffedecekler.   Hareketli sahneler, miniklerin el-g\u00f6z koordinasyonunu ve \u00e7evreyi anlama becerilerini geli\u015ftirirken, e\u011flenceli ke\u015fiflerle dolu bir okuma deneyimi sunacak. \u00c7ocu\u011funuzun elinden d\u00fc\u015f\u00fcrmeyece\u011fi Oynat Ke\u015ffet serisi hem \u00e7ok e\u011flenceli hem de \u00e7ok dayan\u0131kl\u0131! <\/p>\n","protected":false},"excerpt":{"rendered":"<p>\u00c7ek, it, kayd\u0131r! Denizin derinliklerini ke\u015ffet! \u00c7ocuklar, denizlerin b\u00fcy\u00fcleyici d\u00fcnyas\u0131n\u0131 ke\u015ffetmeye haz\u0131r! Parmaklar\u0131yla sahneleri hareket ettirerek, mercanlar\u0131n aras\u0131nda kimlerin sakland\u0131\u011f\u0131n\u0131, denizin derinliklerini kimin ayd\u0131nlatt\u0131\u011f\u0131n\u0131 ve su<span class=\"excerpt-hellip\"> [\u2026]<\/span><\/p>\n","protected":false},"featured_media":0,"template":"","meta":{"_monsterinsights_skip_tracking":false,"_monsterinsights_sitenote_active":false,"_monsterinsights_sitenote_note":"","_monsterinsights_sitenote_category":0},"product_brand":[],"product_cat":[12274,12518],"product_tag":[],"class_list":{"0":"post-770230","1":"product","2":"type-product","3":"status-publish","5":"product_cat-cocuk-ve-genclik-kitaplari","6":"product_cat-okul-oncesi-kitaplar","7":"pa_cilt-ciltli","8":"pa_tur-kitap","9":"pa_yayinevi-masalperest","10":"pa_yazar-kolektif","12":"first","13":"instock","14":"sale","15":"shipping-taxable","16":"purchasable","17":"product-type-simple"},"_links":{"self":[{"href":"https:\/\/roveyayinevi.com.tr\/index.php\/wp-json\/wp\/v2\/product\/770230","targetHints":{"allow":["GET"]}}],"collection":[{"href":"https:\/\/roveyayinevi.com.tr\/index.php\/wp-json\/wp\/v2\/product"}],"about":[{"href":"https:\/\/roveyayinevi.com.tr\/index.php\/wp-json\/wp\/v2\/types\/product"}],"wp:attachment":[{"href":"https:\/\/roveyayinevi.com.tr\/index.php\/wp-json\/wp\/v2\/media?parent=770230"}],"wp:term":[{"taxonomy":"product_brand","embeddable":true,"href":"https:\/\/roveyayinevi.com.tr\/index.php\/wp-json\/wp\/v2\/product_brand?post=770230"},{"taxonomy":"product_cat","embeddable":true,"href":"https:\/\/roveyayinevi.com.tr\/index.php\/wp-json\/wp\/v2\/product_cat?post=770230"},{"taxonomy":"product_tag","embeddable":true,"href":"https:\/\/roveyayinevi.com.tr\/index.php\/wp-json\/wp\/v2\/product_tag?post=770230"}],"curies":[{"name":"wp","href":"https:\/\/api.w.org\/{rel}","templated":true}]}}