{"id":770228,"date":"2025-08-28T14:22:20","date_gmt":"2025-08-28T11:22:20","guid":{"rendered":"https:\/\/roveyayinevi.com.tr\/index.php\/urun\/vahsi-ormanda-mini-pop-up\/"},"modified":"2026-04-15T03:36:35","modified_gmt":"2026-04-15T00:36:35","slug":"vahsi-ormanda-mini-pop-up","status":"publish","type":"product","link":"https:\/\/roveyayinevi.com.tr\/index.php\/urun\/vahsi-ormanda-mini-pop-up\/","title":{"rendered":"Vah\u015fi Ormanda &#8211; Mini Pop Up"},"content":{"rendered":"<p>Ormandaki sevimli hayvanlar canlan\u0131p sana merhaba demek i\u00e7in sab\u0131rs\u0131zlan\u0131yor. G\u00fc\u00e7l\u00fc aslandan b\u00fcy\u00fck su ayg\u0131r\u0131na kadar \u00e7e\u015fitli hayvanlarla tan\u0131\u015fmaya ne dersin? \u00d6yleyse kitab\u0131 a\u00e7 ve bu tatl\u0131 hayvanlar\u0131 ke\u015ffet!   Her sayfada hayvan pop-up\u2019lar\u0131 seni bekliyor!   \u00c7ocuk edebiyat\u0131n\u0131n sevilen markalar\u0131ndan Masalperest, minik okurlar i\u00e7in e\u011flenceli ve \u00f6\u011fretici bir kitap serisi sunuyor: Mini POP-UP! Serinin en yeni kitab\u0131 &#8220;Vah\u015fi Ormanda!&#8221;, e\u011flenceli anlat\u0131m\u0131 ve \u00fc\u00e7 boyutlu sayfalar\u0131yla \u00e7ocuklar\u0131 hayvanlar\u0131n b\u00fcy\u00fcleyici d\u00fcnyas\u0131na davet ediyor.   Renkli ve hareketli tasar\u0131m\u0131yla dikkat \u00e7eken &#8220;Vah\u015fi Ormanda!&#8221;, \u00e7ocuklar\u0131n el-g\u00f6z koordinasyonunu geli\u015ftirirken, onlar\u0131n okuma sevgisini art\u0131rmaya yard\u0131mc\u0131 oluyor. E\u011flenceli metinleri ve s\u00fcrpriz pop-up sayfalar\u0131yla, miniklerin ke\u015fif duygusunu harekete ge\u00e7iren bu kitap, ebeveynlerin ve \u00f6\u011fretmenlerin favorisi olmaya aday! <\/p>\n","protected":false},"excerpt":{"rendered":"<p>Ormandaki sevimli hayvanlar canlan\u0131p sana merhaba demek i\u00e7in sab\u0131rs\u0131zlan\u0131yor. G\u00fc\u00e7l\u00fc aslandan b\u00fcy\u00fck su ayg\u0131r\u0131na kadar \u00e7e\u015fitli hayvanlarla tan\u0131\u015fmaya ne dersin? \u00d6yleyse kitab\u0131 a\u00e7 ve bu tatl\u0131<span class=\"excerpt-hellip\"> [\u2026]<\/span><\/p>\n","protected":false},"featured_media":0,"template":"","meta":{"_monsterinsights_skip_tracking":false,"_monsterinsights_sitenote_active":false,"_monsterinsights_sitenote_note":"","_monsterinsights_sitenote_category":0},"product_brand":[],"product_cat":[12274,12518],"product_tag":[],"class_list":{"0":"post-770228","1":"product","2":"type-product","3":"status-publish","5":"product_cat-cocuk-ve-genclik-kitaplari","6":"product_cat-okul-oncesi-kitaplar","7":"pa_cilt-ciltli","8":"pa_tur-kitap","9":"pa_yayinevi-masalperest","10":"pa_yazar-kolektif","12":"first","13":"instock","14":"sale","15":"shipping-taxable","16":"purchasable","17":"product-type-simple"},"_links":{"self":[{"href":"https:\/\/roveyayinevi.com.tr\/index.php\/wp-json\/wp\/v2\/product\/770228","targetHints":{"allow":["GET"]}}],"collection":[{"href":"https:\/\/roveyayinevi.com.tr\/index.php\/wp-json\/wp\/v2\/product"}],"about":[{"href":"https:\/\/roveyayinevi.com.tr\/index.php\/wp-json\/wp\/v2\/types\/product"}],"wp:attachment":[{"href":"https:\/\/roveyayinevi.com.tr\/index.php\/wp-json\/wp\/v2\/media?parent=770228"}],"wp:term":[{"taxonomy":"product_brand","embeddable":true,"href":"https:\/\/roveyayinevi.com.tr\/index.php\/wp-json\/wp\/v2\/product_brand?post=770228"},{"taxonomy":"product_cat","embeddable":true,"href":"https:\/\/roveyayinevi.com.tr\/index.php\/wp-json\/wp\/v2\/product_cat?post=770228"},{"taxonomy":"product_tag","embeddable":true,"href":"https:\/\/roveyayinevi.com.tr\/index.php\/wp-json\/wp\/v2\/product_tag?post=770228"}],"curies":[{"name":"wp","href":"https:\/\/api.w.org\/{rel}","templated":true}]}}