{"id":770227,"date":"2025-08-28T14:22:18","date_gmt":"2025-08-28T11:22:18","guid":{"rendered":"https:\/\/roveyayinevi.com.tr\/index.php\/urun\/afacan-dinolar-mini-pop-up-ciltli\/"},"modified":"2026-04-15T03:36:35","modified_gmt":"2026-04-15T00:36:35","slug":"afacan-dinolar-mini-pop-up-ciltli","status":"publish","type":"product","link":"https:\/\/roveyayinevi.com.tr\/index.php\/urun\/afacan-dinolar-mini-pop-up-ciltli\/","title":{"rendered":"Afacan Dinolar &#8211; Mini Pop Up (Ciltli)"},"content":{"rendered":"<p>Afacan dinozorlar canlan\u0131p sana merhaba demek i\u00e7in sab\u0131rs\u0131zlan\u0131yor. G\u00fc\u00e7l\u00fc T-Rex\u2019ten b\u00fcy\u00fck Triceratops\u2019a kadar \u00e7e\u015fitli dinozorlarla tan\u0131\u015fmaya ne dersin? \u00d6yleyse kitab\u0131 a\u00e7 ve bu ilgin\u00e7 dinozorlar\u0131 ke\u015ffet! Her sayfada dinozor pop-up\u2019lar\u0131 seni bekliyor!   \u00c7ocuk edebiyat\u0131n\u0131n sevilen markalar\u0131ndan Masalperest, minik okurlar i\u00e7in e\u011flenceli ve \u00f6\u011fretici bir kitap serisi sunuyor: Mini POP-UP! Serinin en yeni kitab\u0131 &#8220;Afacan Dinolar!&#8221;, e\u011flenceli anlat\u0131m\u0131 ve \u00fc\u00e7 boyutlu sayfalar\u0131yla \u00e7ocuklar\u0131 dinozorlar\u0131n b\u00fcy\u00fcleyici d\u00fcnyas\u0131na davet ediyor.     Renkli ve hareketli tasar\u0131m\u0131yla dikkat \u00e7eken &#8220;Afacan Dinolar!&#8221;, \u00e7ocuklar\u0131n el-g\u00f6z koordinasyonunu geli\u015ftirirken, onlar\u0131n okuma sevgisini art\u0131rmaya yard\u0131mc\u0131 oluyor. E\u011flenceli metinleri ve s\u00fcrpriz pop-up sayfalar\u0131yla, miniklerin ke\u015fif duygusunu harekete ge\u00e7iren bu kitap, ebeveynlerin ve \u00f6\u011fretmenlerin favorisi olmaya aday! <\/p>\n","protected":false},"excerpt":{"rendered":"<p>Afacan dinozorlar canlan\u0131p sana merhaba demek i\u00e7in sab\u0131rs\u0131zlan\u0131yor. G\u00fc\u00e7l\u00fc T-Rex\u2019ten b\u00fcy\u00fck Triceratops\u2019a kadar \u00e7e\u015fitli dinozorlarla tan\u0131\u015fmaya ne dersin? \u00d6yleyse kitab\u0131 a\u00e7 ve bu ilgin\u00e7 dinozorlar\u0131 ke\u015ffet!<span class=\"excerpt-hellip\"> [\u2026]<\/span><\/p>\n","protected":false},"featured_media":0,"template":"","meta":{"_monsterinsights_skip_tracking":false,"_monsterinsights_sitenote_active":false,"_monsterinsights_sitenote_note":"","_monsterinsights_sitenote_category":0},"product_brand":[],"product_cat":[12274,12284],"product_tag":[],"class_list":{"0":"post-770227","1":"product","2":"type-product","3":"status-publish","5":"product_cat-cocuk-ve-genclik-kitaplari","6":"product_cat-hikayeler","7":"pa_cilt-ciltli","8":"pa_tur-kitap","9":"pa_yayinevi-masalperest","10":"pa_yazar-anonim","12":"first","13":"instock","14":"sale","15":"shipping-taxable","16":"purchasable","17":"product-type-simple"},"_links":{"self":[{"href":"https:\/\/roveyayinevi.com.tr\/index.php\/wp-json\/wp\/v2\/product\/770227","targetHints":{"allow":["GET"]}}],"collection":[{"href":"https:\/\/roveyayinevi.com.tr\/index.php\/wp-json\/wp\/v2\/product"}],"about":[{"href":"https:\/\/roveyayinevi.com.tr\/index.php\/wp-json\/wp\/v2\/types\/product"}],"wp:attachment":[{"href":"https:\/\/roveyayinevi.com.tr\/index.php\/wp-json\/wp\/v2\/media?parent=770227"}],"wp:term":[{"taxonomy":"product_brand","embeddable":true,"href":"https:\/\/roveyayinevi.com.tr\/index.php\/wp-json\/wp\/v2\/product_brand?post=770227"},{"taxonomy":"product_cat","embeddable":true,"href":"https:\/\/roveyayinevi.com.tr\/index.php\/wp-json\/wp\/v2\/product_cat?post=770227"},{"taxonomy":"product_tag","embeddable":true,"href":"https:\/\/roveyayinevi.com.tr\/index.php\/wp-json\/wp\/v2\/product_tag?post=770227"}],"curies":[{"name":"wp","href":"https:\/\/api.w.org\/{rel}","templated":true}]}}