{"id":770226,"date":"2025-08-28T14:22:17","date_gmt":"2025-08-28T11:22:17","guid":{"rendered":"https:\/\/roveyayinevi.com.tr\/index.php\/urun\/bebek-hayvanlar-mini-pop-up-ciltli\/"},"modified":"2026-04-15T03:36:35","modified_gmt":"2026-04-15T00:36:35","slug":"bebek-hayvanlar-mini-pop-up-ciltli","status":"publish","type":"product","link":"https:\/\/roveyayinevi.com.tr\/index.php\/urun\/bebek-hayvanlar-mini-pop-up-ciltli\/","title":{"rendered":"Bebek Hayvanlar &#8211; Mini Pop Up (Ciltli)"},"content":{"rendered":"<p>Sevimli bebek hayvanlar canlan\u0131p sana merhaba demek i\u00e7in sab\u0131rs\u0131zlan\u0131yor. Minik zebralardan yavru leoparlara kadar \u00e7e\u015fitli hayvanlarla tan\u0131\u015fmaya ne dersin? \u00d6yleyse kitab\u0131 a\u00e7 ve bu tatl\u0131 yavrular\u0131 ke\u015ffet!   Masalperest\u2019in sevilen Mini POP-UP serisi, bebeklerin g\u00f6rsel alg\u0131s\u0131n\u0131 geli\u015ftirmeye yard\u0131mc\u0131 olacak &#8220;Bebek Hayvanlar&#8221; kitab\u0131yla geni\u015fliyor! Siyah-beyaz y\u00fcksek kontrastl\u0131 tasar\u0131m\u0131yla bebeklerin ilgisini \u00e7ekecek bu \u00f6zel kitap, \u00fc\u00e7 boyutlu s\u00fcrprizleriyle minik okuyuculara keyifli bir deneyim sunuyor.   Yeni do\u011fan bebeklerin g\u00f6rsel geli\u015fimini desteklemek i\u00e7in \u00f6zel olarak tasarlanan &#8220;Bebek Hayvanlar&#8221;, g\u00fc\u00e7l\u00fc kontrast renkleri ve sevimli hayvan fig\u00fcrleriyle dikkat \u00e7ekiyor. Pop-up \u00f6zelli\u011fi sayesinde bebeklerin ke\u015ffetme ve dokunma duyular\u0131n\u0131 harekete ge\u00e7iren bu kitap, erken ya\u015fta kitap sevgisi kazand\u0131rmak i\u00e7in harika bir ba\u015flang\u0131\u00e7 sunuyor. <\/p>\n","protected":false},"excerpt":{"rendered":"<p>Sevimli bebek hayvanlar canlan\u0131p sana merhaba demek i\u00e7in sab\u0131rs\u0131zlan\u0131yor. Minik zebralardan yavru leoparlara kadar \u00e7e\u015fitli hayvanlarla tan\u0131\u015fmaya ne dersin? \u00d6yleyse kitab\u0131 a\u00e7 ve bu tatl\u0131 yavrular\u0131<span class=\"excerpt-hellip\"> [\u2026]<\/span><\/p>\n","protected":false},"featured_media":0,"template":"","meta":{"_monsterinsights_skip_tracking":false,"_monsterinsights_sitenote_active":false,"_monsterinsights_sitenote_note":"","_monsterinsights_sitenote_category":0},"product_brand":[],"product_cat":[12274],"product_tag":[],"class_list":{"0":"post-770226","1":"product","2":"type-product","3":"status-publish","5":"product_cat-cocuk-ve-genclik-kitaplari","6":"pa_cilt-ciltli","7":"pa_tur-kitap","8":"pa_yayinevi-masalperest","9":"pa_yazar-anonim","11":"first","12":"instock","13":"sale","14":"shipping-taxable","15":"purchasable","16":"product-type-simple"},"_links":{"self":[{"href":"https:\/\/roveyayinevi.com.tr\/index.php\/wp-json\/wp\/v2\/product\/770226","targetHints":{"allow":["GET"]}}],"collection":[{"href":"https:\/\/roveyayinevi.com.tr\/index.php\/wp-json\/wp\/v2\/product"}],"about":[{"href":"https:\/\/roveyayinevi.com.tr\/index.php\/wp-json\/wp\/v2\/types\/product"}],"wp:attachment":[{"href":"https:\/\/roveyayinevi.com.tr\/index.php\/wp-json\/wp\/v2\/media?parent=770226"}],"wp:term":[{"taxonomy":"product_brand","embeddable":true,"href":"https:\/\/roveyayinevi.com.tr\/index.php\/wp-json\/wp\/v2\/product_brand?post=770226"},{"taxonomy":"product_cat","embeddable":true,"href":"https:\/\/roveyayinevi.com.tr\/index.php\/wp-json\/wp\/v2\/product_cat?post=770226"},{"taxonomy":"product_tag","embeddable":true,"href":"https:\/\/roveyayinevi.com.tr\/index.php\/wp-json\/wp\/v2\/product_tag?post=770226"}],"curies":[{"name":"wp","href":"https:\/\/api.w.org\/{rel}","templated":true}]}}