{"id":770224,"date":"2025-08-28T14:22:14","date_gmt":"2025-08-28T11:22:14","guid":{"rendered":"https:\/\/roveyayinevi.com.tr\/index.php\/urun\/21-gunde-ustalas-dogal-taslar\/"},"modified":"2026-04-15T03:36:35","modified_gmt":"2026-04-15T00:36:35","slug":"21-gunde-ustalas-dogal-taslar","status":"publish","type":"product","link":"https:\/\/roveyayinevi.com.tr\/index.php\/urun\/21-gunde-ustalas-dogal-taslar\/","title":{"rendered":"21 G\u00fcnde Ustala\u015f Do\u011fal Ta\u015flar"},"content":{"rendered":"<p>21 G\u00fcnde Yepyeni Bilgilerle Kendinizi Daha \u0130yi Tan\u0131maya Haz\u0131r m\u0131s\u0131n\u0131z?Ara\u015ft\u0131rmalar, hayat\u0131m\u0131zda yeni olan bir \u015feyin al\u0131\u015fkanl\u0131\u011fa d\u00f6n\u00fc\u015fmesi i\u00e7in 21 g\u00fcne ihtiya\u00e7 duydu\u011fumuzu g\u00f6steriyor. Merak etti\u011finiz konularla ilgili her g\u00fcn yerni bir bilgi \u00f6\u011frenerek spirit\u00fcel ilgi alanlar\u0131n\u0131z\u0131 geni\u015fletmeye ne dersiniz?Do\u011fal ta\u015flar\u0131n b\u00fcy\u00fcleyici d\u00fcnyas\u0131na ad\u0131m atmaya haz\u0131r m\u0131s\u0131n\u0131z? Judy Hall&#8217;un bilgeli\u011fiyle derlenmi\u015f bu kitap ile her biri farkl\u0131 enerjilere sahip olan ta\u015flar\u0131n nas\u0131l se\u00e7ilece\u011fini, \u00e7akra temizli\u011finden meditasyona kadar pek \u00e7ok alanda nas\u0131l kullan\u0131laca\u011f\u0131n\u0131 ke\u015ffedebilirsiniz.Sadece 21 g\u00fcn i\u00e7inde, do\u011fan ta\u015flar\u0131n farkl\u0131 y\u00f6nlerini ke\u015ffedecek ve onlar\u0131n g\u00fcc\u00fcnden nas\u0131l faydalanabilece\u011fini \u00f6\u011freneceksiniz. \u0130\u00e7inizdeki potansiyeli a\u00e7\u0131\u011fa \u00e7\u0131karmak ve do\u011f\u011fal ta\u015flarn enerjisini hayat\u0131n\u0131za dahil etmek i\u00e7in \u015fimdi harekete ge\u00e7in ve 21 g\u00fcnl\u00fck bu yolculu\u011fa ilk ad\u0131m\u0131n\u0131z\u0131 at\u0131n!<\/p>\n","protected":false},"excerpt":{"rendered":"<p>21 G\u00fcnde Yepyeni Bilgilerle Kendinizi Daha \u0130yi Tan\u0131maya Haz\u0131r m\u0131s\u0131n\u0131z?Ara\u015ft\u0131rmalar, hayat\u0131m\u0131zda yeni olan bir \u015feyin al\u0131\u015fkanl\u0131\u011fa d\u00f6n\u00fc\u015fmesi i\u00e7in 21 g\u00fcne ihtiya\u00e7 duydu\u011fumuzu g\u00f6steriyor. Merak etti\u011finiz konularla<span class=\"excerpt-hellip\"> [\u2026]<\/span><\/p>\n","protected":false},"featured_media":0,"template":"","meta":{"_monsterinsights_skip_tracking":false,"_monsterinsights_sitenote_active":false,"_monsterinsights_sitenote_note":"","_monsterinsights_sitenote_category":0},"product_brand":[],"product_cat":[12364,16154],"product_tag":[],"class_list":{"0":"post-770224","1":"product","2":"type-product","3":"status-publish","5":"product_cat-genel-konular","6":"product_cat-parapsikoloji","7":"pa_cilt-ciltsiz","8":"pa_tur-kitap","9":"pa_yayinevi-omega","10":"pa_yazar-judy-hall","12":"first","13":"instock","14":"sale","15":"shipping-taxable","16":"purchasable","17":"product-type-simple"},"_links":{"self":[{"href":"https:\/\/roveyayinevi.com.tr\/index.php\/wp-json\/wp\/v2\/product\/770224","targetHints":{"allow":["GET"]}}],"collection":[{"href":"https:\/\/roveyayinevi.com.tr\/index.php\/wp-json\/wp\/v2\/product"}],"about":[{"href":"https:\/\/roveyayinevi.com.tr\/index.php\/wp-json\/wp\/v2\/types\/product"}],"wp:attachment":[{"href":"https:\/\/roveyayinevi.com.tr\/index.php\/wp-json\/wp\/v2\/media?parent=770224"}],"wp:term":[{"taxonomy":"product_brand","embeddable":true,"href":"https:\/\/roveyayinevi.com.tr\/index.php\/wp-json\/wp\/v2\/product_brand?post=770224"},{"taxonomy":"product_cat","embeddable":true,"href":"https:\/\/roveyayinevi.com.tr\/index.php\/wp-json\/wp\/v2\/product_cat?post=770224"},{"taxonomy":"product_tag","embeddable":true,"href":"https:\/\/roveyayinevi.com.tr\/index.php\/wp-json\/wp\/v2\/product_tag?post=770224"}],"curies":[{"name":"wp","href":"https:\/\/api.w.org\/{rel}","templated":true}]}}