{"id":770220,"date":"2025-08-28T14:22:06","date_gmt":"2025-08-28T11:22:06","guid":{"rendered":"https:\/\/roveyayinevi.com.tr\/index.php\/urun\/anne-kalbi\/"},"modified":"2026-04-15T03:36:35","modified_gmt":"2026-04-15T00:36:35","slug":"anne-kalbi","status":"publish","type":"product","link":"https:\/\/roveyayinevi.com.tr\/index.php\/urun\/anne-kalbi\/","title":{"rendered":"Anne Kalbi"},"content":{"rendered":"<p>Mevsime g\u00f6re renkleri de\u011fi\u015fen harika bir k\u0131r ortam\u0131nda, do\u011fayla ve birbirleriyle uyum i\u00e7inde ya\u015fayan bir anne ve \u00e7ocu\u011funun hik\u00e2yesi. Payla\u015f\u0131lan anlar, s\u00f6zler, \u015fark\u0131lar ve oyunlarla, \u00e7evrelerindeki g\u00fczelliklerle mutlulu\u011fu bulan, birbirine ba\u011fl\u0131 iki kalp. Anne-\u00e7ocuk sevgisine bir \u00f6vg\u00fc\u2026  <\/p>\n","protected":false},"excerpt":{"rendered":"<p>Mevsime g\u00f6re renkleri de\u011fi\u015fen harika bir k\u0131r ortam\u0131nda, do\u011fayla ve birbirleriyle uyum i\u00e7inde ya\u015fayan bir anne ve \u00e7ocu\u011funun hik\u00e2yesi. Payla\u015f\u0131lan anlar, s\u00f6zler, \u015fark\u0131lar ve oyunlarla, \u00e7evrelerindeki<span class=\"excerpt-hellip\"> [\u2026]<\/span><\/p>\n","protected":false},"featured_media":0,"template":"","meta":{"_monsterinsights_skip_tracking":false,"_monsterinsights_sitenote_active":false,"_monsterinsights_sitenote_note":"","_monsterinsights_sitenote_category":0},"product_brand":[],"product_cat":[12274,12284],"product_tag":[],"class_list":{"0":"post-770220","1":"product","2":"type-product","3":"status-publish","5":"product_cat-cocuk-ve-genclik-kitaplari","6":"product_cat-hikayeler","7":"pa_cilt-ciltsiz","8":"pa_tur-kitap","9":"pa_yayinevi-1001-cicek-kitaplar","10":"pa_yazar-irena-trevison","12":"first","13":"instock","14":"sale","15":"shipping-taxable","16":"purchasable","17":"product-type-simple"},"_links":{"self":[{"href":"https:\/\/roveyayinevi.com.tr\/index.php\/wp-json\/wp\/v2\/product\/770220","targetHints":{"allow":["GET"]}}],"collection":[{"href":"https:\/\/roveyayinevi.com.tr\/index.php\/wp-json\/wp\/v2\/product"}],"about":[{"href":"https:\/\/roveyayinevi.com.tr\/index.php\/wp-json\/wp\/v2\/types\/product"}],"wp:attachment":[{"href":"https:\/\/roveyayinevi.com.tr\/index.php\/wp-json\/wp\/v2\/media?parent=770220"}],"wp:term":[{"taxonomy":"product_brand","embeddable":true,"href":"https:\/\/roveyayinevi.com.tr\/index.php\/wp-json\/wp\/v2\/product_brand?post=770220"},{"taxonomy":"product_cat","embeddable":true,"href":"https:\/\/roveyayinevi.com.tr\/index.php\/wp-json\/wp\/v2\/product_cat?post=770220"},{"taxonomy":"product_tag","embeddable":true,"href":"https:\/\/roveyayinevi.com.tr\/index.php\/wp-json\/wp\/v2\/product_tag?post=770220"}],"curies":[{"name":"wp","href":"https:\/\/api.w.org\/{rel}","templated":true}]}}