{"id":770218,"date":"2025-08-28T14:22:02","date_gmt":"2025-08-28T11:22:02","guid":{"rendered":"https:\/\/roveyayinevi.com.tr\/index.php\/urun\/cicek-operasi\/"},"modified":"2025-10-23T11:32:10","modified_gmt":"2025-10-23T08:32:10","slug":"cicek-operasi","status":"publish","type":"product","link":"https:\/\/roveyayinevi.com.tr\/index.php\/urun\/cicek-operasi\/","title":{"rendered":"\u00c7i\u00e7ek Operas\u0131"},"content":{"rendered":"<p>Kendilerini a\u011f\u0131rlad\u0131klar\u0131, var ettikleri bir d\u00fcnyalar\u0131 yok. Bu y\u00fczden yaln\u0131z da de\u011filler. Ama sen yine de hakl\u0131s\u0131n Jin: \u201cG\u00f6sterdiklerinden \u00e7ok daha az\u0131n\u0131 ya\u015f\u0131yor insanlar.\u201d  Ya\u015fam kar\u015f\u0131s\u0131nda \u00fcrettikleri hisleri, sevin\u00e7leri, korkular\u0131 bunlarla s\u0131n\u0131rl\u0131. \u0130\u015fte sen bunun yaln\u0131zl\u0131\u011f\u0131n\u0131 ya\u015f\u0131yorsun. Hani bir keresinde \u015f\u00f6yle demi\u015ftin: \u201cYaln\u0131zl\u0131\u011f\u0131 y\u00fcceltmek zorunda baz\u0131 insanlar.\u201d Sebebini sormam\u0131\u015ft\u0131m sana bir bildi\u011fin mutlaka vard\u0131r diye. Sen bunu en i\u00e7inde, varl\u0131\u011f\u0131n\u0131n en yo\u011fun yerinde hissediyorsun. E\u011fer birbirlerine yaslanma olas\u0131l\u0131klar\u0131 ortadan kalkm\u0131\u015fsa, insanlar kendi \u0131ss\u0131zl\u0131klar\u0131na dayanmak zorundalar. \u0130\u015fte sen kendine yaslanmaya gidiyorsun. O sonsuz u\u00e7urumun \u00f6n\u00fcnde a\u011flayan g\u00f6z\u00fc ya\u015fl\u0131 bir k\u0131z \u00e7ocu\u011fusun Jin. <\/p>\n","protected":false},"excerpt":{"rendered":"<p>Kendilerini a\u011f\u0131rlad\u0131klar\u0131, var ettikleri bir d\u00fcnyalar\u0131 yok. Bu y\u00fczden yaln\u0131z da de\u011filler. Ama sen yine de hakl\u0131s\u0131n Jin: \u201cG\u00f6sterdiklerinden \u00e7ok daha az\u0131n\u0131 ya\u015f\u0131yor insanlar.\u201d Ya\u015fam kar\u015f\u0131s\u0131nda<span class=\"excerpt-hellip\"> [\u2026]<\/span><\/p>\n","protected":false},"featured_media":0,"template":"","meta":{"_monsterinsights_skip_tracking":false,"_monsterinsights_sitenote_active":false,"_monsterinsights_sitenote_note":"","_monsterinsights_sitenote_category":0},"product_brand":[],"product_cat":[12291,18202],"product_tag":[],"class_list":{"0":"post-770218","1":"product","2":"type-product","3":"status-publish","5":"product_cat-edebiyat","6":"product_cat-hikaye","7":"pa_cilt-ciltsiz","8":"pa_tur-kitap","9":"pa_yayinevi-us-yayinlari","10":"pa_yazar-zafer-carboga","12":"first","13":"instock","14":"sale","15":"shipping-taxable","16":"purchasable","17":"product-type-simple"},"_links":{"self":[{"href":"https:\/\/roveyayinevi.com.tr\/index.php\/wp-json\/wp\/v2\/product\/770218","targetHints":{"allow":["GET"]}}],"collection":[{"href":"https:\/\/roveyayinevi.com.tr\/index.php\/wp-json\/wp\/v2\/product"}],"about":[{"href":"https:\/\/roveyayinevi.com.tr\/index.php\/wp-json\/wp\/v2\/types\/product"}],"wp:attachment":[{"href":"https:\/\/roveyayinevi.com.tr\/index.php\/wp-json\/wp\/v2\/media?parent=770218"}],"wp:term":[{"taxonomy":"product_brand","embeddable":true,"href":"https:\/\/roveyayinevi.com.tr\/index.php\/wp-json\/wp\/v2\/product_brand?post=770218"},{"taxonomy":"product_cat","embeddable":true,"href":"https:\/\/roveyayinevi.com.tr\/index.php\/wp-json\/wp\/v2\/product_cat?post=770218"},{"taxonomy":"product_tag","embeddable":true,"href":"https:\/\/roveyayinevi.com.tr\/index.php\/wp-json\/wp\/v2\/product_tag?post=770218"}],"curies":[{"name":"wp","href":"https:\/\/api.w.org\/{rel}","templated":true}]}}