{"id":770216,"date":"2025-08-28T14:21:59","date_gmt":"2025-08-28T11:21:59","guid":{"rendered":"https:\/\/roveyayinevi.com.tr\/index.php\/urun\/oteki-diyarlar-kayip-dunyaya-yolculuk\/"},"modified":"2026-04-15T03:36:35","modified_gmt":"2026-04-15T00:36:35","slug":"oteki-diyarlar-kayip-dunyaya-yolculuk","status":"publish","type":"product","link":"https:\/\/roveyayinevi.com.tr\/index.php\/urun\/oteki-diyarlar-kayip-dunyaya-yolculuk\/","title":{"rendered":"\u00d6teki Diyarlar: Kay\u0131p D\u00fcnyaya Yolculuk"},"content":{"rendered":"<p>FOYLES, SUNDAY TIMES, TELEGRAPH, NEW YORKER, BBC HISTORY ve WATERSTONES\u2019ta YILIN K\u0130TABI D\u00fcnya\u2019n\u0131n ge\u00e7mi\u015fi, yaln\u0131zca bir zaman \u00e7izgisi de\u011fil, ya\u015fam\u0131n ilk k\u0131v\u0131lc\u0131m\u0131ndan kadim ormanlar\u0131n g\u00f6lgelerine, yok olmu\u015f \u00e7a\u011flar\u0131n yank\u0131lar\u0131ndan memelilerin \u015fafa\u011f\u0131na uzanan, i\u00e7ine ad\u0131m atabilece\u011fimiz bir evren. Her bir ad\u0131mda kay\u0131p bir d\u00fcnyan\u0131n nefesini duydu\u011fumuz, do\u011fan\u0131n k\u0131r\u0131lgan ve b\u00fcy\u00fcleyici \u0131srarc\u0131l\u0131\u011f\u0131na dokundu\u011fumuz bir evren. \u00dcnl\u00fc paleobiyolog Thomas Halliday i\u015fte bu evrende, gezegenimizin \u00e7o\u011fu zaman tahayy\u00fcl bile etmedi\u011fimiz eski zamanlar\u0131nda, Buz Devri Alaska\u2019s\u0131ndan ilk mikrobik ya\u015fam\u0131n do\u011fdu\u011fu Ediyakaran\u2019a uzanan bir yolculu\u011fa \u00e7\u0131kar\u0131yor bizi. \u0130nsanl\u0131\u011f\u0131n do\u011fum yerine u\u011fruyor, D\u00fcnya\u2019da \u015fu \u00e2na kadar var olmu\u015f en y\u00fcksek \u00e7a\u011flayan\u0131n sesini dinliyor, 66 milyon y\u0131l \u00f6nce o me\u015fum asteroidin Yucatan Yar\u0131madas\u0131\u2019na d\u00fc\u015f\u00fc\u015f\u00fc sonras\u0131 ya\u015fam\u0131n tekrar do\u011fu\u015funa ve memeliler \u00e7a\u011f\u0131n\u0131n \u015fafa\u011f\u0131na tan\u0131k oluyoruz. Halliday ekosistemlerin nas\u0131l olu\u015fup \u00e7\u00f6kebildi\u011fini, t\u00fcrlerin nas\u0131l t\u00fckendi\u011fini ve canl\u0131lar\u0131n birbirleriyle kurduklar\u0131 hayati i\u015fbirliklerini g\u00f6zler \u00f6n\u00fcne seriyor. The Baillie Gifford \u00d6d\u00fcl\u00fc aday\u0131 \u00d6teki Diyarlar ya\u015fam\u0131n \u0131srarc\u0131l\u0131\u011f\u0131 ve ebedi g\u00f6r\u00fcnenlerin k\u0131r\u0131lganl\u0131\u011f\u0131 \u00fczerine \u00e7ok \u00f6zel bir kitap.   &#8220;Ya\u015fam\u0131n tarihine ve belki de gelece\u011fine bak\u0131\u015f\u0131n\u0131z\u0131 de\u011fi\u015ftirecek.&#8221; \u2013ELIZABETH KOLBERT   &#8220;D\u00fcnya \u00fczerindeki ya\u015fam\u0131n tarihine dair \u015fimdiye dek okudu\u011fum en iyi kitap.&#8221; \u2013TOM HOLLAND   &#8220;Derin zaman\u0131 yakalamak \u2013hatta hayal etmek bile\u2013 \u00e7ok zordur ama Thomas Halliday bunu ba\u015farm\u0131\u015f. Bu b\u00fcy\u00fcleyici kitap zaman yolculu\u011funa en yak\u0131n \u015fey.&#8221; \u2013BILL MCKIBBEN <\/p>\n","protected":false},"excerpt":{"rendered":"<p>FOYLES, SUNDAY TIMES, TELEGRAPH, NEW YORKER, BBC HISTORY ve WATERSTONES\u2019ta YILIN K\u0130TABI D\u00fcnya\u2019n\u0131n ge\u00e7mi\u015fi, yaln\u0131zca bir zaman \u00e7izgisi de\u011fil, ya\u015fam\u0131n ilk k\u0131v\u0131lc\u0131m\u0131ndan kadim ormanlar\u0131n g\u00f6lgelerine, yok<span class=\"excerpt-hellip\"> [\u2026]<\/span><\/p>\n","protected":false},"featured_media":0,"template":"","meta":{"_monsterinsights_skip_tracking":false,"_monsterinsights_sitenote_active":false,"_monsterinsights_sitenote_note":"","_monsterinsights_sitenote_category":0},"product_brand":[],"product_cat":[13005,13010],"product_tag":[],"class_list":{"0":"post-770216","1":"product","2":"type-product","3":"status-publish","5":"product_cat-bilim-muhendislik","6":"product_cat-doga-bilimleri","7":"pa_cilt-ciltsiz","8":"pa_tur-kitap","9":"pa_yayinevi-domingo-yayinevi","10":"pa_yazar-thomas-halliday","12":"first","13":"instock","14":"sale","15":"shipping-taxable","16":"purchasable","17":"product-type-simple"},"_links":{"self":[{"href":"https:\/\/roveyayinevi.com.tr\/index.php\/wp-json\/wp\/v2\/product\/770216","targetHints":{"allow":["GET"]}}],"collection":[{"href":"https:\/\/roveyayinevi.com.tr\/index.php\/wp-json\/wp\/v2\/product"}],"about":[{"href":"https:\/\/roveyayinevi.com.tr\/index.php\/wp-json\/wp\/v2\/types\/product"}],"wp:attachment":[{"href":"https:\/\/roveyayinevi.com.tr\/index.php\/wp-json\/wp\/v2\/media?parent=770216"}],"wp:term":[{"taxonomy":"product_brand","embeddable":true,"href":"https:\/\/roveyayinevi.com.tr\/index.php\/wp-json\/wp\/v2\/product_brand?post=770216"},{"taxonomy":"product_cat","embeddable":true,"href":"https:\/\/roveyayinevi.com.tr\/index.php\/wp-json\/wp\/v2\/product_cat?post=770216"},{"taxonomy":"product_tag","embeddable":true,"href":"https:\/\/roveyayinevi.com.tr\/index.php\/wp-json\/wp\/v2\/product_tag?post=770216"}],"curies":[{"name":"wp","href":"https:\/\/api.w.org\/{rel}","templated":true}]}}