{"id":770210,"date":"2025-08-28T14:21:46","date_gmt":"2025-08-28T11:21:46","guid":{"rendered":"https:\/\/roveyayinevi.com.tr\/index.php\/urun\/atan-2-elveda-arkadas\/"},"modified":"2026-04-15T03:36:35","modified_gmt":"2026-04-15T00:36:35","slug":"atan-2-elveda-arkadas","status":"publish","type":"product","link":"https:\/\/roveyayinevi.com.tr\/index.php\/urun\/atan-2-elveda-arkadas\/","title":{"rendered":"Atan-2 : Elveda Arkada\u015f"},"content":{"rendered":"<p>\u201cGer\u00e7ek dostluk, fedak\u00e2rl\u0131k gerektirir.\u201d   Hasbi i\u00e7in hayat, gittik\u00e7e zorla\u015f\u0131yor. \u00d6nce en yak\u0131n arkada\u015flar\u0131ndan biri kayboldu; \u015fimdi ise ailesinin bir ferdi gibi g\u00f6rd\u00fc\u011f\u00fc Atan, elinden al\u0131nmak \u00fczere\u2026 T\u00fcm bu zorluklarla ba\u015f etmeye \u00e7al\u0131\u015f\u0131rken umudunu yitirmeyen Hasbi, Atan i\u00e7in ne yapacak? K\u00f6ydeki gizem \u00e7\u00f6z\u00fcl\u00fcp Emine bulunabilecek mi? Bu m\u00fccadelede Hasbi\u2019ye e\u015flik edin, dostlu\u011fun, arkada\u015fl\u0131\u011f\u0131n, vefan\u0131n, sadakatin ne kadar \u00f6nemli oldu\u011funu bir kez daha ke\u015ffedin! Atan ve Hasbi\u2019nin hik\u00e2yesi devam ediyor. Peki, bu kez onlar\u0131 nas\u0131l bir macera bekliyor? Atan 2: Elveda Arkada\u015f sizlerle. <\/p>\n","protected":false},"excerpt":{"rendered":"<p>\u201cGer\u00e7ek dostluk, fedak\u00e2rl\u0131k gerektirir.\u201d Hasbi i\u00e7in hayat, gittik\u00e7e zorla\u015f\u0131yor. \u00d6nce en yak\u0131n arkada\u015flar\u0131ndan biri kayboldu; \u015fimdi ise ailesinin bir ferdi gibi g\u00f6rd\u00fc\u011f\u00fc Atan, elinden al\u0131nmak \u00fczere\u2026<span class=\"excerpt-hellip\"> [\u2026]<\/span><\/p>\n","protected":false},"featured_media":0,"template":"","meta":{"_monsterinsights_skip_tracking":false,"_monsterinsights_sitenote_active":false,"_monsterinsights_sitenote_note":"","_monsterinsights_sitenote_category":0},"product_brand":[],"product_cat":[12416,12291],"product_tag":[],"class_list":{"0":"post-770210","1":"product","2":"type-product","3":"status-publish","5":"product_cat-cizgi-roman","6":"product_cat-edebiyat","7":"pa_cilt-ciltsiz","8":"pa_tur-kitap","9":"pa_yayinevi-genc-hayat","10":"pa_yazar-ben-wong","12":"first","13":"instock","14":"sale","15":"shipping-taxable","16":"purchasable","17":"product-type-simple"},"_links":{"self":[{"href":"https:\/\/roveyayinevi.com.tr\/index.php\/wp-json\/wp\/v2\/product\/770210","targetHints":{"allow":["GET"]}}],"collection":[{"href":"https:\/\/roveyayinevi.com.tr\/index.php\/wp-json\/wp\/v2\/product"}],"about":[{"href":"https:\/\/roveyayinevi.com.tr\/index.php\/wp-json\/wp\/v2\/types\/product"}],"wp:attachment":[{"href":"https:\/\/roveyayinevi.com.tr\/index.php\/wp-json\/wp\/v2\/media?parent=770210"}],"wp:term":[{"taxonomy":"product_brand","embeddable":true,"href":"https:\/\/roveyayinevi.com.tr\/index.php\/wp-json\/wp\/v2\/product_brand?post=770210"},{"taxonomy":"product_cat","embeddable":true,"href":"https:\/\/roveyayinevi.com.tr\/index.php\/wp-json\/wp\/v2\/product_cat?post=770210"},{"taxonomy":"product_tag","embeddable":true,"href":"https:\/\/roveyayinevi.com.tr\/index.php\/wp-json\/wp\/v2\/product_tag?post=770210"}],"curies":[{"name":"wp","href":"https:\/\/api.w.org\/{rel}","templated":true}]}}