{"id":770207,"date":"2025-08-28T14:21:40","date_gmt":"2025-08-28T11:21:40","guid":{"rendered":"https:\/\/roveyayinevi.com.tr\/index.php\/urun\/annem-bir-fenomen-peki-ben-kimim\/"},"modified":"2026-04-15T03:36:35","modified_gmt":"2026-04-15T00:36:35","slug":"annem-bir-fenomen-peki-ben-kimim","status":"publish","type":"product","link":"https:\/\/roveyayinevi.com.tr\/index.php\/urun\/annem-bir-fenomen-peki-ben-kimim\/","title":{"rendered":"Annem Bir Fenomen Peki Ben Kimim?"},"content":{"rendered":"<p>\u201cO Hanan Han\u0131m\u2019\u0131n o\u011fludur.\u201d Hani bu s\u00f6z\u00fc duymaktan b\u0131km\u0131\u015ft\u0131. Herkesin ondan annesinin k\u00fc\u00e7\u00fck bir kopyas\u0131 olmas\u0131n\u0131 istedi\u011fini d\u00fc\u015f\u00fcnen k\u00fc\u00e7\u00fck bir \u00e7ocuktu.   Oysa o Hani\u2019ydi ve kaykay yapmay\u0131, futbol oynamay\u0131 \u00e7ok seviyordu. Herkes de bunu anlas\u0131n istiyordu? Peki, bunu onlara nas\u0131l anlatacak dersiniz? <\/p>\n","protected":false},"excerpt":{"rendered":"<p>\u201cO Hanan Han\u0131m\u2019\u0131n o\u011fludur.\u201d Hani bu s\u00f6z\u00fc duymaktan b\u0131km\u0131\u015ft\u0131. Herkesin ondan annesinin k\u00fc\u00e7\u00fck bir kopyas\u0131 olmas\u0131n\u0131 istedi\u011fini d\u00fc\u015f\u00fcnen k\u00fc\u00e7\u00fck bir \u00e7ocuktu. Oysa o Hani\u2019ydi ve kaykay<span class=\"excerpt-hellip\"> [\u2026]<\/span><\/p>\n","protected":false},"featured_media":0,"template":"","meta":{"_monsterinsights_skip_tracking":false,"_monsterinsights_sitenote_active":false,"_monsterinsights_sitenote_note":"","_monsterinsights_sitenote_category":0},"product_brand":[],"product_cat":[12274,12284],"product_tag":[],"class_list":{"0":"post-770207","1":"product","2":"type-product","3":"status-publish","5":"product_cat-cocuk-ve-genclik-kitaplari","6":"product_cat-hikayeler","7":"pa_cilt-ciltsiz","8":"pa_tur-kitap","9":"pa_yayinevi-nesil-cocuk-yayinlari","10":"pa_yazar-wafaa-al-shamsi","12":"first","13":"instock","14":"sale","15":"shipping-taxable","16":"purchasable","17":"product-type-simple"},"_links":{"self":[{"href":"https:\/\/roveyayinevi.com.tr\/index.php\/wp-json\/wp\/v2\/product\/770207","targetHints":{"allow":["GET"]}}],"collection":[{"href":"https:\/\/roveyayinevi.com.tr\/index.php\/wp-json\/wp\/v2\/product"}],"about":[{"href":"https:\/\/roveyayinevi.com.tr\/index.php\/wp-json\/wp\/v2\/types\/product"}],"wp:attachment":[{"href":"https:\/\/roveyayinevi.com.tr\/index.php\/wp-json\/wp\/v2\/media?parent=770207"}],"wp:term":[{"taxonomy":"product_brand","embeddable":true,"href":"https:\/\/roveyayinevi.com.tr\/index.php\/wp-json\/wp\/v2\/product_brand?post=770207"},{"taxonomy":"product_cat","embeddable":true,"href":"https:\/\/roveyayinevi.com.tr\/index.php\/wp-json\/wp\/v2\/product_cat?post=770207"},{"taxonomy":"product_tag","embeddable":true,"href":"https:\/\/roveyayinevi.com.tr\/index.php\/wp-json\/wp\/v2\/product_tag?post=770207"}],"curies":[{"name":"wp","href":"https:\/\/api.w.org\/{rel}","templated":true}]}}