{"id":770203,"date":"2025-08-28T14:21:32","date_gmt":"2025-08-28T11:21:32","guid":{"rendered":"https:\/\/roveyayinevi.com.tr\/index.php\/urun\/israil-kimlik-siyaset-dis-politika-guvenlik\/"},"modified":"2026-04-15T03:36:35","modified_gmt":"2026-04-15T00:36:35","slug":"israil-kimlik-siyaset-dis-politika-guvenlik","status":"publish","type":"product","link":"https:\/\/roveyayinevi.com.tr\/index.php\/urun\/israil-kimlik-siyaset-dis-politika-guvenlik\/","title":{"rendered":"\u0130srail : Kimlik Siyaset D\u0131\u015f Politika G\u00fcvenlik"},"content":{"rendered":"<p>\u0130srail: Kimlik-Siyaset-D\u0131\u015f Politika-G\u00fcvenlik \u0130srail\u2019in hik\u00e2yesini tarihsel sosyolojik bir yakla\u015f\u0131mla, verilere ve olgulara dayal\u0131 olarak ele alan ilk ba\u015fvuru kitab\u0131 olma \u00f6zelli\u011fini ta\u015f\u0131yor. Bu eser yazarlar\u0131n\u0131n her birinin y\u0131llar s\u00fcren \u00e7al\u0131\u015fmalar\u0131yla olu\u015fan birikiminin \u00f6zveri ve titizlikle akademik bir metne d\u00f6n\u00fc\u015ft\u00fc\u011f\u00fc bir \u00e7al\u0131\u015fmad\u0131r. Eser, \u0130srail\u2019i anlamak i\u00e7in d\u00f6rt temay\u0131 \u00f6n plana \u00e7\u0131kar\u0131yor. Bu temalar paradokslar \u00fclkesi olan \u0130srail\u2019in siyasi ve toplumsal bir haritas\u0131n\u0131 ortaya koyuyor. On iki b\u00f6l\u00fcmden olu\u015fan bu derlemede \u0130srail \u00c7al\u0131\u015fmalar\u0131na giri\u015f niteli\u011fi ta\u015f\u0131mas\u0131 amac\u0131na uygun olarak ara\u015ft\u0131rmac\u0131ya bilinmesi elzem temeller sunuluyor. \u0130srail toplumunun bile\u015fenleri, Yahudi olman\u0131n ve \u0130srailli olman\u0131n ne anlama geldi\u011fi, Siyonizmin ortaya \u00e7\u0131k\u0131\u015f\u0131 ve tan\u0131m\u0131, din ve devlet ili\u015fkileri, Kud\u00fcs\u2019\u00fcn tarihsel \u00f6nemi, \u0130srail\u2019in istihbarat, g\u00fcvenlik ve d\u0131\u015f politikas\u0131n\u0131n hem kavramsal olarak hem de b\u00f6lgesel ve uluslararas\u0131 akt\u00f6rler arac\u0131l\u0131\u011f\u0131yla nas\u0131l \u015fekillendi\u011fine dair \u00f6nemli hususlar bu kitapta irdelenen ba\u015fl\u0131ca konulard\u0131r. <\/p>\n","protected":false},"excerpt":{"rendered":"<p>\u0130srail: Kimlik-Siyaset-D\u0131\u015f Politika-G\u00fcvenlik \u0130srail\u2019in hik\u00e2yesini tarihsel sosyolojik bir yakla\u015f\u0131mla, verilere ve olgulara dayal\u0131 olarak ele alan ilk ba\u015fvuru kitab\u0131 olma \u00f6zelli\u011fini ta\u015f\u0131yor. Bu eser yazarlar\u0131n\u0131n her<span class=\"excerpt-hellip\"> [\u2026]<\/span><\/p>\n","protected":false},"featured_media":0,"template":"","meta":{"_monsterinsights_skip_tracking":false,"_monsterinsights_sitenote_active":false,"_monsterinsights_sitenote_note":"","_monsterinsights_sitenote_category":0},"product_brand":[],"product_cat":[12337],"product_tag":[],"class_list":{"0":"post-770203","1":"product","2":"type-product","3":"status-publish","5":"product_cat-politika-siyaset","6":"pa_cilt-ciltsiz","7":"pa_tur-kitap","8":"pa_yayinevi-orion-kitabevi","9":"pa_yazar-tugce-ersoy-ceylan-ceyhun-cicekci","11":"first","12":"instock","13":"sale","14":"shipping-taxable","15":"purchasable","16":"product-type-simple"},"_links":{"self":[{"href":"https:\/\/roveyayinevi.com.tr\/index.php\/wp-json\/wp\/v2\/product\/770203","targetHints":{"allow":["GET"]}}],"collection":[{"href":"https:\/\/roveyayinevi.com.tr\/index.php\/wp-json\/wp\/v2\/product"}],"about":[{"href":"https:\/\/roveyayinevi.com.tr\/index.php\/wp-json\/wp\/v2\/types\/product"}],"wp:attachment":[{"href":"https:\/\/roveyayinevi.com.tr\/index.php\/wp-json\/wp\/v2\/media?parent=770203"}],"wp:term":[{"taxonomy":"product_brand","embeddable":true,"href":"https:\/\/roveyayinevi.com.tr\/index.php\/wp-json\/wp\/v2\/product_brand?post=770203"},{"taxonomy":"product_cat","embeddable":true,"href":"https:\/\/roveyayinevi.com.tr\/index.php\/wp-json\/wp\/v2\/product_cat?post=770203"},{"taxonomy":"product_tag","embeddable":true,"href":"https:\/\/roveyayinevi.com.tr\/index.php\/wp-json\/wp\/v2\/product_tag?post=770203"}],"curies":[{"name":"wp","href":"https:\/\/api.w.org\/{rel}","templated":true}]}}