{"id":770202,"date":"2025-08-28T14:21:30","date_gmt":"2025-08-28T11:21:30","guid":{"rendered":"https:\/\/roveyayinevi.com.tr\/index.php\/urun\/yerel-yonetimlerin-mali-yapisi\/"},"modified":"2026-04-15T03:36:35","modified_gmt":"2026-04-15T00:36:35","slug":"yerel-yonetimlerin-mali-yapisi","status":"publish","type":"product","link":"https:\/\/roveyayinevi.com.tr\/index.php\/urun\/yerel-yonetimlerin-mali-yapisi\/","title":{"rendered":"Yerel Y\u00f6netimlerin Mali Yap\u0131s\u0131"},"content":{"rendered":"<p>Kamusal hizmetler ve gelir kaynaklar\u0131 bir \u00fclkede \u00e7e\u015fitli y\u00f6netim kademeleri aras\u0131nda nas\u0131l b\u00f6l\u00fc\u015ft\u00fcr\u00fclmelidir?  Bu konularda kabul edilen ilkeler nelerdir? Yerel y\u00f6netimlerin mali \u00f6zerkli\u011fi i\u00e7in gerekli ko\u015fullar nelerdir? T\u00fcrkiye\u2019de merkezi y\u00f6netim ile yerel y\u00f6netimler aras\u0131ndaki hizmet b\u00f6l\u00fc\u015f\u00fcm\u00fc ne \u015fekilde d\u00fczenlenmi\u015ftir? Yerel y\u00f6netimlerin gelir kaynaklar\u0131 nelerdir? B\u00fcy\u00fck\u015fehir belediyelerinin finansman\u0131 konusunda nas\u0131l bir sistem benimsenmi\u015ftir? Zaman i\u00e7inde bu sistemde nas\u0131l bir de\u011fi\u015fim ortaya \u00e7\u0131km\u0131\u015ft\u0131r?   Bu kitapta, kamusal hizmetlerin ve gelir kaynaklar\u0131n\u0131n merkezi y\u00f6netim ile yerel y\u00f6netimler aras\u0131ndaki b\u00f6l\u00fc\u015f\u00fcm\u00fcne ili\u015fkin teorik a\u00e7\u0131klamalar\u0131n yan\u0131 s\u0131ra, yasal d\u00fczenlemeler ve rakamsal analizler \u00e7er\u00e7evesinde T\u00fcrkiye uygulamas\u0131 bilimsel bir bak\u0131\u015f a\u00e7\u0131s\u0131yla okuyucuya sunularak yukar\u0131daki sorulara cevap aranmaktad\u0131r.<\/p>\n","protected":false},"excerpt":{"rendered":"<p>Kamusal hizmetler ve gelir kaynaklar\u0131 bir \u00fclkede \u00e7e\u015fitli y\u00f6netim kademeleri aras\u0131nda nas\u0131l b\u00f6l\u00fc\u015ft\u00fcr\u00fclmelidir? Bu konularda kabul edilen ilkeler nelerdir? Yerel y\u00f6netimlerin mali \u00f6zerkli\u011fi i\u00e7in gerekli ko\u015fullar<span class=\"excerpt-hellip\"> [\u2026]<\/span><\/p>\n","protected":false},"featured_media":0,"template":"","meta":{"_monsterinsights_skip_tracking":false,"_monsterinsights_sitenote_active":false,"_monsterinsights_sitenote_note":"","_monsterinsights_sitenote_category":0},"product_brand":[],"product_cat":[12337],"product_tag":[],"class_list":{"0":"post-770202","1":"product","2":"type-product","3":"status-publish","5":"product_cat-politika-siyaset","6":"pa_cilt-ciltsiz","7":"pa_tur-kitap","8":"pa_yayinevi-orion-kitabevi","9":"pa_yazar-ulku-arikboga","11":"first","12":"instock","13":"sale","14":"shipping-taxable","15":"purchasable","16":"product-type-simple"},"_links":{"self":[{"href":"https:\/\/roveyayinevi.com.tr\/index.php\/wp-json\/wp\/v2\/product\/770202","targetHints":{"allow":["GET"]}}],"collection":[{"href":"https:\/\/roveyayinevi.com.tr\/index.php\/wp-json\/wp\/v2\/product"}],"about":[{"href":"https:\/\/roveyayinevi.com.tr\/index.php\/wp-json\/wp\/v2\/types\/product"}],"wp:attachment":[{"href":"https:\/\/roveyayinevi.com.tr\/index.php\/wp-json\/wp\/v2\/media?parent=770202"}],"wp:term":[{"taxonomy":"product_brand","embeddable":true,"href":"https:\/\/roveyayinevi.com.tr\/index.php\/wp-json\/wp\/v2\/product_brand?post=770202"},{"taxonomy":"product_cat","embeddable":true,"href":"https:\/\/roveyayinevi.com.tr\/index.php\/wp-json\/wp\/v2\/product_cat?post=770202"},{"taxonomy":"product_tag","embeddable":true,"href":"https:\/\/roveyayinevi.com.tr\/index.php\/wp-json\/wp\/v2\/product_tag?post=770202"}],"curies":[{"name":"wp","href":"https:\/\/api.w.org\/{rel}","templated":true}]}}