{"id":770198,"date":"2025-08-28T14:21:22","date_gmt":"2025-08-28T11:21:22","guid":{"rendered":"https:\/\/roveyayinevi.com.tr\/index.php\/urun\/sanat-kafasi-sanat-beyni-nasil-donusturur\/"},"modified":"2026-04-15T03:36:34","modified_gmt":"2026-04-15T00:36:34","slug":"sanat-kafasi-sanat-beyni-nasil-donusturur","status":"publish","type":"product","link":"https:\/\/roveyayinevi.com.tr\/index.php\/urun\/sanat-kafasi-sanat-beyni-nasil-donusturur\/","title":{"rendered":"Sanat Kafas\u0131: Sanat Beyni Nas\u0131l D\u00f6n\u00fc\u015ft\u00fcr\u00fcr?"},"content":{"rendered":"<p>Sanat, sadece bir ifade bi\u00e7imi midir yoksa beyninizde, ruhunuzda ve bedeninizde derin, \u00f6l\u00e7\u00fclebilir de\u011fi\u015fimler yaratan g\u00fc\u00e7l\u00fc bir ara\u00e7 m\u0131? Susan Magsamen ve Ivy Ross, Sanat Kafas\u0131: Sanat Beyni Nas\u0131l D\u00f6n\u00fc\u015ft\u00fcr\u00fcr? adl\u0131 \u00e7\u0131\u011f\u0131r a\u00e7an kitapta, sanat\u0131 yaln\u0131zca estetik bir deneyim olmaktan \u00e7\u0131kar\u0131p, bilimsel bir gereklili\u011fe d\u00f6n\u00fc\u015ft\u00fcr\u00fcyor. Bu kitap, sanat\u0131n beyin kimyam\u0131z\u0131 nas\u0131l de\u011fi\u015ftirdi\u011fini, stresle ba\u015fa \u00e7\u0131kmam\u0131za nas\u0131l yard\u0131mc\u0131 oldu\u011funu ve hatta fiziksel sa\u011fl\u0131\u011f\u0131m\u0131z\u0131 nas\u0131l iyile\u015ftirdi\u011fini g\u00f6steren etkileyici bir ke\u015fif yolculu\u011fu sunuyor.    Sanat, Biyolojik Bir \u0130htiya\u00e7 m\u0131?  Sanat\u0131n beyin \u00fczerindeki etkilerini incelerken n\u00f6robilim, psikoloji ve t\u0131p alan\u0131ndaki en yeni ara\u015ft\u0131rmalara dayanan kitap, yarat\u0131c\u0131 faaliyetlerin asl\u0131nda biyolojik bir ihtiya\u00e7 oldu\u011funu ortaya koyuyor. Resim yapmak, m\u00fczik dinlemek, dans etmek ya da bir hik\u00e2ye yazmak sadece bir hobi de\u011fil; bunlar beynimizin geli\u015fmesini sa\u011flayan, bizi daha mutlu, sa\u011fl\u0131kl\u0131 ve dengeli bireyler h\u00e2line getiren ya\u015famsal s\u00fcre\u00e7lerdir.  Bu, sanat\u0131n insan do\u011fas\u0131n\u0131n ayr\u0131lmaz bir par\u00e7as\u0131 oldu\u011funu g\u00f6steren bilimsel bir ke\u015fif. Peki ama neden? Magsamen ve Ross\u2019a g\u00f6re, sanat beyni yeniden \u015fekillendirerek yeni ba\u011flant\u0131lar olu\u015fturur, bili\u015fsel esnekli\u011fi art\u0131r\u0131r ve n\u00f6roplastisiteyi g\u00fc\u00e7lendirir. Yani sanat, d\u00fc\u015f\u00fcnd\u00fc\u011f\u00fcm\u00fczden \u00e7ok daha fazlas\u0131n\u0131 yap\u0131yor: Bizi yeniden in\u015fa ediyor.    Sanat\u0131n Beynimize ve Bedenimize Etkileri  Kitap boyunca, sanat\u0131n beyin ba\u011flant\u0131lar\u0131n\u0131 nas\u0131l g\u00fc\u00e7lendirdi\u011fini, empati duygusunu nas\u0131l geli\u015ftirdi\u011fini ve travma sonras\u0131 iyile\u015fmeye nas\u0131l katk\u0131da bulundu\u011funu anlatan \u00e7arp\u0131c\u0131 \u00f6rnekler ve bilimsel verilerle kar\u015f\u0131la\u015facaks\u0131n\u0131z.  \u2022    Resim yapmak, beyin dalgalar\u0131n\u0131 d\u00fczenleyerek stres seviyelerini d\u00fc\u015f\u00fcr\u00fcyor.  \u2022    M\u00fczik, Alzheimer hastalar\u0131nda haf\u0131zay\u0131 g\u00fc\u00e7lendiren bir k\u00f6pr\u00fc i\u015flevi g\u00f6r\u00fcyor.  \u2022    Seramikle u\u011fra\u015fmak veya bir enstr\u00fcman \u00e7almak, dopamin seviyelerini art\u0131rarak depresyonu azalt\u0131yor.  \u2022    Dans etmek, beynin motor fonksiyonlar\u0131n\u0131 geli\u015ftirerek ya\u015flanma s\u00fcrecini yava\u015flat\u0131yor.    Bunlar, sanat\u0131n sadece ruhu de\u011fil, bedeni de iyile\u015ftirdi\u011fini kan\u0131tlayan onlarca bilimsel bulgudan yaln\u0131zca birka\u00e7\u0131.    Sanat ve Toplumsal \u0130yile\u015fme  Sanat sadece bireysel olarak bizi d\u00f6n\u00fc\u015ft\u00fcrmekle kalmaz, ayn\u0131 zamanda toplumsal d\u00fczeyde de g\u00fc\u00e7l\u00fc bir iyile\u015ftirme arac\u0131d\u0131r. Kitapta, sanat\u0131n sosyal ba\u011flar\u0131 g\u00fc\u00e7lendirdi\u011fi, topluluklar\u0131 bir araya getirdi\u011fi ve hatta sava\u015f sonras\u0131 travma ya\u015fayan bireyler i\u00e7in bir terapi y\u00f6ntemi olarak kullan\u0131ld\u0131\u011f\u0131na dair b\u00fcy\u00fcleyici \u00f6rnekler yer al\u0131yor.    Sanat, kriz anlar\u0131nda dayan\u0131kl\u0131l\u0131\u011f\u0131 art\u0131r\u0131yor ve bireyleri iyile\u015ftirirken topluluklar\u0131 da birbirine yakla\u015ft\u0131r\u0131yor. Bug\u00fcn\u00fcn d\u00fcnyas\u0131nda, yarat\u0131c\u0131l\u0131\u011f\u0131n ve sanat\u0131n bu d\u00f6n\u00fc\u015ft\u00fcr\u00fcc\u00fc g\u00fcc\u00fcne her zamankinden daha fazla ihtiyac\u0131m\u0131z var.    Sanat\u0131 T\u00fcketen De\u011fil, Sanatla D\u00f6n\u00fc\u015fen Olun  Magsamen ve Ross, bu kitab\u0131 akademik bir ara\u015ft\u0131rma olarak kaleme almaktan \u00f6teye ge\u00e7iyor; okura sanat\u0131n hayat\u0131na nas\u0131l dahil edilebilece\u011fine dair ilham verici bir rehber sunuyor. G\u00fcnl\u00fck hayat\u0131n\u0131zda yarat\u0131c\u0131 faaliyetlere yer a\u00e7mak i\u00e7in pratik \u00f6neriler sunarken, sanat\u0131n bireysel ve toplumsal iyile\u015fme s\u00fcre\u00e7lerindeki rol\u00fcn\u00fc de g\u00f6zler \u00f6n\u00fcne seriyorlar.  E\u011fer sanat\u0131n beyinle olan ba\u011flant\u0131s\u0131n\u0131 daha \u00f6nce hi\u00e7 d\u00fc\u015f\u00fcnmediyseniz, Sanat Kafas\u0131 bu bak\u0131\u015f a\u00e7\u0131n\u0131z\u0131 k\u00f6kten de\u011fi\u015ftirecek. Sanat\u0131 sadece izlemekle yetinmeyecek, onun i\u00e7inde d\u00f6n\u00fc\u015feceksiniz.    Sanat\u0131 t\u00fcketen de\u011fil, sanatla d\u00f6n\u00fc\u015fen biri olmaya haz\u0131r m\u0131s\u0131n\u0131z? <\/p>\n","protected":false},"excerpt":{"rendered":"<p>Sanat, sadece bir ifade bi\u00e7imi midir yoksa beyninizde, ruhunuzda ve bedeninizde derin, \u00f6l\u00e7\u00fclebilir de\u011fi\u015fimler yaratan g\u00fc\u00e7l\u00fc bir ara\u00e7 m\u0131? Susan Magsamen ve Ivy Ross, Sanat Kafas\u0131:<span class=\"excerpt-hellip\"> [\u2026]<\/span><\/p>\n","protected":false},"featured_media":0,"template":"","meta":{"_monsterinsights_skip_tracking":false,"_monsterinsights_sitenote_active":false,"_monsterinsights_sitenote_note":"","_monsterinsights_sitenote_category":0},"product_brand":[],"product_cat":[40414,12408],"product_tag":[],"class_list":{"0":"post-770198","1":"product","2":"type-product","3":"status-publish","5":"product_cat-referans-kitaplar-sanat","6":"product_cat-sanat","7":"pa_cilt-ciltsiz","8":"pa_tur-kitap","9":"pa_yayinevi-okuyan-us-yayin","10":"pa_yazar-susan-magsamen-ivy-ross","12":"first","13":"instock","14":"sale","15":"shipping-taxable","16":"purchasable","17":"product-type-simple"},"_links":{"self":[{"href":"https:\/\/roveyayinevi.com.tr\/index.php\/wp-json\/wp\/v2\/product\/770198","targetHints":{"allow":["GET"]}}],"collection":[{"href":"https:\/\/roveyayinevi.com.tr\/index.php\/wp-json\/wp\/v2\/product"}],"about":[{"href":"https:\/\/roveyayinevi.com.tr\/index.php\/wp-json\/wp\/v2\/types\/product"}],"wp:attachment":[{"href":"https:\/\/roveyayinevi.com.tr\/index.php\/wp-json\/wp\/v2\/media?parent=770198"}],"wp:term":[{"taxonomy":"product_brand","embeddable":true,"href":"https:\/\/roveyayinevi.com.tr\/index.php\/wp-json\/wp\/v2\/product_brand?post=770198"},{"taxonomy":"product_cat","embeddable":true,"href":"https:\/\/roveyayinevi.com.tr\/index.php\/wp-json\/wp\/v2\/product_cat?post=770198"},{"taxonomy":"product_tag","embeddable":true,"href":"https:\/\/roveyayinevi.com.tr\/index.php\/wp-json\/wp\/v2\/product_tag?post=770198"}],"curies":[{"name":"wp","href":"https:\/\/api.w.org\/{rel}","templated":true}]}}