{"id":770196,"date":"2025-08-28T14:21:17","date_gmt":"2025-08-28T11:21:17","guid":{"rendered":"https:\/\/roveyayinevi.com.tr\/index.php\/urun\/suspiria-de-profundis\/"},"modified":"2026-04-15T03:36:34","modified_gmt":"2026-04-15T00:36:34","slug":"suspiria-de-profundis","status":"publish","type":"product","link":"https:\/\/roveyayinevi.com.tr\/index.php\/urun\/suspiria-de-profundis\/","title":{"rendered":"Suspiria de Profundis"},"content":{"rendered":"<p>\u201cYaln\u0131zl\u0131k \u0131\u015f\u0131k kadar sessiz olsa da t\u0131pk\u0131 \u0131\u015f\u0131k gibi en kudretli arac\u0131lardand\u0131r; zira yaln\u0131zl\u0131k insan i\u00e7in vazge\u00e7ilmezdir. Her insan d\u00fcnyaya yapayaln\u0131z gelir, yine her insan d\u00fcnyay\u0131 yapayaln\u0131z terk eder.\u201d   19. y\u00fczy\u0131l \u0130ngiliz yaz\u0131n\u0131 ile romantik ak\u0131m\u0131n \u00f6nemli ismi Thomas De Quincey, ustal\u0131k eseri Bir \u0130ngiliz Afyon Tiryakisinin \u0130tiraflar\u0131\u2019n\u0131n devam\u0131 niteli\u011findeki Suspiria de Profundis\u2019te \u201cpsikolojik fantezi\u201d t\u00fcr\u00fcn\u00fcn en \u00e7arp\u0131c\u0131 \u00f6rneklerini sunuyor. De Quincey\u2019nin \u00e7ocukluk \u00e7a\u011f\u0131na ait ki\u015fisel trajedileriyle afyon ba\u011f\u0131ml\u0131l\u0131\u011f\u0131n\u0131 birle\u015ftiren eser, okura r\u00fcya ile ger\u00e7ek aras\u0131nda gidip gelen, yer yer puslu ve karanl\u0131k ama derinlemesine bir felsefi irdeleme sunuyor. Mitolojik ve din\u00ee imgelerle harmanlanm\u0131\u015f s\u00fcrrealist anlat\u0131m\u0131yla bilin\u00e7alt\u0131n\u0131n karma\u015f\u0131k yap\u0131s\u0131n\u0131, insan\u0131n i\u00e7sel yolculu\u011funu ve toplumsal ba\u011flamdaki varolu\u015funu sorguluyor.   Suspiria de Profundis yaln\u0131zca bir ba\u011f\u0131ml\u0131l\u0131k hik\u00e2yesi de\u011fil, ayn\u0131 zamanda kendi karanl\u0131k k\u00f6\u015felerinde kaybolmaya y\u00fcz tutmu\u015f bir zihnin de yans\u0131mas\u0131d\u0131r.<\/p>\n","protected":false},"excerpt":{"rendered":"<p>\u201cYaln\u0131zl\u0131k \u0131\u015f\u0131k kadar sessiz olsa da t\u0131pk\u0131 \u0131\u015f\u0131k gibi en kudretli arac\u0131lardand\u0131r; zira yaln\u0131zl\u0131k insan i\u00e7in vazge\u00e7ilmezdir. Her insan d\u00fcnyaya yapayaln\u0131z gelir, yine her insan d\u00fcnyay\u0131<span class=\"excerpt-hellip\"> [\u2026]<\/span><\/p>\n","protected":false},"featured_media":0,"template":"","meta":{"_monsterinsights_skip_tracking":false,"_monsterinsights_sitenote_active":false,"_monsterinsights_sitenote_note":"","_monsterinsights_sitenote_category":0},"product_brand":[],"product_cat":[12777,12291],"product_tag":[],"class_list":{"0":"post-770196","1":"product","2":"type-product","3":"status-publish","5":"product_cat-deneme","6":"product_cat-edebiyat","7":"pa_cilt-ciltsiz","8":"pa_tur-kitap","9":"pa_yayinevi-can-yayinlari","10":"pa_yazar-thomas-de-quincey","12":"first","13":"instock","14":"sale","15":"shipping-taxable","16":"purchasable","17":"product-type-simple"},"_links":{"self":[{"href":"https:\/\/roveyayinevi.com.tr\/index.php\/wp-json\/wp\/v2\/product\/770196","targetHints":{"allow":["GET"]}}],"collection":[{"href":"https:\/\/roveyayinevi.com.tr\/index.php\/wp-json\/wp\/v2\/product"}],"about":[{"href":"https:\/\/roveyayinevi.com.tr\/index.php\/wp-json\/wp\/v2\/types\/product"}],"wp:attachment":[{"href":"https:\/\/roveyayinevi.com.tr\/index.php\/wp-json\/wp\/v2\/media?parent=770196"}],"wp:term":[{"taxonomy":"product_brand","embeddable":true,"href":"https:\/\/roveyayinevi.com.tr\/index.php\/wp-json\/wp\/v2\/product_brand?post=770196"},{"taxonomy":"product_cat","embeddable":true,"href":"https:\/\/roveyayinevi.com.tr\/index.php\/wp-json\/wp\/v2\/product_cat?post=770196"},{"taxonomy":"product_tag","embeddable":true,"href":"https:\/\/roveyayinevi.com.tr\/index.php\/wp-json\/wp\/v2\/product_tag?post=770196"}],"curies":[{"name":"wp","href":"https:\/\/api.w.org\/{rel}","templated":true}]}}