{"id":770195,"date":"2025-08-28T14:21:16","date_gmt":"2025-08-28T11:21:16","guid":{"rendered":"https:\/\/roveyayinevi.com.tr\/index.php\/urun\/kaydirmal-bulmaca-kitabim-ciftlik-hayvanlari\/"},"modified":"2026-04-15T03:36:34","modified_gmt":"2026-04-15T00:36:34","slug":"kaydirmal-bulmaca-kitabim-ciftlik-hayvanlari","status":"publish","type":"product","link":"https:\/\/roveyayinevi.com.tr\/index.php\/urun\/kaydirmal-bulmaca-kitabim-ciftlik-hayvanlari\/","title":{"rendered":"Kayd\u0131rmal Bulmaca Kitab\u0131m &#8211; \u00c7iftlik Hayvanlar\u0131"},"content":{"rendered":"<p>\u201cKayd\u0131rmal\u0131 Bulmaca Kitab\u0131m\u201d, minik okurlar i\u00e7in hem e\u011flenceli hem de \u00f6\u011fretici bir deneyim sunuyor!   Renkli ve sevimli \u00e7izimlerle dolu bu kitap, \u00e7ocuklar\u0131n merak duygusunu harekete ge\u00e7irirken kayd\u0131rmal\u0131 b\u00f6l\u00fcmleri sayesinde onlar\u0131 ke\u015ffetmeye te\u015fvik ediyor. Sayfalar aras\u0131nda gezinirken \u00e7ocuklar, el-g\u00f6z koordinasyonlar\u0131n\u0131 geli\u015ftirecek ve ince motor becerilerini g\u00fc\u00e7lendirecek.   K\u00fc\u00e7\u00fck boyutu sayesinde her yere kolayca ta\u015f\u0131nabilen \u201cKayd\u0131rmal\u0131 Bulmaca Kitab\u0131m\u201d, e\u011flenceli i\u00e7eri\u011fiyle \u00e7ocuklar\u0131n en yak\u0131n arkada\u015f\u0131 olacak. Hareketli b\u00f6l\u00fcmleri kayd\u0131rarak hayvanlar\u0131 \u00f6\u011frenirken yarat\u0131c\u0131l\u0131klar\u0131n\u0131 da geli\u015ftirecekler.   Her sayfa, \u00e7ocuklar\u0131 ke\u015ffetmeye ve \u00f6\u011frenmeye te\u015fvik eden s\u00fcrprizlerle dolu!<\/p>\n","protected":false},"excerpt":{"rendered":"<p>\u201cKayd\u0131rmal\u0131 Bulmaca Kitab\u0131m\u201d, minik okurlar i\u00e7in hem e\u011flenceli hem de \u00f6\u011fretici bir deneyim sunuyor! Renkli ve sevimli \u00e7izimlerle dolu bu kitap, \u00e7ocuklar\u0131n merak duygusunu harekete ge\u00e7irirken<span class=\"excerpt-hellip\"> [\u2026]<\/span><\/p>\n","protected":false},"featured_media":0,"template":"","meta":{"_monsterinsights_skip_tracking":false,"_monsterinsights_sitenote_active":false,"_monsterinsights_sitenote_note":"","_monsterinsights_sitenote_category":0},"product_brand":[],"product_cat":[15192,12274],"product_tag":[],"class_list":{"0":"post-770195","1":"product","2":"type-product","3":"status-publish","5":"product_cat-1-3-yas-kitaplari","6":"product_cat-cocuk-ve-genclik-kitaplari","7":"pa_cilt-ciltli","8":"pa_tur-kitap","9":"pa_yayinevi-masalperest","10":"pa_yazar-kolektif","12":"first","13":"instock","14":"sale","15":"shipping-taxable","16":"purchasable","17":"product-type-simple"},"_links":{"self":[{"href":"https:\/\/roveyayinevi.com.tr\/index.php\/wp-json\/wp\/v2\/product\/770195","targetHints":{"allow":["GET"]}}],"collection":[{"href":"https:\/\/roveyayinevi.com.tr\/index.php\/wp-json\/wp\/v2\/product"}],"about":[{"href":"https:\/\/roveyayinevi.com.tr\/index.php\/wp-json\/wp\/v2\/types\/product"}],"wp:attachment":[{"href":"https:\/\/roveyayinevi.com.tr\/index.php\/wp-json\/wp\/v2\/media?parent=770195"}],"wp:term":[{"taxonomy":"product_brand","embeddable":true,"href":"https:\/\/roveyayinevi.com.tr\/index.php\/wp-json\/wp\/v2\/product_brand?post=770195"},{"taxonomy":"product_cat","embeddable":true,"href":"https:\/\/roveyayinevi.com.tr\/index.php\/wp-json\/wp\/v2\/product_cat?post=770195"},{"taxonomy":"product_tag","embeddable":true,"href":"https:\/\/roveyayinevi.com.tr\/index.php\/wp-json\/wp\/v2\/product_tag?post=770195"}],"curies":[{"name":"wp","href":"https:\/\/api.w.org\/{rel}","templated":true}]}}