{"id":770194,"date":"2025-08-28T14:21:14","date_gmt":"2025-08-28T11:21:14","guid":{"rendered":"https:\/\/roveyayinevi.com.tr\/index.php\/urun\/duygularin-tesellisi\/"},"modified":"2026-04-15T03:36:34","modified_gmt":"2026-04-15T00:36:34","slug":"duygularin-tesellisi","status":"publish","type":"product","link":"https:\/\/roveyayinevi.com.tr\/index.php\/urun\/duygularin-tesellisi\/","title":{"rendered":"Duygular\u0131n Tesellisi"},"content":{"rendered":"<p>Duygular bulutlar gibidir. Getirdi\u011fi ya\u011fmurlardan pek \u00e7ok kez faydalansak da g\u00fcne\u015fi g\u00f6rmemizi engelledikleri de olur. Her duygu, ayr\u0131 bir \u00e2leme a\u00e7\u0131lan bir kap\u0131d\u0131r. Sevgiyle ba\u015fka bir \u00e2leme gireriz, korkuyla ba\u015fka, h\u0131rsla, inatla, hasetle daha ba\u015fka&#8230; Ya\u015fam\u0131 en \u00e7ok duygular \u00fczerinden seyrederiz. \u0130\u00e7imizden ge\u00e7en duygular, baz\u0131lar\u0131 ne kadar sars\u0131c\u0131 olursa olsun, \u00f6zel bir hikmete ba\u011fl\u0131 olarak vard\u0131r. \u0130nsandaki hi\u00e7bir duygu \u201cOlmasayd\u0131 daha iyi olurdu.\u201d \u015feklinde nitelendirilemez. Bunu, insan\u0131n bedeninde hi\u00e7bir organ\u0131n bo\u015funa verilmemi\u015f olmas\u0131na benzetebiliriz. Duygular\u0131n hepsi \u00e7e\u015fitli faydalara hizmet eder ve bize muhtelif hakikatlerden haber verir. <\/p>\n","protected":false},"excerpt":{"rendered":"<p>Duygular bulutlar gibidir. Getirdi\u011fi ya\u011fmurlardan pek \u00e7ok kez faydalansak da g\u00fcne\u015fi g\u00f6rmemizi engelledikleri de olur. Her duygu, ayr\u0131 bir \u00e2leme a\u00e7\u0131lan bir kap\u0131d\u0131r. Sevgiyle ba\u015fka bir<span class=\"excerpt-hellip\"> [\u2026]<\/span><\/p>\n","protected":false},"featured_media":0,"template":"","meta":{"_monsterinsights_skip_tracking":false,"_monsterinsights_sitenote_active":false,"_monsterinsights_sitenote_note":"","_monsterinsights_sitenote_category":0},"product_brand":[],"product_cat":[12718,12719,15238],"product_tag":[],"class_list":{"0":"post-770194","1":"product","2":"type-product","3":"status-publish","5":"product_cat-din","6":"product_cat-islam","7":"product_cat-tasavvuf","8":"pa_cilt-ciltsiz","9":"pa_tur-kitap","10":"pa_yayinevi-hayykitap","11":"pa_yazar-mecit-omur-ozturk","13":"first","14":"instock","15":"sale","16":"shipping-taxable","17":"purchasable","18":"product-type-simple"},"_links":{"self":[{"href":"https:\/\/roveyayinevi.com.tr\/index.php\/wp-json\/wp\/v2\/product\/770194","targetHints":{"allow":["GET"]}}],"collection":[{"href":"https:\/\/roveyayinevi.com.tr\/index.php\/wp-json\/wp\/v2\/product"}],"about":[{"href":"https:\/\/roveyayinevi.com.tr\/index.php\/wp-json\/wp\/v2\/types\/product"}],"wp:attachment":[{"href":"https:\/\/roveyayinevi.com.tr\/index.php\/wp-json\/wp\/v2\/media?parent=770194"}],"wp:term":[{"taxonomy":"product_brand","embeddable":true,"href":"https:\/\/roveyayinevi.com.tr\/index.php\/wp-json\/wp\/v2\/product_brand?post=770194"},{"taxonomy":"product_cat","embeddable":true,"href":"https:\/\/roveyayinevi.com.tr\/index.php\/wp-json\/wp\/v2\/product_cat?post=770194"},{"taxonomy":"product_tag","embeddable":true,"href":"https:\/\/roveyayinevi.com.tr\/index.php\/wp-json\/wp\/v2\/product_tag?post=770194"}],"curies":[{"name":"wp","href":"https:\/\/api.w.org\/{rel}","templated":true}]}}