{"id":770192,"date":"2025-08-28T14:21:11","date_gmt":"2025-08-28T11:21:11","guid":{"rendered":"https:\/\/roveyayinevi.com.tr\/index.php\/urun\/anadoluda-bir-universite-kuruluyor\/"},"modified":"2026-04-15T03:36:34","modified_gmt":"2026-04-15T00:36:34","slug":"anadoluda-bir-universite-kuruluyor","status":"publish","type":"product","link":"https:\/\/roveyayinevi.com.tr\/index.php\/urun\/anadoluda-bir-universite-kuruluyor\/","title":{"rendered":"Anadolu\u2019da Bir \u00dcniversite Kuruluyor"},"content":{"rendered":"<p>Bu kitap, Anadolu\u2019da bir \u00fcniversitenin kurulu\u015f s\u00fcrecini, s\u00fcre\u00e7 boyunca kar\u015f\u0131la\u015f\u0131lan zorluklar\u0131 ve azimle a\u015f\u0131lan engelleri anlat\u0131yor. B\u00fcy\u00fck \u015fehirlerde yo\u011funla\u015fan y\u00fcksek\u00f6\u011fretimin Anadolu\u2019ya yay\u0131lma m\u00fccadelesi, akademik yap\u0131lanman\u0131n getirdi\u011fi sorumluluklar ve kritik d\u00f6n\u00fcm noktalar\u0131, ger\u00e7ek an\u0131larla ele al\u0131n\u0131yor. \u00dcniversitelere internetin giri\u015fi ve bilgi i\u015flem altyap\u0131lar\u0131n\u0131n geli\u015fimi, akademik d\u00fcnyada ileti\u015fimi h\u0131zland\u0131rd\u0131. K\u00fct\u00fcphanelere entegre edilen veri tabanlar\u0131, ara\u015ft\u0131rmalara yeni bir boyut kazand\u0131rd\u0131. Bilim, teknoloji ve e\u011fitimin kesi\u015fiminde \u015fekillenen bu d\u00f6n\u00fc\u015f\u00fcm, s\u00fcrecin i\u00e7inde aktif rol alan bir \u00f6\u011fretim \u00fcyesinin g\u00f6z\u00fcnden aktar\u0131l\u0131yor.<\/p>\n","protected":false},"excerpt":{"rendered":"<p>Bu kitap, Anadolu\u2019da bir \u00fcniversitenin kurulu\u015f s\u00fcrecini, s\u00fcre\u00e7 boyunca kar\u015f\u0131la\u015f\u0131lan zorluklar\u0131 ve azimle a\u015f\u0131lan engelleri anlat\u0131yor. B\u00fcy\u00fck \u015fehirlerde yo\u011funla\u015fan y\u00fcksek\u00f6\u011fretimin Anadolu\u2019ya yay\u0131lma m\u00fccadelesi, akademik yap\u0131lanman\u0131n getirdi\u011fi<span class=\"excerpt-hellip\"> [\u2026]<\/span><\/p>\n","protected":false},"featured_media":0,"template":"","meta":{"_monsterinsights_skip_tracking":false,"_monsterinsights_sitenote_active":false,"_monsterinsights_sitenote_note":"","_monsterinsights_sitenote_category":0},"product_brand":[],"product_cat":[12573,12566],"product_tag":[],"class_list":{"0":"post-770192","1":"product","2":"type-product","3":"status-publish","5":"product_cat-akademik-kitaplar","6":"product_cat-egitim","7":"pa_cilt-ciltsiz","8":"pa_tur-kitap","9":"pa_yayinevi-mim-kitap","10":"pa_yazar-serpil-pehlivan","12":"first","13":"instock","14":"sale","15":"shipping-taxable","16":"purchasable","17":"product-type-simple"},"_links":{"self":[{"href":"https:\/\/roveyayinevi.com.tr\/index.php\/wp-json\/wp\/v2\/product\/770192","targetHints":{"allow":["GET"]}}],"collection":[{"href":"https:\/\/roveyayinevi.com.tr\/index.php\/wp-json\/wp\/v2\/product"}],"about":[{"href":"https:\/\/roveyayinevi.com.tr\/index.php\/wp-json\/wp\/v2\/types\/product"}],"wp:attachment":[{"href":"https:\/\/roveyayinevi.com.tr\/index.php\/wp-json\/wp\/v2\/media?parent=770192"}],"wp:term":[{"taxonomy":"product_brand","embeddable":true,"href":"https:\/\/roveyayinevi.com.tr\/index.php\/wp-json\/wp\/v2\/product_brand?post=770192"},{"taxonomy":"product_cat","embeddable":true,"href":"https:\/\/roveyayinevi.com.tr\/index.php\/wp-json\/wp\/v2\/product_cat?post=770192"},{"taxonomy":"product_tag","embeddable":true,"href":"https:\/\/roveyayinevi.com.tr\/index.php\/wp-json\/wp\/v2\/product_tag?post=770192"}],"curies":[{"name":"wp","href":"https:\/\/api.w.org\/{rel}","templated":true}]}}