{"id":770190,"date":"2025-08-28T14:21:08","date_gmt":"2025-08-28T11:21:08","guid":{"rendered":"https:\/\/roveyayinevi.com.tr\/index.php\/urun\/don-kisot-17\/"},"modified":"2026-04-15T03:36:34","modified_gmt":"2026-04-15T00:36:34","slug":"don-kisot-17","status":"publish","type":"product","link":"https:\/\/roveyayinevi.com.tr\/index.php\/urun\/don-kisot-17\/","title":{"rendered":"Don Ki\u015fot"},"content":{"rendered":"<p>Bir zamanlar, hayallerini ger\u00e7e\u011fe d\u00f6n\u00fc\u015ft\u00fcrmeye kararl\u0131 cesur bir adam vard\u0131: Don Ki\u015fot! Eski \u015f\u00f6valye hik\u00e2yeleriyle b\u00fcy\u00fcyen bu maceraperest, pasl\u0131 z\u0131rh\u0131n\u0131 ku\u015fan\u0131p sad\u0131k dostu Sancho Panza ile birlikte tehlikelerle dolu bir yolculu\u011fa \u00e7\u0131kt\u0131. Yolda dev sand\u0131\u011f\u0131 yel de\u011firmenleriyle sava\u015ft\u0131, haks\u0131zl\u0131klara kar\u015f\u0131 durdu ve ger\u00e7ek bir kahraman gibi d\u00fcnyay\u0131 kurtarmaya \u00e7al\u0131\u015ft\u0131! Ama acaba g\u00f6rd\u00fckleri ger\u00e7ek miydi, yoksa her \u015fey onun hayal g\u00fcc\u00fcn\u00fcn bir oyunu muydu? Miguel de Cervantes\u2019in e\u015fsiz eseri Don Ki\u015fot, hayallerin g\u00fcc\u00fcn\u00fc ve cesaretin \u00f6nemini anlatan b\u00fcy\u00fcleyici bir macera! Ger\u00e7ek ile hayalin i\u00e7 i\u00e7e ge\u00e7ti\u011fi bu yolculukta, Don Ki\u015fot\u2019un ser\u00fcvenlerine kat\u0131lmaya haz\u0131r m\u0131s\u0131n? Belki de en b\u00fcy\u00fck kahramanlar, hayal kurmaktan vazge\u00e7meyenlerdir! <\/p>\n","protected":false},"excerpt":{"rendered":"<p>Bir zamanlar, hayallerini ger\u00e7e\u011fe d\u00f6n\u00fc\u015ft\u00fcrmeye kararl\u0131 cesur bir adam vard\u0131: Don Ki\u015fot! Eski \u015f\u00f6valye hik\u00e2yeleriyle b\u00fcy\u00fcyen bu maceraperest, pasl\u0131 z\u0131rh\u0131n\u0131 ku\u015fan\u0131p sad\u0131k dostu Sancho Panza ile<span class=\"excerpt-hellip\"> [\u2026]<\/span><\/p>\n","protected":false},"featured_media":0,"template":"","meta":{"_monsterinsights_skip_tracking":false,"_monsterinsights_sitenote_active":false,"_monsterinsights_sitenote_note":"","_monsterinsights_sitenote_category":0},"product_brand":[],"product_cat":[12274],"product_tag":[],"class_list":{"0":"post-770190","1":"product","2":"type-product","3":"status-publish","5":"product_cat-cocuk-ve-genclik-kitaplari","6":"pa_cilt-ciltsiz","7":"pa_tur-kitap","8":"pa_yayinevi-pars-yayinlari","9":"pa_yazar-miguel-de-cervantes","11":"first","12":"instock","13":"sale","14":"shipping-taxable","15":"purchasable","16":"product-type-simple"},"_links":{"self":[{"href":"https:\/\/roveyayinevi.com.tr\/index.php\/wp-json\/wp\/v2\/product\/770190","targetHints":{"allow":["GET"]}}],"collection":[{"href":"https:\/\/roveyayinevi.com.tr\/index.php\/wp-json\/wp\/v2\/product"}],"about":[{"href":"https:\/\/roveyayinevi.com.tr\/index.php\/wp-json\/wp\/v2\/types\/product"}],"wp:attachment":[{"href":"https:\/\/roveyayinevi.com.tr\/index.php\/wp-json\/wp\/v2\/media?parent=770190"}],"wp:term":[{"taxonomy":"product_brand","embeddable":true,"href":"https:\/\/roveyayinevi.com.tr\/index.php\/wp-json\/wp\/v2\/product_brand?post=770190"},{"taxonomy":"product_cat","embeddable":true,"href":"https:\/\/roveyayinevi.com.tr\/index.php\/wp-json\/wp\/v2\/product_cat?post=770190"},{"taxonomy":"product_tag","embeddable":true,"href":"https:\/\/roveyayinevi.com.tr\/index.php\/wp-json\/wp\/v2\/product_tag?post=770190"}],"curies":[{"name":"wp","href":"https:\/\/api.w.org\/{rel}","templated":true}]}}