{"id":770187,"date":"2025-08-28T14:21:02","date_gmt":"2025-08-28T11:21:02","guid":{"rendered":"https:\/\/roveyayinevi.com.tr\/index.php\/urun\/kendi-yolunun-kasifi\/"},"modified":"2026-04-15T03:36:34","modified_gmt":"2026-04-15T00:36:34","slug":"kendi-yolunun-kasifi","status":"publish","type":"product","link":"https:\/\/roveyayinevi.com.tr\/index.php\/urun\/kendi-yolunun-kasifi\/","title":{"rendered":"Kendi Yolunun Ka\u015fifi"},"content":{"rendered":"<p>\u201cCesur ki\u015filer i\u00e7 d\u00fcnyalar\u0131n\u0131, d\u00fcnyan\u0131n geri kalan\u0131na yans\u0131tma konusunda heyecanl\u0131d\u0131r ve i\u00e7lerinde olup biteni ke\u015ffetmek i\u00e7in istek ve heyecan duyarlar. Kendine liderlik eden ki\u015fi, yolda kar\u015f\u0131la\u015fabilece\u011fi olumlu ve olumsuz hadiselerin fark\u0131nda olan ve fakat yine de bu yola girme cesaretini g\u00f6steren ki\u015fidir.\u201d   Sen yola \u00e7\u0131k, yol sana g\u00f6r\u00fcn\u00fcr. Mevlana   Ne \u00e7ok ihtimal vard\u0131r s\u00f6z konusu \u201cilerlemek\u201d ise, h\u00e2lbuki bildi\u011fi yerden ba\u015flamal\u0131 insan; en devaml\u0131 muhatab\u0131ndan, kendisinden mesela&#8230; Do\u00e7. Dr. Tu\u011fba Ayd\u0131n \u00d6zt\u00fcrk, haz\u0131rlad\u0131\u011f\u0131 bu k\u0131lavuzla okurlar\u0131na rehberlik ederken kalemi de as\u0131l sahibine veriyor: Kendi yolunuzu ke\u015ffetmeye haz\u0131r m\u0131s\u0131n\u0131z? <\/p>\n","protected":false},"excerpt":{"rendered":"<p>\u201cCesur ki\u015filer i\u00e7 d\u00fcnyalar\u0131n\u0131, d\u00fcnyan\u0131n geri kalan\u0131na yans\u0131tma konusunda heyecanl\u0131d\u0131r ve i\u00e7lerinde olup biteni ke\u015ffetmek i\u00e7in istek ve heyecan duyarlar. Kendine liderlik eden ki\u015fi, yolda kar\u015f\u0131la\u015fabilece\u011fi<span class=\"excerpt-hellip\"> [\u2026]<\/span><\/p>\n","protected":false},"featured_media":0,"template":"","meta":{"_monsterinsights_skip_tracking":false,"_monsterinsights_sitenote_active":false,"_monsterinsights_sitenote_note":"","_monsterinsights_sitenote_category":0},"product_brand":[],"product_cat":[13043,17647],"product_tag":[],"class_list":{"0":"post-770187","1":"product","2":"type-product","3":"status-publish","5":"product_cat-ekonomi","6":"product_cat-is-dunyasi","7":"pa_cilt-ciltsiz","8":"pa_tur-kitap","9":"pa_yayinevi-epsilon-yayinlari","10":"pa_yazar-tugba-aydin-ozturk","12":"first","13":"instock","14":"sale","15":"shipping-taxable","16":"purchasable","17":"product-type-simple"},"_links":{"self":[{"href":"https:\/\/roveyayinevi.com.tr\/index.php\/wp-json\/wp\/v2\/product\/770187","targetHints":{"allow":["GET"]}}],"collection":[{"href":"https:\/\/roveyayinevi.com.tr\/index.php\/wp-json\/wp\/v2\/product"}],"about":[{"href":"https:\/\/roveyayinevi.com.tr\/index.php\/wp-json\/wp\/v2\/types\/product"}],"wp:attachment":[{"href":"https:\/\/roveyayinevi.com.tr\/index.php\/wp-json\/wp\/v2\/media?parent=770187"}],"wp:term":[{"taxonomy":"product_brand","embeddable":true,"href":"https:\/\/roveyayinevi.com.tr\/index.php\/wp-json\/wp\/v2\/product_brand?post=770187"},{"taxonomy":"product_cat","embeddable":true,"href":"https:\/\/roveyayinevi.com.tr\/index.php\/wp-json\/wp\/v2\/product_cat?post=770187"},{"taxonomy":"product_tag","embeddable":true,"href":"https:\/\/roveyayinevi.com.tr\/index.php\/wp-json\/wp\/v2\/product_tag?post=770187"}],"curies":[{"name":"wp","href":"https:\/\/api.w.org\/{rel}","templated":true}]}}