{"id":770186,"date":"2025-08-28T14:21:00","date_gmt":"2025-08-28T11:21:00","guid":{"rendered":"https:\/\/roveyayinevi.com.tr\/index.php\/urun\/disney-esrarengiz-kasaba-tuhafliklar-kiyameti-ciltli\/"},"modified":"2026-04-15T03:36:34","modified_gmt":"2026-04-15T00:36:34","slug":"disney-esrarengiz-kasaba-tuhafliklar-kiyameti-ciltli","status":"publish","type":"product","link":"https:\/\/roveyayinevi.com.tr\/index.php\/urun\/disney-esrarengiz-kasaba-tuhafliklar-kiyameti-ciltli\/","title":{"rendered":"Disney Esrarengiz Kasaba &#8211; Tuhafl\u0131klar K\u0131yameti (Ciltli)"},"content":{"rendered":"<p>Varolu\u015f alt\u00fcst oldu ve Bill Cipher, Tuhafl\u0131klar K\u0131yameti\u2019ni ba\u015flatarak Esrarengiz Kasaba\u2019da t\u00fcm g\u00fcc\u00fc eline ge\u00e7irdi. Dipper, Mabel ve Esrarengiz Kasaba halk\u0131 bu tuhaf k\u0131yamete kar\u015f\u0131 gelebilecek mi? \u00c7ok sevilen Disney dizisi Esrarengiz Kasaba\u2019dan uyarlanan bu \u00e7izgi romanla karga\u015fay\u0131 kucaklayacak ve kasabay\u0131 kurtarmak i\u00e7in maceradan maceraya ko\u015facaks\u0131n!<\/p>\n","protected":false},"excerpt":{"rendered":"<p>Varolu\u015f alt\u00fcst oldu ve Bill Cipher, Tuhafl\u0131klar K\u0131yameti\u2019ni ba\u015flatarak Esrarengiz Kasaba\u2019da t\u00fcm g\u00fcc\u00fc eline ge\u00e7irdi. Dipper, Mabel ve Esrarengiz Kasaba halk\u0131 bu tuhaf k\u0131yamete kar\u015f\u0131 gelebilecek<span class=\"excerpt-hellip\"> [\u2026]<\/span><\/p>\n","protected":false},"featured_media":0,"template":"","meta":{"_monsterinsights_skip_tracking":false,"_monsterinsights_sitenote_active":false,"_monsterinsights_sitenote_note":"","_monsterinsights_sitenote_category":0},"product_brand":[],"product_cat":[12416,12291],"product_tag":[],"class_list":{"0":"post-770186","1":"product","2":"type-product","3":"status-publish","5":"product_cat-cizgi-roman","6":"product_cat-edebiyat","7":"pa_cilt-ciltli","8":"pa_tur-kitap","9":"pa_yayinevi-beta-kids","10":"pa_yazar-kolektif","12":"first","13":"instock","14":"sale","15":"shipping-taxable","16":"purchasable","17":"product-type-simple"},"_links":{"self":[{"href":"https:\/\/roveyayinevi.com.tr\/index.php\/wp-json\/wp\/v2\/product\/770186","targetHints":{"allow":["GET"]}}],"collection":[{"href":"https:\/\/roveyayinevi.com.tr\/index.php\/wp-json\/wp\/v2\/product"}],"about":[{"href":"https:\/\/roveyayinevi.com.tr\/index.php\/wp-json\/wp\/v2\/types\/product"}],"wp:attachment":[{"href":"https:\/\/roveyayinevi.com.tr\/index.php\/wp-json\/wp\/v2\/media?parent=770186"}],"wp:term":[{"taxonomy":"product_brand","embeddable":true,"href":"https:\/\/roveyayinevi.com.tr\/index.php\/wp-json\/wp\/v2\/product_brand?post=770186"},{"taxonomy":"product_cat","embeddable":true,"href":"https:\/\/roveyayinevi.com.tr\/index.php\/wp-json\/wp\/v2\/product_cat?post=770186"},{"taxonomy":"product_tag","embeddable":true,"href":"https:\/\/roveyayinevi.com.tr\/index.php\/wp-json\/wp\/v2\/product_tag?post=770186"}],"curies":[{"name":"wp","href":"https:\/\/api.w.org\/{rel}","templated":true}]}}