{"id":770184,"date":"2025-08-28T14:20:56","date_gmt":"2025-08-28T11:20:56","guid":{"rendered":"https:\/\/roveyayinevi.com.tr\/index.php\/urun\/sihirli-pencereler-hayvanlar-ciltli\/"},"modified":"2026-04-15T03:36:34","modified_gmt":"2026-04-15T00:36:34","slug":"sihirli-pencereler-hayvanlar-ciltli","status":"publish","type":"product","link":"https:\/\/roveyayinevi.com.tr\/index.php\/urun\/sihirli-pencereler-hayvanlar-ciltli\/","title":{"rendered":"Sihirli Pencereler- Hayvanlar (Ciltli)"},"content":{"rendered":"<p>\u201cSihirli Pencereler- Hayvanlar\u201d, \u00e7ocuklar\u0131 ke\u015ffetmeye te\u015fvik eden b\u00fcy\u00fcleyici bir kitap!   Her sayfada yer alan yarat\u0131c\u0131 k\u00e2\u011f\u0131t m\u00fchendisli\u011fi teknikleri sayesinde resimler hareket ediyor ve de\u011fi\u015fiyor. Sayfalar\u0131 \u00e7evirdik\u00e7e minik okurlar, e\u011flenceli s\u00fcrprizlerle kar\u015f\u0131la\u015farak hayvanlar\u0131 keyifle \u00f6\u011freniyor.   Canl\u0131 ve renkli g\u00f6rselleriyle dikkat \u00e7eken \u201cSihirli Pencereler- Hayvanlar\u201d, \u00e7ocuklar\u0131n el-g\u00f6z koordinasyonunu ve ince motor becerilerini geli\u015ftirmeye yard\u0131mc\u0131 olurken hayal g\u00fc\u00e7lerini de destekliyor. Ayr\u0131ca dayan\u0131kl\u0131 yap\u0131s\u0131yla minikler i\u00e7in m\u00fckemmel bir tercih! <\/p>\n","protected":false},"excerpt":{"rendered":"<p>\u201cSihirli Pencereler- Hayvanlar\u201d, \u00e7ocuklar\u0131 ke\u015ffetmeye te\u015fvik eden b\u00fcy\u00fcleyici bir kitap! Her sayfada yer alan yarat\u0131c\u0131 k\u00e2\u011f\u0131t m\u00fchendisli\u011fi teknikleri sayesinde resimler hareket ediyor ve de\u011fi\u015fiyor. Sayfalar\u0131 \u00e7evirdik\u00e7e<span class=\"excerpt-hellip\"> [\u2026]<\/span><\/p>\n","protected":false},"featured_media":0,"template":"","meta":{"_monsterinsights_skip_tracking":false,"_monsterinsights_sitenote_active":false,"_monsterinsights_sitenote_note":"","_monsterinsights_sitenote_category":0},"product_brand":[],"product_cat":[12274,15842],"product_tag":[],"class_list":{"0":"post-770184","1":"product","2":"type-product","3":"status-publish","5":"product_cat-cocuk-ve-genclik-kitaplari","6":"product_cat-egitici-kitaplar","7":"pa_cilt-ciltli","8":"pa_tur-kitap","9":"pa_yayinevi-masalperest","10":"pa_yazar-anonim","12":"first","13":"instock","14":"sale","15":"shipping-taxable","16":"purchasable","17":"product-type-simple"},"_links":{"self":[{"href":"https:\/\/roveyayinevi.com.tr\/index.php\/wp-json\/wp\/v2\/product\/770184","targetHints":{"allow":["GET"]}}],"collection":[{"href":"https:\/\/roveyayinevi.com.tr\/index.php\/wp-json\/wp\/v2\/product"}],"about":[{"href":"https:\/\/roveyayinevi.com.tr\/index.php\/wp-json\/wp\/v2\/types\/product"}],"wp:attachment":[{"href":"https:\/\/roveyayinevi.com.tr\/index.php\/wp-json\/wp\/v2\/media?parent=770184"}],"wp:term":[{"taxonomy":"product_brand","embeddable":true,"href":"https:\/\/roveyayinevi.com.tr\/index.php\/wp-json\/wp\/v2\/product_brand?post=770184"},{"taxonomy":"product_cat","embeddable":true,"href":"https:\/\/roveyayinevi.com.tr\/index.php\/wp-json\/wp\/v2\/product_cat?post=770184"},{"taxonomy":"product_tag","embeddable":true,"href":"https:\/\/roveyayinevi.com.tr\/index.php\/wp-json\/wp\/v2\/product_tag?post=770184"}],"curies":[{"name":"wp","href":"https:\/\/api.w.org\/{rel}","templated":true}]}}