{"id":770183,"date":"2025-08-28T14:20:55","date_gmt":"2025-08-28T11:20:55","guid":{"rendered":"https:\/\/roveyayinevi.com.tr\/index.php\/urun\/mimari-grafikler\/"},"modified":"2026-04-15T03:36:34","modified_gmt":"2026-04-15T00:36:34","slug":"mimari-grafikler","status":"publish","type":"product","link":"https:\/\/roveyayinevi.com.tr\/index.php\/urun\/mimari-grafikler\/","title":{"rendered":"Mimari Grafikler"},"content":{"rendered":"<p>M\u0130MAR\u0130 F\u0130K\u0130RLER\u0130N G\u00d6RSELLERE D\u00d6N\u00dc\u015eT\u00dcR\u00dcLMES\u0130NE \u0130L\u0130\u015eK\u0130N KLAS\u0130K G\u0130R\u0130\u015e K\u0130TABI   Mimari Grafikler, tasar\u0131mc\u0131lar\u0131n mimari fikirleri etkili g\u00f6rsel sunumlara d\u00f6n\u00fc\u015ft\u00fcrmek i\u00e7in kulland\u0131klar\u0131 temel \u00e7izim ara\u00e7lar\u0131n\u0131, ilkelerini ve tekniklerini sunmaktad\u0131r. Bu g\u00fcncellenmi\u015f bask\u0131, kitab\u0131n temel kavramlar\u0131n\u0131 geni\u015fleterek 100\u2019den fazla yeni etkile\u015fimli animasyonu i\u00e7eren bir e\u015f web sitesini de okurlara ula\u015ft\u0131r\u0131yor.   G\u00fcncellenmi\u015f bask\u0131 \u015funlar\u0131 i\u00e7eriyor:   \u2022 G\u00f6zlemden \u00e7izim, \u00e7izim konular\u0131 ve kompozisyon dahil olmak \u00fczere sahada \u00e7izim tekniklerini vurgulayan, b\u00fct\u00fcn\u00fcyle g\u00fcncellenmi\u015f Serbest \u00c7izim b\u00f6l\u00fcm\u00fc \u2022 \u00dc\u00e7 boyutlu modellerle ba\u011flant\u0131l\u0131 ortografik projeksiyon konusunda ek bilgiler \u2022 Modern mobilya ve \u00e7a\u011fda\u015f sunum yerle\u015fim d\u00fczeni \u00f6rnekleri \u2022 \u00c7izgi kal\u0131nl\u0131klar\u0131, boyutland\u0131rma ve perspektif \u00e7izimiyle ilgili g\u00f6zden ge\u00e7irilmi\u015f a\u00e7\u0131klamalar \u2022 Francis D.K. Ching\u2019in kendine has stilinde y\u00fczlerce \u00e7izim   Mimari Grafikler, \u00e7izim ara\u00e7lar\u0131na; \u00e7oklu g\u00f6r\u00fcn\u00fcm, paraline ve perspektif \u00e7izimlere; kesit g\u00f6r\u00fcn\u00fcmlerine; ton de\u011ferine; ba\u011flam olu\u015fturma ve \u00e7ok daha fazlas\u0131na y\u00f6nelik \u00f6nde gelen bir giri\u015f kitab\u0131 olmaya devam ediyor. Francis D.K. Ching, mimari kavramlar\u0131n karma\u015f\u0131kl\u0131\u011f\u0131n\u0131, profesyoneller, \u00f6\u011frenciler ve merakl\u0131lar i\u00e7in e\u015fit derecede faydal\u0131 olacak sezgisel bir grafik stiliyle a\u00e7\u0131k bir bi\u00e7imde sunuyor.   FRANCIS D.K. CHING, mimari tasar\u0131m \u00e7izimleri konusunda d\u00fcnya \u00e7ap\u0131nda \u00f6nde gelen otoritelerden birisidir. \u00c7oksatan eserleri pek \u00e7ok dile \u00e7evrilmi\u015ftir ve grafik sunumlar\u0131 nedeniyle alanlar\u0131nda klasik olarak kabul edilirler. Faal olarak mimarl\u0131k yapmaktad\u0131r ve ayn\u0131 zamanda Seattle\u2019daki Washington \u00dcniversitesi\u2019nde Emeritus Mimarl\u0131k Profes\u00f6r\u00fcd\u00fcr. <\/p>\n","protected":false},"excerpt":{"rendered":"<p>M\u0130MAR\u0130 F\u0130K\u0130RLER\u0130N G\u00d6RSELLERE D\u00d6N\u00dc\u015eT\u00dcR\u00dcLMES\u0130NE \u0130L\u0130\u015eK\u0130N KLAS\u0130K G\u0130R\u0130\u015e K\u0130TABI Mimari Grafikler, tasar\u0131mc\u0131lar\u0131n mimari fikirleri etkili g\u00f6rsel sunumlara d\u00f6n\u00fc\u015ft\u00fcrmek i\u00e7in kulland\u0131klar\u0131 temel \u00e7izim ara\u00e7lar\u0131n\u0131, ilkelerini ve tekniklerini sunmaktad\u0131r.<span class=\"excerpt-hellip\"> [\u2026]<\/span><\/p>\n","protected":false},"featured_media":0,"template":"","meta":{"_monsterinsights_skip_tracking":false,"_monsterinsights_sitenote_active":false,"_monsterinsights_sitenote_note":"","_monsterinsights_sitenote_category":0},"product_brand":[],"product_cat":[13512,12408],"product_tag":[],"class_list":{"0":"post-770183","1":"product","2":"type-product","3":"status-publish","5":"product_cat-mimarlik","6":"product_cat-sanat","7":"pa_cilt-ciltsiz","8":"pa_tur-kitap","9":"pa_yayinevi-alfa-yayinlari","10":"pa_yazar-francis-d-k-ching","12":"first","13":"instock","14":"sale","15":"shipping-taxable","16":"purchasable","17":"product-type-simple"},"_links":{"self":[{"href":"https:\/\/roveyayinevi.com.tr\/index.php\/wp-json\/wp\/v2\/product\/770183","targetHints":{"allow":["GET"]}}],"collection":[{"href":"https:\/\/roveyayinevi.com.tr\/index.php\/wp-json\/wp\/v2\/product"}],"about":[{"href":"https:\/\/roveyayinevi.com.tr\/index.php\/wp-json\/wp\/v2\/types\/product"}],"wp:attachment":[{"href":"https:\/\/roveyayinevi.com.tr\/index.php\/wp-json\/wp\/v2\/media?parent=770183"}],"wp:term":[{"taxonomy":"product_brand","embeddable":true,"href":"https:\/\/roveyayinevi.com.tr\/index.php\/wp-json\/wp\/v2\/product_brand?post=770183"},{"taxonomy":"product_cat","embeddable":true,"href":"https:\/\/roveyayinevi.com.tr\/index.php\/wp-json\/wp\/v2\/product_cat?post=770183"},{"taxonomy":"product_tag","embeddable":true,"href":"https:\/\/roveyayinevi.com.tr\/index.php\/wp-json\/wp\/v2\/product_tag?post=770183"}],"curies":[{"name":"wp","href":"https:\/\/api.w.org\/{rel}","templated":true}]}}