{"id":770181,"date":"2025-08-28T14:20:50","date_gmt":"2025-08-28T11:20:50","guid":{"rendered":"https:\/\/roveyayinevi.com.tr\/index.php\/urun\/yalana-kulak-ver\/"},"modified":"2026-04-15T03:36:34","modified_gmt":"2026-04-15T00:36:34","slug":"yalana-kulak-ver","status":"publish","type":"product","link":"https:\/\/roveyayinevi.com.tr\/index.php\/urun\/yalana-kulak-ver\/","title":{"rendered":"Yalana Kulak Ver"},"content":{"rendered":"<p>Ya en yak\u0131n arkada\u015f\u0131n\u0131z\u0131 \u00f6ld\u00fcrd\u00fc\u011f\u00fcn\u00fcz\u00fc d\u00fc\u015f\u00fcn\u00fcyorsan\u0131z? \u00dcstelik di\u011fer herkes de \u00f6yle d\u00fc\u015f\u00fcn\u00fcyorsa? Ya ger\u00e7e\u011fin bir \u00f6nemi yoksa?   Lucy en yak\u0131n arkada\u015f\u0131 Savvy\u2019nin kan\u0131na bulanm\u0131\u015f h\u00e2lde yolda y\u00fcr\u00fcrken bulundu\u011funda herkes onun katil oldu\u011funu d\u00fc\u015f\u00fcn\u00fcr. Lucy ve Savvy, k\u00fc\u00e7\u00fck kasabalar\u0131n\u0131n alt\u0131n k\u0131zlar\u0131d\u0131r: g\u00fczel, zeki ve k\u0131skan\u0131las\u0131. Lucy ona kocaman bir y\u00fcz\u00fck ve koskocaman bir ev veren r\u00fcya gibi bir adamla evlenmi\u015ftir. Savvy herkes\u00e7e sevilen bir sevgi kelebe\u011fidir ve dedikodulara inanacak olursan\u0131z bilhassa kasaban\u0131n erkekleri aras\u0131nda \u00e7ok pop\u00fclerdir. O korkun\u00e7 geceden bu yana y\u0131llar ge\u00e7mi\u015ftir. O geceye dair hi\u00e7bir \u015fey hat\u0131rlamayan Lucy, Los Angeles\u2019a ta\u015f\u0131nm\u0131\u015f ve orada kendine yeni bir hayat kurmu\u015ftur. Fakat \u015fimdi ola\u011fan\u00fcst\u00fc bi\u00e7imde pop\u00fcler olan \u201cYalana Kulak Ver\u201d adl\u0131 ger\u00e7ek su\u00e7 podcasti ve podcastin fazlas\u0131yla yak\u0131\u015f\u0131kl\u0131 yay\u0131mc\u0131s\u0131 Ben Owens program\u0131n ikinci sezonu i\u00e7in Savvy\u2019nin cinayetini ara\u015ft\u0131rmaya karar verir. B\u00f6ylece Lucy bir daha ayak basmayaca\u011f\u0131na yemin etti\u011fi yere arkada\u015f\u0131n\u0131n cinayetini \u00e7\u00f6zmek \u00fczere geri d\u00f6ner, cinayeti i\u015fleyen kendisi olsa bile. \u015eayet kulak verirsek ger\u00e7ek ortadad\u0131r.   New York Times \u00e7oksatan\u0131 Good Morning America Kitap Kulub\u00fc\u2019n\u00fcn se\u00e7imi   \u201c\u0130lk c\u00fcmlesinden son sayfas\u0131na kadar merak uyand\u0131ran bir roman. Sadece harika bir polisiye de\u011fil, ayn\u0131 zamanda ustaca i\u015flenmi\u015f beklenmedik olaylarla dolu. Okurlar bu kitab\u0131 bir solukta bitirecekler.\u201d \u2013Stephen King   &#8220;Tek oturu\u015fta okudum! Hem e\u011flenceli hem de s\u00fcr\u00fckleyici bir hik\u00e2ye, finali ise akl\u0131m\u0131 ba\u015f\u0131mdan ald\u0131!&#8221; \u2014 #1 New York Times \u00e7oksatan yazar\u0131 Freida McFadden   \u201cKara mizah ve ondan da kara gerilimi kusursuzca harmanlayan riskli ancak son derece ba\u015far\u0131l\u0131 bir i\u015f.\u201d \u2013#1 New York Times \u00e7oksatan yazar\u0131 Alex Michaelides   \u201cKahkaha att\u0131racak kadar komik, heyecan dolu ve ters k\u00f6\u015feli\u2026\u201d \u2013#1 New York Times \u00e7oksatan yazar\u0131 Liane Moriarty <\/p>\n","protected":false},"excerpt":{"rendered":"<p>Ya en yak\u0131n arkada\u015f\u0131n\u0131z\u0131 \u00f6ld\u00fcrd\u00fc\u011f\u00fcn\u00fcz\u00fc d\u00fc\u015f\u00fcn\u00fcyorsan\u0131z? \u00dcstelik di\u011fer herkes de \u00f6yle d\u00fc\u015f\u00fcn\u00fcyorsa? Ya ger\u00e7e\u011fin bir \u00f6nemi yoksa? Lucy en yak\u0131n arkada\u015f\u0131 Savvy\u2019nin kan\u0131na bulanm\u0131\u015f h\u00e2lde yolda<span class=\"excerpt-hellip\"> [\u2026]<\/span><\/p>\n","protected":false},"featured_media":0,"template":"","meta":{"_monsterinsights_skip_tracking":false,"_monsterinsights_sitenote_active":false,"_monsterinsights_sitenote_note":"","_monsterinsights_sitenote_category":0},"product_brand":[],"product_cat":[12291,17033],"product_tag":[],"class_list":{"0":"post-770181","1":"product","2":"type-product","3":"status-publish","5":"product_cat-edebiyat","6":"product_cat-korku-gerilim","7":"pa_cilt-ciltsiz","8":"pa_tur-kitap","9":"pa_yayinevi-beta-byou","10":"pa_yazar-amy-tintera","12":"first","13":"instock","14":"sale","15":"shipping-taxable","16":"purchasable","17":"product-type-simple"},"_links":{"self":[{"href":"https:\/\/roveyayinevi.com.tr\/index.php\/wp-json\/wp\/v2\/product\/770181","targetHints":{"allow":["GET"]}}],"collection":[{"href":"https:\/\/roveyayinevi.com.tr\/index.php\/wp-json\/wp\/v2\/product"}],"about":[{"href":"https:\/\/roveyayinevi.com.tr\/index.php\/wp-json\/wp\/v2\/types\/product"}],"wp:attachment":[{"href":"https:\/\/roveyayinevi.com.tr\/index.php\/wp-json\/wp\/v2\/media?parent=770181"}],"wp:term":[{"taxonomy":"product_brand","embeddable":true,"href":"https:\/\/roveyayinevi.com.tr\/index.php\/wp-json\/wp\/v2\/product_brand?post=770181"},{"taxonomy":"product_cat","embeddable":true,"href":"https:\/\/roveyayinevi.com.tr\/index.php\/wp-json\/wp\/v2\/product_cat?post=770181"},{"taxonomy":"product_tag","embeddable":true,"href":"https:\/\/roveyayinevi.com.tr\/index.php\/wp-json\/wp\/v2\/product_tag?post=770181"}],"curies":[{"name":"wp","href":"https:\/\/api.w.org\/{rel}","templated":true}]}}