{"id":770180,"date":"2025-08-28T14:20:48","date_gmt":"2025-08-28T11:20:48","guid":{"rendered":"https:\/\/roveyayinevi.com.tr\/index.php\/urun\/iliski-testi\/"},"modified":"2026-04-15T03:36:34","modified_gmt":"2026-04-15T00:36:34","slug":"iliski-testi","status":"publish","type":"product","link":"https:\/\/roveyayinevi.com.tr\/index.php\/urun\/iliski-testi\/","title":{"rendered":"\u0130li\u015fki Testi"},"content":{"rendered":"<p>Goodreads Y\u0131l\u0131n En \u0130yi A\u015fk Roman\u0131 Aday\u0131   New York Times \u00e7oksatan yazar\u0131 Helen Hoang, A\u015fk\u0131n Form\u00fcl\u00fc ve Evlilik Provas\u0131\u2019n\u0131n ard\u0131ndan bu kez de \u0130li\u015fki Testi\u2019yle okurlar\u0131yla bulu\u015fuyor!   Keman virt\u00fc\u00f6z\u00fc Anna, bir yandan kariyer bask\u0131s\u0131yla m\u00fccadele ederken bir yandan da fark\u0131nda olmadan kendini ke\u015ffetme yolculu\u011funa \u00e7\u0131kar. \u0130nternette yay\u0131nlanan bir video sayesinde beklemedi\u011fi bir ba\u015far\u0131ya sahip olmas\u0131yla kendini belli etmeye ba\u015flayan t\u00fckenmi\u015flik sendromu, uzun s\u00fcredir birlikte oldu\u011fu erkek arkada\u015f\u0131 Julian\u2019\u0131n a\u00e7\u0131k ili\u015fki istedi\u011fini a\u00e7\u0131klamas\u0131yla \u201cBen buraday\u0131m!\u201d diye ba\u011f\u0131rarak Anna\u2019n\u0131n kendini daha fazla sorgulamas\u0131na neden olur.   Julian\u2019\u0131n bu iste\u011fi kar\u015f\u0131s\u0131nda kendisini ba\u015fkalar\u0131yla olmak i\u00e7in ikna etmeye \u00e7al\u0131\u015fan Anna, tek gecelik bir deneyim hayal ederken, kendisini hi\u00e7 beklemedi\u011fi bir ili\u015fkinin ortas\u0131nda bulur. Quan Diep, Anna\u2019y\u0131 oldu\u011fu gibi kabul eden ilk ki\u015fidir!   Peki ama a\u015fklar\u0131 i\u00e7in bir aile trajedisiyle sava\u015fmak zorunda kald\u0131klar\u0131nda a\u015fk yeterli olacak m\u0131? Anna, Quan i\u00e7in ailesini kar\u015f\u0131s\u0131na alabilecek kadar g\u00fc\u00e7l\u00fc m\u00fc?   Helen Hoang, trajedi ve a\u015fk\u0131n s\u0131n\u0131rlar\u0131nda gezindi\u011fi \u0130li\u015fki Testi\u2019yle okuru kendini ke\u015ffetme yolculu\u011funa \u00e7\u0131kar\u0131yor. A\u015fk\u0131n her \u015feyi yenebilece\u011fine olan inanc\u0131n\u0131z\u0131 tazelemeye haz\u0131r m\u0131s\u0131n\u0131z? <\/p>\n","protected":false},"excerpt":{"rendered":"<p>Goodreads Y\u0131l\u0131n En \u0130yi A\u015fk Roman\u0131 Aday\u0131 New York Times \u00e7oksatan yazar\u0131 Helen Hoang, A\u015fk\u0131n Form\u00fcl\u00fc ve Evlilik Provas\u0131\u2019n\u0131n ard\u0131ndan bu kez de \u0130li\u015fki Testi\u2019yle okurlar\u0131yla<span class=\"excerpt-hellip\"> [\u2026]<\/span><\/p>\n","protected":false},"featured_media":0,"template":"","meta":{"_monsterinsights_skip_tracking":false,"_monsterinsights_sitenote_active":false,"_monsterinsights_sitenote_note":"","_monsterinsights_sitenote_category":0},"product_brand":[],"product_cat":[12291,12711],"product_tag":[],"class_list":{"0":"post-770180","1":"product","2":"type-product","3":"status-publish","5":"product_cat-edebiyat","6":"product_cat-roman-oyku","7":"pa_cilt-ciltsiz","8":"pa_tur-kitap","9":"pa_yayinevi-epsilon-yayinlari","10":"pa_yazar-helen-hoang","12":"first","13":"instock","14":"sale","15":"shipping-taxable","16":"purchasable","17":"product-type-simple"},"_links":{"self":[{"href":"https:\/\/roveyayinevi.com.tr\/index.php\/wp-json\/wp\/v2\/product\/770180","targetHints":{"allow":["GET"]}}],"collection":[{"href":"https:\/\/roveyayinevi.com.tr\/index.php\/wp-json\/wp\/v2\/product"}],"about":[{"href":"https:\/\/roveyayinevi.com.tr\/index.php\/wp-json\/wp\/v2\/types\/product"}],"wp:attachment":[{"href":"https:\/\/roveyayinevi.com.tr\/index.php\/wp-json\/wp\/v2\/media?parent=770180"}],"wp:term":[{"taxonomy":"product_brand","embeddable":true,"href":"https:\/\/roveyayinevi.com.tr\/index.php\/wp-json\/wp\/v2\/product_brand?post=770180"},{"taxonomy":"product_cat","embeddable":true,"href":"https:\/\/roveyayinevi.com.tr\/index.php\/wp-json\/wp\/v2\/product_cat?post=770180"},{"taxonomy":"product_tag","embeddable":true,"href":"https:\/\/roveyayinevi.com.tr\/index.php\/wp-json\/wp\/v2\/product_tag?post=770180"}],"curies":[{"name":"wp","href":"https:\/\/api.w.org\/{rel}","templated":true}]}}