{"id":770179,"date":"2025-08-28T14:20:46","date_gmt":"2025-08-28T11:20:46","guid":{"rendered":"https:\/\/roveyayinevi.com.tr\/index.php\/urun\/karanlik-dusler-evi\/"},"modified":"2026-04-15T03:36:34","modified_gmt":"2026-04-15T00:36:34","slug":"karanlik-dusler-evi","status":"publish","type":"product","link":"https:\/\/roveyayinevi.com.tr\/index.php\/urun\/karanlik-dusler-evi\/","title":{"rendered":"Karanl\u0131k D\u00fc\u015fler Evi"},"content":{"rendered":"<p>Goodreads Y\u0131l\u0131n En \u0130yi Korku Roman\u0131 Aday\u0131     Turner ailesinin etraf\u0131 canavarlarla \u00e7evrili; hem mecazi hem de ger\u00e7ek anlamda. Ailenin en k\u00fc\u00e7\u00fc\u011f\u00fc Noah Turner ise ne yaz\u0131k ki bu canavarlar\u0131 g\u00f6rebiliyor&#8230;   1960\u2019lar\u0131n sonunda, Margaret, Lovecraft hayran\u0131 Harry ile evlenir. Bu evlilikten iki k\u0131zlar\u0131 ve bir o\u011fullar\u0131 olur: do\u011fu\u015ftan yetenekli bir hik\u00e2ye anlat\u0131c\u0131s\u0131 olan Sydney, zeki ama hayal d\u00fcnyas\u0131nda kaybolmaya meyilli Eunice ve&#8230; Noah.   Ancak Turner ailesinin mutlulu\u011fu k\u0131sa s\u00fcrer. Maddi s\u0131k\u0131nt\u0131lar b\u00fcy\u00fcrken, Margaret ve Eunice karanl\u0131k k\u00e2buslarla bo\u011fu\u015fmaya ba\u015flar, Harry ise t\u00fcm benli\u011fini \u201cGezgin Karanl\u0131k\u201d ad\u0131n\u0131 verdi\u011fi, \u00fcrk\u00fct\u00fcc\u00fc bir korku evine adar.   Aile, en k\u00fc\u00e7\u00fckleri Noah\u2019y\u0131 bu hayali deh\u015fetlerden korumaya \u00e7al\u0131\u015fsa da bilmedikleri bir \u015fey vard\u0131r: Noah, parlayan turuncu g\u00f6zlere sahip, t\u00fcyleri \u00fcrpertici bir yarat\u0131k taraf\u0131ndan zaten ziyaret ediliyordur; t\u0131pk\u0131 annesi ve ablas\u0131n\u0131n g\u00f6rd\u00fc\u011f\u00fc o deh\u015fet verici varl\u0131k gibi. Ancak Noah onlar\u0131n aksine korkuya teslim olmaz ve kap\u0131y\u0131 aralayarak canavar\u0131 i\u00e7eri davet eder&#8230;   Sona yakla\u015f\u0131rken Noah bu karanl\u0131ktan kurtulman\u0131n tek bir yolu oldu\u011funu anlar. Er ya da ge\u00e7 nihai fedak\u00e2rl\u0131\u011f\u0131 yapmas\u0131 gerekecektir.   \u201cJohn Irving bir korku roman\u0131 yazsayd\u0131, b\u00f6yle bir \u015fey olurdu. Bay\u0131ld\u0131m.\u201d \u2014Stephen King <\/p>\n","protected":false},"excerpt":{"rendered":"<p>Goodreads Y\u0131l\u0131n En \u0130yi Korku Roman\u0131 Aday\u0131 Turner ailesinin etraf\u0131 canavarlarla \u00e7evrili; hem mecazi hem de ger\u00e7ek anlamda. Ailenin en k\u00fc\u00e7\u00fc\u011f\u00fc Noah Turner ise ne yaz\u0131k<span class=\"excerpt-hellip\"> [\u2026]<\/span><\/p>\n","protected":false},"featured_media":0,"template":"","meta":{"_monsterinsights_skip_tracking":false,"_monsterinsights_sitenote_active":false,"_monsterinsights_sitenote_note":"","_monsterinsights_sitenote_category":0},"product_brand":[],"product_cat":[12291,17033],"product_tag":[],"class_list":{"0":"post-770179","1":"product","2":"type-product","3":"status-publish","5":"product_cat-edebiyat","6":"product_cat-korku-gerilim","7":"pa_cilt-ciltsiz","8":"pa_tur-kitap","9":"pa_yayinevi-epsilon-yayinlari","10":"pa_yazar-shaun-hamill","12":"first","13":"instock","14":"sale","15":"shipping-taxable","16":"purchasable","17":"product-type-simple"},"_links":{"self":[{"href":"https:\/\/roveyayinevi.com.tr\/index.php\/wp-json\/wp\/v2\/product\/770179","targetHints":{"allow":["GET"]}}],"collection":[{"href":"https:\/\/roveyayinevi.com.tr\/index.php\/wp-json\/wp\/v2\/product"}],"about":[{"href":"https:\/\/roveyayinevi.com.tr\/index.php\/wp-json\/wp\/v2\/types\/product"}],"wp:attachment":[{"href":"https:\/\/roveyayinevi.com.tr\/index.php\/wp-json\/wp\/v2\/media?parent=770179"}],"wp:term":[{"taxonomy":"product_brand","embeddable":true,"href":"https:\/\/roveyayinevi.com.tr\/index.php\/wp-json\/wp\/v2\/product_brand?post=770179"},{"taxonomy":"product_cat","embeddable":true,"href":"https:\/\/roveyayinevi.com.tr\/index.php\/wp-json\/wp\/v2\/product_cat?post=770179"},{"taxonomy":"product_tag","embeddable":true,"href":"https:\/\/roveyayinevi.com.tr\/index.php\/wp-json\/wp\/v2\/product_tag?post=770179"}],"curies":[{"name":"wp","href":"https:\/\/api.w.org\/{rel}","templated":true}]}}