{"id":770178,"date":"2025-08-28T14:20:43","date_gmt":"2025-08-28T11:20:43","guid":{"rendered":"https:\/\/roveyayinevi.com.tr\/index.php\/urun\/konusmalar-3\/"},"modified":"2026-04-15T03:36:34","modified_gmt":"2026-04-15T00:36:34","slug":"konusmalar-3","status":"publish","type":"product","link":"https:\/\/roveyayinevi.com.tr\/index.php\/urun\/konusmalar-3\/","title":{"rendered":"Konu\u015fmalar"},"content":{"rendered":"<p>\u00c7in klasiklerine getirdi\u011fi \u00f6zg\u00fcn yorumlar\u0131yla tan\u0131nan C. C. Tsai, antik felsefenin en etkileyici eserlerinden biri olan Konu\u015fmalar\u2019\u0131n \u00e7izgi roman uyarlamas\u0131yla kar\u015f\u0131n\u0131zda.     Zamans\u0131z bir klasi\u011fe harika bir giri\u015f niteli\u011fi ta\u015f\u0131yan bu kitap, Konf\u00fc\u00e7y\u00fcs ve \u00f6\u011frencilerini daha \u00f6nce hi\u00e7 olmad\u0131\u011f\u0131 kadar canl\u0131 ve i\u00e7ten bir \u015fekilde tasvir ediyor. Y\u00fcksek k\u00fclt\u00fcr, s\u0131n\u0131f atlama f\u0131rsatlar\u0131 ve ac\u0131mas\u0131z sava\u015flar\u0131n egemen oldu\u011fu bir toplumda takip edilmeye de\u011fer bir lider olman\u0131n ne anlama geldi\u011fini tart\u0131\u015fan Konf\u00fc\u00e7y\u00fcs\u2019\u00fcn derinlikli \u00f6\u011fretilerine tan\u0131kl\u0131k edin.     Hangi erdemler geli\u015ftirilmeli? Uyumlu bir toplumun temelleri nelerdir? Hayatta ger\u00e7ekten \u00f6nemli olan \u015feyler nelerdir? Dini inan\u00e7lardan ziyade gelene\u011fin g\u00fcc\u00fcne vurgu yapan Konf\u00fc\u00e7y\u00fcs, bir toplumun duyarl\u0131, sayg\u0131l\u0131 ve ahlakl\u0131 bireyler yaratma potansiyelini g\u00f6zler \u00f6n\u00fcne serer. Onun \u00f6\u011fretileri modern d\u00fcnyan\u0131n kayg\u0131lar\u0131na da \u0131\u015f\u0131k tutar. Konu\u015fmalar, yaln\u0131zca Konf\u00fc\u00e7y\u00fcs\u2019\u00fcn zamans\u0131z bilgeli\u011fini de\u011fil, ayn\u0131 zamanda \u00e7a\u011fda\u015f hayat\u0131m\u0131za dair yeni perspektifler sunarak okuru derin bir d\u00fc\u015f\u00fcnce yolculu\u011funa davet ediyor.       \u201cC.C. Tsai\u2019nin kitaplar\u0131 tamamen b\u00fcy\u00fcleyici. Zarif \u00e7izgiler; keskin \u00e7izgilerle resmedilmi\u015f karakterler; ince ve yerli yerinde bir mizah; derinlikli bir konu. Karikat\u00fcr sanat\u0131n\u0131n zirvesi.\u201d   LARRY GONICK, EVREN\u0130N \u00c7\u0130ZG\u0130 TAR\u0130H\u0130 ADLI ESER\u0130N YAZARI <\/p>\n","protected":false},"excerpt":{"rendered":"<p>\u00c7in klasiklerine getirdi\u011fi \u00f6zg\u00fcn yorumlar\u0131yla tan\u0131nan C. C. Tsai, antik felsefenin en etkileyici eserlerinden biri olan Konu\u015fmalar\u2019\u0131n \u00e7izgi roman uyarlamas\u0131yla kar\u015f\u0131n\u0131zda. Zamans\u0131z bir klasi\u011fe harika bir<span class=\"excerpt-hellip\"> [\u2026]<\/span><\/p>\n","protected":false},"featured_media":0,"template":"","meta":{"_monsterinsights_skip_tracking":false,"_monsterinsights_sitenote_active":false,"_monsterinsights_sitenote_note":"","_monsterinsights_sitenote_category":0},"product_brand":[],"product_cat":[12416,12291],"product_tag":[],"class_list":{"0":"post-770178","1":"product","2":"type-product","3":"status-publish","5":"product_cat-cizgi-roman","6":"product_cat-edebiyat","7":"pa_cilt-ciltsiz","8":"pa_tur-kitap","9":"pa_yayinevi-epsilon-yayinlari","10":"pa_yazar-konfucyus","12":"first","13":"instock","14":"sale","15":"shipping-taxable","16":"purchasable","17":"product-type-simple"},"_links":{"self":[{"href":"https:\/\/roveyayinevi.com.tr\/index.php\/wp-json\/wp\/v2\/product\/770178","targetHints":{"allow":["GET"]}}],"collection":[{"href":"https:\/\/roveyayinevi.com.tr\/index.php\/wp-json\/wp\/v2\/product"}],"about":[{"href":"https:\/\/roveyayinevi.com.tr\/index.php\/wp-json\/wp\/v2\/types\/product"}],"wp:attachment":[{"href":"https:\/\/roveyayinevi.com.tr\/index.php\/wp-json\/wp\/v2\/media?parent=770178"}],"wp:term":[{"taxonomy":"product_brand","embeddable":true,"href":"https:\/\/roveyayinevi.com.tr\/index.php\/wp-json\/wp\/v2\/product_brand?post=770178"},{"taxonomy":"product_cat","embeddable":true,"href":"https:\/\/roveyayinevi.com.tr\/index.php\/wp-json\/wp\/v2\/product_cat?post=770178"},{"taxonomy":"product_tag","embeddable":true,"href":"https:\/\/roveyayinevi.com.tr\/index.php\/wp-json\/wp\/v2\/product_tag?post=770178"}],"curies":[{"name":"wp","href":"https:\/\/api.w.org\/{rel}","templated":true}]}}